{"id":3206,"date":"2022-10-17T07:28:53","date_gmt":"2022-10-17T07:28:53","guid":{"rendered":"https:\/\/yixinfoods.website\/?post_type=product&#038;p=3206"},"modified":"2025-08-07T02:48:39","modified_gmt":"2025-08-07T02:48:39","slug":"bong-keo-mem","status":"publish","type":"product","link":"https:\/\/yixinfoods.website\/ar\/product\/bong-keo-mem\/","title":{"rendered":"B\u00f3ng k\u1eb9o m\u1ec1m"},"content":{"rendered":"<p>B\u00e1n bu\u00f4n b\u00f3ng m\u1eaft th\u1ea1ch gummy m\u1eaft k\u1eb9o jolly halloween m\u1eaft boll k\u1eb9o, b\u00e1n n\u00f3ng halloween gummy k\u1eb9o m\u1eaft b\u00f3ng m\u1ec1m k\u1eb9o m\u1ec1m\u3002<a href=\"https:\/\/yixinfoods.website\/ar\/vi\/tiep-xuc\/\">li\u00ean h\u1ec7 ch\u00fang t\u00f4i<\/a><\/p>\n<div style=\"width: 640px;\" class=\"wp-video\"><!--[if lt IE 9]><script>document.createElement('video');<\/script><![endif]-->\n<video class=\"wp-video-shortcode\" id=\"video-3206-1\" width=\"640\" height=\"360\" preload=\"metadata\" controls=\"controls\"><source type=\"video\/mp4\" src=\"http:\/\/cloud.video.taobao.com\/play\/u\/2153292369\/p\/1\/e\/6\/t\/10300\/372082511769.mp4?_=1\" \/><a href=\"http:\/\/cloud.video.taobao.com\/play\/u\/2153292369\/p\/1\/e\/6\/t\/10300\/372082511769.mp4\">http:\/\/cloud.video.taobao.com\/play\/u\/2153292369\/p\/1\/e\/6\/t\/10300\/372082511769.mp4<\/a><\/video><\/div>\n<p><!--more--><\/p>\n<p>T\u00ean<br \/>\nTh\u00f4ng tin s\u1ea3n ph\u1ea9m<br \/>\nT\u00ean s\u1ea3n ph\u1ea9m:<br \/>\nBall Gummy<br \/>\nNh\u00e3n hi\u1ec7u:<br \/>\nTh\u01b0\u01a1ng hi\u1ec7u t\u00f9y ch\u1ec9nh ho\u1eb7c \u0111\u1ea1i l\u00fd<br \/>\nT\u00ednh n\u0103ng:<br \/>\nphim ho\u1ea1t h\u00ecnh d\u1ec5 th\u01b0\u01a1ng v\u00e0 ng\u1ecdt ng\u00e0o<br \/>\nTh\u00e0nh ph\u1ea7n:<br \/>\nC\u00f4ng th\u1ee9c th\u1ef1c t\u1ebf c\u1ee7a s\u1ea3n ph\u1ea9m t\u00f9y ch\u1ec9nh s\u1ebd chi\u1ebfm \u01b0u th\u1ebf<br \/>\n\u0110\u00f3ng g\u00f3i \uff1a<br \/>\nBao b\u00ec nh\u1ef1a ho\u1eb7c h\u1ed9p c\u00f3 th\u1ec3 \u0111\u01b0\u1ee3c t\u00f9y ch\u1ec9nh<br \/>\nH\u1ea1n s\u1eed d\u1ee5ng:<br \/>\n12 th\u00e1ng<br \/>\nCerificate \uff1a<br \/>\nISO22000, ISO9001, HACCP, Halal, SEMTA, Sedex \uff0c BRC, WCA<br \/>\n\u0110i\u1ec1u kho\u1ea3n thanh to\u00e1n \uff1a<br \/>\n30% ti\u1ec1n g\u1eedi tr\u01b0\u1edbc khi s\u1ea3n xu\u1ea5t, s\u1ed1 d\u01b0 70% tr\u01b0\u1edbc khi giao h\u00e0ng ho\u1eb7c \u0111\u00e0m ph\u00e1n<br \/>\nD\u1ecbch v\u1ee5:<br \/>\nOEM &amp; ODM<br \/>\nC\u00e1c qu\u1ed1c gia \u0111\u00e3 xu\u1ea5t kh\u1ea9u \uff1a<br \/>\nHoa K\u1ef3, Canada, \u00dac, Trung \u0110\u00f4ng, Ch\u00e2u \u00c2u, Singapore, H\u00e0n Qu\u1ed1c, Mexico, Colombia, Guatemala, Dominica, Chile v\u00e0 nh\u01b0 v\u1eady tr\u00ean h\u01a1n 80<br \/>\nqu\u1ed1c gia v\u00e0 khu v\u1ef1c.<\/p>","protected":false},"excerpt":{"rendered":"<div class=\"price-item\">\n<div class=\"quality\" data-spm-anchor-id=\"a2700.details.0.i7.66463414UTSJou\">300 \u2013 499 L\u01b0\u1ee1i dao<\/div>\n<div class=\"price\"><span class=\"promotion\">$4.50<\/span><\/div>\n<\/div>\n<div class=\"price-item\">\n<div class=\"quality\">500 \u2013 999 L\u01b0\u1ee1i dao<\/div>\n<div class=\"price\"><span class=\"\">$4.20<\/span><\/div>\n<\/div>\n<div class=\"price-item\">\n<div class=\"quality\">&gt;= 1000 L\u01b0\u1ee1i dao<\/div>\n<div class=\"price\"><span class=\"\">$3.90<\/span><\/div>\n<\/div>","protected":false},"featured_media":3702,"comment_status":"open","ping_status":"closed","template":"","meta":{"site-sidebar-layout":"default","site-content-layout":"default","ast-site-content-layout":"default","site-content-style":"default","site-sidebar-style":"default","ast-global-header-display":"","ast-banner-title-visibility":"","ast-main-header-display":"","ast-hfb-above-header-display":"","ast-hfb-below-header-display":"","ast-hfb-mobile-header-display":"","site-post-title":"","ast-breadcrumbs-content":"","ast-featured-img":"","footer-sml-layout":"","theme-transparent-header-meta":"default","adv-header-id-meta":"","stick-header-meta":"","header-above-stick-meta":"","header-main-stick-meta":"","header-below-stick-meta":"","astra-migrate-meta-layouts":"set","ast-page-background-enabled":"default","ast-page-background-meta":{"desktop":{"background-color":"var(--ast-global-color-4)","background-image":"","background-repeat":"repeat","background-position":"center center","background-size":"auto","background-attachment":"scroll","background-type":"","background-media":"","overlay-type":"","overlay-color":"","overlay-opacity":"","overlay-gradient":""},"tablet":{"background-color":"","background-image":"","background-repeat":"repeat","background-position":"center center","background-size":"auto","background-attachment":"scroll","background-type":"","background-media":"","overlay-type":"","overlay-color":"","overlay-opacity":"","overlay-gradient":""},"mobile":{"background-color":"","background-image":"","background-repeat":"repeat","background-position":"center center","background-size":"auto","background-attachment":"scroll","background-type":"","background-media":"","overlay-type":"","overlay-color":"","overlay-opacity":"","overlay-gradient":""}},"ast-content-background-meta":{"desktop":{"background-color":"var(--ast-global-color-5)","background-image":"","background-repeat":"repeat","background-position":"center center","background-size":"auto","background-attachment":"scroll","background-type":"","background-media":"","overlay-type":"","overlay-color":"","overlay-opacity":"","overlay-gradient":""},"tablet":{"background-color":"var(--ast-global-color-5)","background-image":"","background-repeat":"repeat","background-position":"center center","background-size":"auto","background-attachment":"scroll","background-type":"","background-media":"","overlay-type":"","overlay-color":"","overlay-opacity":"","overlay-gradient":""},"mobile":{"background-color":"var(--ast-global-color-5)","background-image":"","background-repeat":"repeat","background-position":"center center","background-size":"auto","background-attachment":"scroll","background-type":"","background-media":"","overlay-type":"","overlay-color":"","overlay-opacity":"","overlay-gradient":""}}},"product_brand":[],"product_cat":[418,404],"product_tag":[],"class_list":{"0":"post-3206","1":"product","2":"type-product","3":"status-publish","4":"has-post-thumbnail","6":"product_cat-keo-deo","7":"product_cat-khac-vi","8":"desktop-align-left","9":"tablet-align-left","10":"mobile-align-left","12":"first","13":"instock","14":"virtual","15":"purchasable","16":"product-type-simple"},"yoast_head":"<!-- This site is optimized with the Yoast SEO plugin v26.8 - https:\/\/yoast.com\/product\/yoast-seo-wordpress\/ -->\n<title>B\u00e1n s\u1ec9 B\u00f3ng k\u1eb9o m\u1ec1m | K\u1eb9o b\u00e1n bu\u00f4n<\/title>\n<meta name=\"description\" content=\"Yixinfoods Shantou Yixinfood Official Website M\u1edbi l\u1ea1 halal boneball nh\u00e3n c\u1ea7u gummies k\u1eb9o \u0111i\u1ec1n m\u1ee9t tr\u00e1i c\u00e2y h\u01b0\u01a1ng v\u1ecb m\u1eaft b\u00f3ng \u0111\u00e1 th\u1ea1ch gummy nh\u00e0 m\u00e1y s\u1ea3n xu\u1ea5t k\u1eb9o\" \/>\n<meta name=\"robots\" content=\"index, follow, max-snippet:-1, max-image-preview:large, max-video-preview:-1\" \/>\n<link rel=\"canonical\" href=\"https:\/\/yixinfoods.website\/ar\/product\/bong-keo-mem\/\" \/>\n<meta property=\"og:locale\" content=\"ar_AR\" \/>\n<meta property=\"og:type\" content=\"article\" \/>\n<meta property=\"og:title\" content=\"B\u00e1n s\u1ec9 B\u00f3ng k\u1eb9o m\u1ec1m | K\u1eb9o b\u00e1n bu\u00f4n\" \/>\n<meta property=\"og:description\" content=\"Yixinfoods Shantou Yixinfood Official Website M\u1edbi l\u1ea1 halal boneball nh\u00e3n c\u1ea7u gummies k\u1eb9o \u0111i\u1ec1n m\u1ee9t tr\u00e1i c\u00e2y h\u01b0\u01a1ng v\u1ecb m\u1eaft b\u00f3ng \u0111\u00e1 th\u1ea1ch gummy nh\u00e0 m\u00e1y s\u1ea3n xu\u1ea5t k\u1eb9o\" \/>\n<meta property=\"og:url\" content=\"https:\/\/yixinfoods.website\/ar\/product\/bong-keo-mem\/\" \/>\n<meta property=\"og:site_name\" content=\"Shantou Yixinfood Official Website\" \/>\n<meta property=\"article:publisher\" content=\"https:\/\/www.facebook.com\/oemcandies\" \/>\n<meta property=\"article:modified_time\" content=\"2025-08-07T02:48:39+00:00\" \/>\n<meta property=\"og:image\" content=\"https:\/\/yixinfoods.website\/wp-content\/uploads\/2022\/10\/453.jpg\" \/>\n\t<meta property=\"og:image:width\" content=\"640\" \/>\n\t<meta property=\"og:image:height\" content=\"640\" \/>\n\t<meta property=\"og:image:type\" content=\"image\/jpeg\" \/>\n<meta name=\"twitter:card\" content=\"summary_large_image\" \/>\n<meta name=\"twitter:site\" content=\"@oemcandy\" \/>\n<meta name=\"twitter:label1\" content=\"\u0648\u0642\u062a \u0627\u0644\u0642\u0631\u0627\u0621\u0629 \u0627\u0644\u0645\u064f\u0642\u062f\u0651\u0631\" \/>\n\t<meta name=\"twitter:data1\" content=\"\u062f\u0642\u064a\u0642\u0629 \u0648\u0627\u062d\u062f\u0629\" \/>\n<script type=\"application\/ld+json\" class=\"yoast-schema-graph\">{\"@context\":\"https:\/\/schema.org\",\"@graph\":[{\"@type\":\"WebPage\",\"@id\":\"https:\/\/yixinfoods.website\/product\/bong-keo-mem\/\",\"url\":\"https:\/\/yixinfoods.website\/product\/bong-keo-mem\/\",\"name\":\"B\u00e1n s\u1ec9 B\u00f3ng k\u1eb9o m\u1ec1m | K\u1eb9o b\u00e1n bu\u00f4n\",\"isPartOf\":{\"@id\":\"https:\/\/yixinfoods.website\/#website\"},\"primaryImageOfPage\":{\"@id\":\"https:\/\/yixinfoods.website\/product\/bong-keo-mem\/#primaryimage\"},\"image\":{\"@id\":\"https:\/\/yixinfoods.website\/product\/bong-keo-mem\/#primaryimage\"},\"thumbnailUrl\":\"https:\/\/yixinfoods.website\/wp-content\/uploads\/2022\/10\/453.jpg\",\"datePublished\":\"2022-10-17T07:28:53+00:00\",\"dateModified\":\"2025-08-07T02:48:39+00:00\",\"description\":\"Yixinfoods Shantou Yixinfood Official Website M\u1edbi l\u1ea1 halal boneball nh\u00e3n c\u1ea7u gummies k\u1eb9o \u0111i\u1ec1n m\u1ee9t tr\u00e1i c\u00e2y h\u01b0\u01a1ng v\u1ecb m\u1eaft b\u00f3ng \u0111\u00e1 th\u1ea1ch gummy nh\u00e0 m\u00e1y s\u1ea3n xu\u1ea5t k\u1eb9o\",\"breadcrumb\":{\"@id\":\"https:\/\/yixinfoods.website\/product\/bong-keo-mem\/#breadcrumb\"},\"inLanguage\":\"ar\",\"potentialAction\":[{\"@type\":\"ReadAction\",\"target\":[\"https:\/\/yixinfoods.website\/product\/bong-keo-mem\/\"]}]},{\"@type\":\"ImageObject\",\"inLanguage\":\"ar\",\"@id\":\"https:\/\/yixinfoods.website\/product\/bong-keo-mem\/#primaryimage\",\"url\":\"https:\/\/yixinfoods.website\/wp-content\/uploads\/2022\/10\/453.jpg\",\"contentUrl\":\"https:\/\/yixinfoods.website\/wp-content\/uploads\/2022\/10\/453.jpg\",\"width\":640,\"height\":640,\"caption\":\"ball gummy candy\"},{\"@type\":\"BreadcrumbList\",\"@id\":\"https:\/\/yixinfoods.website\/product\/bong-keo-mem\/#breadcrumb\",\"itemListElement\":[{\"@type\":\"ListItem\",\"position\":1,\"name\":\"Home\",\"item\":\"https:\/\/yixinfoods.website\/\"},{\"@type\":\"ListItem\",\"position\":2,\"name\":\"product\",\"item\":\"https:\/\/yixinfoods.website\/product\/\"},{\"@type\":\"ListItem\",\"position\":3,\"name\":\"B\u00f3ng k\u1eb9o m\u1ec1m\"}]},{\"@type\":\"WebSite\",\"@id\":\"https:\/\/yixinfoods.website\/#website\",\"url\":\"https:\/\/yixinfoods.website\/\",\"name\":\"Candy Manufacturer\",\"description\":\"\",\"publisher\":{\"@id\":\"https:\/\/yixinfoods.website\/#organization\"},\"potentialAction\":[{\"@type\":\"SearchAction\",\"target\":{\"@type\":\"EntryPoint\",\"urlTemplate\":\"https:\/\/yixinfoods.website\/?s={search_term_string}\"},\"query-input\":{\"@type\":\"PropertyValueSpecification\",\"valueRequired\":true,\"valueName\":\"search_term_string\"}}],\"inLanguage\":\"ar\"},{\"@type\":\"Organization\",\"@id\":\"https:\/\/yixinfoods.website\/#organization\",\"name\":\"Shantou Yixin Foods Co., Ltd.\",\"url\":\"https:\/\/yixinfoods.website\/\",\"logo\":{\"@type\":\"ImageObject\",\"inLanguage\":\"ar\",\"@id\":\"https:\/\/yixinfoods.website\/#\/schema\/logo\/image\/\",\"url\":\"https:\/\/yixinfoods.website\/wp-content\/uploads\/2023\/05\/21.png\",\"contentUrl\":\"https:\/\/yixinfoods.website\/wp-content\/uploads\/2023\/05\/21.png\",\"width\":1080,\"height\":1080,\"caption\":\"Shantou Yixin Foods Co., Ltd.\"},\"image\":{\"@id\":\"https:\/\/yixinfoods.website\/#\/schema\/logo\/image\/\"},\"sameAs\":[\"https:\/\/www.facebook.com\/oemcandies\",\"https:\/\/x.com\/oemcandy\"]}]}<\/script>\n<!-- \/ Yoast SEO plugin. -->","yoast_head_json":{"title":"B\u00e1n s\u1ec9 B\u00f3ng k\u1eb9o m\u1ec1m | K\u1eb9o b\u00e1n bu\u00f4n","description":"Yixinfoods Shantou Yixinfood Official Website M\u1edbi l\u1ea1 halal boneball nh\u00e3n c\u1ea7u gummies k\u1eb9o \u0111i\u1ec1n m\u1ee9t tr\u00e1i c\u00e2y h\u01b0\u01a1ng v\u1ecb m\u1eaft b\u00f3ng \u0111\u00e1 th\u1ea1ch gummy nh\u00e0 m\u00e1y s\u1ea3n xu\u1ea5t k\u1eb9o","robots":{"index":"index","follow":"follow","max-snippet":"max-snippet:-1","max-image-preview":"max-image-preview:large","max-video-preview":"max-video-preview:-1"},"canonical":"https:\/\/yixinfoods.website\/ar\/product\/bong-keo-mem\/","og_locale":"ar_AR","og_type":"article","og_title":"B\u00e1n s\u1ec9 B\u00f3ng k\u1eb9o m\u1ec1m | K\u1eb9o b\u00e1n bu\u00f4n","og_description":"Yixinfoods Shantou Yixinfood Official Website M\u1edbi l\u1ea1 halal boneball nh\u00e3n c\u1ea7u gummies k\u1eb9o \u0111i\u1ec1n m\u1ee9t tr\u00e1i c\u00e2y h\u01b0\u01a1ng v\u1ecb m\u1eaft b\u00f3ng \u0111\u00e1 th\u1ea1ch gummy nh\u00e0 m\u00e1y s\u1ea3n xu\u1ea5t k\u1eb9o","og_url":"https:\/\/yixinfoods.website\/ar\/product\/bong-keo-mem\/","og_site_name":"Shantou Yixinfood Official Website","article_publisher":"https:\/\/www.facebook.com\/oemcandies","article_modified_time":"2025-08-07T02:48:39+00:00","og_image":[{"width":640,"height":640,"url":"https:\/\/yixinfoods.website\/wp-content\/uploads\/2022\/10\/453.jpg","type":"image\/jpeg"}],"twitter_card":"summary_large_image","twitter_site":"@oemcandy","twitter_misc":{"\u0648\u0642\u062a \u0627\u0644\u0642\u0631\u0627\u0621\u0629 \u0627\u0644\u0645\u064f\u0642\u062f\u0651\u0631":"\u062f\u0642\u064a\u0642\u0629 \u0648\u0627\u062d\u062f\u0629"},"schema":{"@context":"https:\/\/schema.org","@graph":[{"@type":"WebPage","@id":"https:\/\/yixinfoods.website\/product\/bong-keo-mem\/","url":"https:\/\/yixinfoods.website\/product\/bong-keo-mem\/","name":"B\u00e1n s\u1ec9 B\u00f3ng k\u1eb9o m\u1ec1m | K\u1eb9o b\u00e1n bu\u00f4n","isPartOf":{"@id":"https:\/\/yixinfoods.website\/#website"},"primaryImageOfPage":{"@id":"https:\/\/yixinfoods.website\/product\/bong-keo-mem\/#primaryimage"},"image":{"@id":"https:\/\/yixinfoods.website\/product\/bong-keo-mem\/#primaryimage"},"thumbnailUrl":"https:\/\/yixinfoods.website\/wp-content\/uploads\/2022\/10\/453.jpg","datePublished":"2022-10-17T07:28:53+00:00","dateModified":"2025-08-07T02:48:39+00:00","description":"Yixinfoods Shantou Yixinfood Official Website M\u1edbi l\u1ea1 halal boneball nh\u00e3n c\u1ea7u gummies k\u1eb9o \u0111i\u1ec1n m\u1ee9t tr\u00e1i c\u00e2y h\u01b0\u01a1ng v\u1ecb m\u1eaft b\u00f3ng \u0111\u00e1 th\u1ea1ch gummy nh\u00e0 m\u00e1y s\u1ea3n xu\u1ea5t k\u1eb9o","breadcrumb":{"@id":"https:\/\/yixinfoods.website\/product\/bong-keo-mem\/#breadcrumb"},"inLanguage":"ar","potentialAction":[{"@type":"ReadAction","target":["https:\/\/yixinfoods.website\/product\/bong-keo-mem\/"]}]},{"@type":"ImageObject","inLanguage":"ar","@id":"https:\/\/yixinfoods.website\/product\/bong-keo-mem\/#primaryimage","url":"https:\/\/yixinfoods.website\/wp-content\/uploads\/2022\/10\/453.jpg","contentUrl":"https:\/\/yixinfoods.website\/wp-content\/uploads\/2022\/10\/453.jpg","width":640,"height":640,"caption":"ball gummy candy"},{"@type":"BreadcrumbList","@id":"https:\/\/yixinfoods.website\/product\/bong-keo-mem\/#breadcrumb","itemListElement":[{"@type":"ListItem","position":1,"name":"Home","item":"https:\/\/yixinfoods.website\/"},{"@type":"ListItem","position":2,"name":"product","item":"https:\/\/yixinfoods.website\/product\/"},{"@type":"ListItem","position":3,"name":"B\u00f3ng k\u1eb9o m\u1ec1m"}]},{"@type":"WebSite","@id":"https:\/\/yixinfoods.website\/#website","url":"https:\/\/yixinfoods.website\/","name":"Candy Manufacturer","description":"","publisher":{"@id":"https:\/\/yixinfoods.website\/#organization"},"potentialAction":[{"@type":"SearchAction","target":{"@type":"EntryPoint","urlTemplate":"https:\/\/yixinfoods.website\/?s={search_term_string}"},"query-input":{"@type":"PropertyValueSpecification","valueRequired":true,"valueName":"search_term_string"}}],"inLanguage":"ar"},{"@type":"Organization","@id":"https:\/\/yixinfoods.website\/#organization","name":"Shantou Yixin Foods Co., Ltd.","url":"https:\/\/yixinfoods.website\/","logo":{"@type":"ImageObject","inLanguage":"ar","@id":"https:\/\/yixinfoods.website\/#\/schema\/logo\/image\/","url":"https:\/\/yixinfoods.website\/wp-content\/uploads\/2023\/05\/21.png","contentUrl":"https:\/\/yixinfoods.website\/wp-content\/uploads\/2023\/05\/21.png","width":1080,"height":1080,"caption":"Shantou Yixin Foods Co., Ltd."},"image":{"@id":"https:\/\/yixinfoods.website\/#\/schema\/logo\/image\/"},"sameAs":["https:\/\/www.facebook.com\/oemcandies","https:\/\/x.com\/oemcandy"]}]}},"_links":{"self":[{"href":"https:\/\/yixinfoods.website\/ar\/wp-json\/wp\/v2\/product\/3206","targetHints":{"allow":["GET"]}}],"collection":[{"href":"https:\/\/yixinfoods.website\/ar\/wp-json\/wp\/v2\/product"}],"about":[{"href":"https:\/\/yixinfoods.website\/ar\/wp-json\/wp\/v2\/types\/product"}],"replies":[{"embeddable":true,"href":"https:\/\/yixinfoods.website\/ar\/wp-json\/wp\/v2\/comments?post=3206"}],"wp:featuredmedia":[{"embeddable":true,"href":"https:\/\/yixinfoods.website\/ar\/wp-json\/wp\/v2\/media\/3702"}],"wp:attachment":[{"href":"https:\/\/yixinfoods.website\/ar\/wp-json\/wp\/v2\/media?parent=3206"}],"wp:term":[{"taxonomy":"product_brand","embeddable":true,"href":"https:\/\/yixinfoods.website\/ar\/wp-json\/wp\/v2\/product_brand?post=3206"},{"taxonomy":"product_cat","embeddable":true,"href":"https:\/\/yixinfoods.website\/ar\/wp-json\/wp\/v2\/product_cat?post=3206"},{"taxonomy":"product_tag","embeddable":true,"href":"https:\/\/yixinfoods.website\/ar\/wp-json\/wp\/v2\/product_tag?post=3206"}],"curies":[{"name":"wp","href":"https:\/\/api.w.org\/{rel}","templated":true}]}}