{"id":3285,"date":"2022-10-17T08:10:41","date_gmt":"2022-10-17T08:10:41","guid":{"rendered":"https:\/\/yixinfoods.website\/?post_type=product&#038;p=3285"},"modified":"2025-08-07T02:44:47","modified_gmt":"2025-08-07T02:44:47","slug":"phim-hoat-hinh","status":"publish","type":"product","link":"https:\/\/yixinfoods.website\/ar\/product\/phim-hoat-hinh\/","title":{"rendered":"Phim ho\u1ea1t h\u00ecnh v\u00f2ng c\u1ea7u v\u1ed3ng xo\u00e1y ph\u1eb3ng"},"content":{"rendered":"<p>B\u00e1n bu\u00f4n t\u00f9y ch\u1ec9nh Halal Sweets Phim ho\u1ea1t h\u00ecnh Round Rainbow Swirl Flat Lollipops.<a href=\"https:\/\/yixinfoods.website\/ar\/vi\/tiep-xuc\/\">li\u00ean h\u1ec7 ch\u00fang t\u00f4i<\/a><\/p>\n<div style=\"width: 640px;\" class=\"wp-video\"><!--[if lt IE 9]><script>document.createElement('video');<\/script><![endif]-->\n<video class=\"wp-video-shortcode\" id=\"video-3285-1\" width=\"640\" height=\"360\" preload=\"metadata\" controls=\"controls\"><source type=\"video\/mp4\" src=\"https:\/\/cloud.video.alibaba.com\/play\/u\/2153292369\/p\/1\/e\/6\/t\/1\/d\/ld\/372720663591.mp4?_=1\" \/><a href=\"https:\/\/cloud.video.alibaba.com\/play\/u\/2153292369\/p\/1\/e\/6\/t\/1\/d\/ld\/372720663591.mp4\">https:\/\/cloud.video.alibaba.com\/play\/u\/2153292369\/p\/1\/e\/6\/t\/1\/d\/ld\/372720663591.mp4<\/a><\/video><\/div>\n<p><!--more--><\/p>\n<p>\u0110\u01b0\u1ee3c x\u00e2y d\u1ef1ng v\u00e0o n\u0103m 1997, Yixin Food chuy\u00ean ph\u00e1t tri\u1ec3n v\u00e0 ph\u00e2n ph\u1ed1i k\u1eb9o. C\u00e1c s\u1ea3n ph\u1ea9m ch\u00ednh c\u1ee7a ch\u00fang t\u00f4i l\u00e0 t\u1ea5t c\u1ea3 c\u00e1c lo\u1ea1i k\u1eb9o l\u1ecfng, k\u1eb9o phun, k\u1eb9o b\u1ed9t nh\u01b0 CC Stick, Instant Juice Powder, Bubble Gums v\u00e0 nhai N\u01b0\u1edbu, v\u00e0 t\u1ea5t c\u1ea3 c\u00e1c lo\u1ea1i b\u00e1nh quy.<\/p>","protected":false},"excerpt":{"rendered":"<div class=\"price-item\">\n<div class=\"quality\" data-spm-anchor-id=\"a2700.details.0.i29.5a6d1c7bQoJkA5\">500\u00a0\u2013\u00a0999\u00a0cartons<\/div>\n<div class=\"price\"><span class=\"promotion\">$4.80<\/span><\/div>\n<\/div>\n<div class=\"price-item\">\n<div class=\"quality\">&gt;=\u00a01000\u00a0cartons<\/div>\n<div class=\"price\"><span class=\"\">$3.90<\/span><\/div>\n<\/div>","protected":false},"featured_media":3784,"comment_status":"open","ping_status":"closed","template":"","meta":{"site-sidebar-layout":"default","site-content-layout":"content-boxed-container","ast-site-content-layout":"normal-width-container","site-content-style":"boxed","site-sidebar-style":"unboxed","ast-global-header-display":"","ast-banner-title-visibility":"","ast-main-header-display":"","ast-hfb-above-header-display":"","ast-hfb-below-header-display":"","ast-hfb-mobile-header-display":"","site-post-title":"","ast-breadcrumbs-content":"","ast-featured-img":"","footer-sml-layout":"","theme-transparent-header-meta":"default","adv-header-id-meta":"","stick-header-meta":"","header-above-stick-meta":"","header-main-stick-meta":"","header-below-stick-meta":"","astra-migrate-meta-layouts":"set","ast-page-background-enabled":"default","ast-page-background-meta":{"desktop":{"background-color":"var(--ast-global-color-4)","background-image":"","background-repeat":"repeat","background-position":"center center","background-size":"auto","background-attachment":"scroll","background-type":"","background-media":"","overlay-type":"","overlay-color":"","overlay-opacity":"","overlay-gradient":""},"tablet":{"background-color":"","background-image":"","background-repeat":"repeat","background-position":"center center","background-size":"auto","background-attachment":"scroll","background-type":"","background-media":"","overlay-type":"","overlay-color":"","overlay-opacity":"","overlay-gradient":""},"mobile":{"background-color":"","background-image":"","background-repeat":"repeat","background-position":"center center","background-size":"auto","background-attachment":"scroll","background-type":"","background-media":"","overlay-type":"","overlay-color":"","overlay-opacity":"","overlay-gradient":""}},"ast-content-background-meta":{"desktop":{"background-color":"var(--ast-global-color-5)","background-image":"","background-repeat":"repeat","background-position":"center center","background-size":"auto","background-attachment":"scroll","background-type":"","background-media":"","overlay-type":"","overlay-color":"","overlay-opacity":"","overlay-gradient":""},"tablet":{"background-color":"var(--ast-global-color-5)","background-image":"","background-repeat":"repeat","background-position":"center center","background-size":"auto","background-attachment":"scroll","background-type":"","background-media":"","overlay-type":"","overlay-color":"","overlay-opacity":"","overlay-gradient":""},"mobile":{"background-color":"var(--ast-global-color-5)","background-image":"","background-repeat":"repeat","background-position":"center center","background-size":"auto","background-attachment":"scroll","background-type":"","background-media":"","overlay-type":"","overlay-color":"","overlay-opacity":"","overlay-gradient":""}}},"product_brand":[],"product_cat":[420,428],"product_tag":[],"class_list":{"0":"post-3285","1":"product","2":"type-product","3":"status-publish","4":"has-post-thumbnail","6":"product_cat-keo-cung","7":"product_cat-keo-mut","8":"desktop-align-left","9":"tablet-align-left","10":"mobile-align-left","12":"first","13":"instock","14":"virtual","15":"purchasable","16":"product-type-simple"},"yoast_head":"<!-- This site is optimized with the Yoast SEO plugin v26.8 - https:\/\/yoast.com\/product\/yoast-seo-wordpress\/ -->\n<title>b\u00e1n s\u1ec9 Phim ho\u1ea1t h\u00ecnh v\u00f2ng c\u1ea7u v\u1ed3ng xo\u00e1y ph\u1eb3ng | Nh\u00e0 s\u1ea3n xu\u1ea5t k\u1eb9o<\/title>\n<meta name=\"description\" content=\"Yixinfoods Shantou Yixinfood Official Website CB\u00e1n bu\u00f4n t\u00f9y ch\u1ec9nh Halal Sweets Phim ho\u1ea1t h\u00ecnh Round Rainbow Swirl Flat Lollipops | Candy Super Factory\" \/>\n<meta name=\"robots\" content=\"index, follow, max-snippet:-1, max-image-preview:large, max-video-preview:-1\" \/>\n<link rel=\"canonical\" href=\"https:\/\/yixinfoods.website\/ar\/product\/phim-hoat-hinh\/\" \/>\n<meta property=\"og:locale\" content=\"ar_AR\" \/>\n<meta property=\"og:type\" content=\"article\" \/>\n<meta property=\"og:title\" content=\"b\u00e1n s\u1ec9 Phim ho\u1ea1t h\u00ecnh v\u00f2ng c\u1ea7u v\u1ed3ng xo\u00e1y ph\u1eb3ng | Nh\u00e0 s\u1ea3n xu\u1ea5t k\u1eb9o\" \/>\n<meta property=\"og:description\" content=\"Yixinfoods Shantou Yixinfood Official Website CB\u00e1n bu\u00f4n t\u00f9y ch\u1ec9nh Halal Sweets Phim ho\u1ea1t h\u00ecnh Round Rainbow Swirl Flat Lollipops | Candy Super Factory\" \/>\n<meta property=\"og:url\" content=\"https:\/\/yixinfoods.website\/ar\/product\/phim-hoat-hinh\/\" \/>\n<meta property=\"og:site_name\" content=\"Shantou Yixinfood Official Website\" \/>\n<meta property=\"article:publisher\" content=\"https:\/\/www.facebook.com\/oemcandies\" \/>\n<meta property=\"article:modified_time\" content=\"2025-08-07T02:44:47+00:00\" \/>\n<meta property=\"og:image\" content=\"https:\/\/yixinfoods.website\/wp-content\/uploads\/2021\/08\/2-2.jpg\" \/>\n\t<meta property=\"og:image:width\" content=\"600\" \/>\n\t<meta property=\"og:image:height\" content=\"600\" \/>\n\t<meta property=\"og:image:type\" content=\"image\/jpeg\" \/>\n<meta name=\"twitter:card\" content=\"summary_large_image\" \/>\n<meta name=\"twitter:site\" content=\"@oemcandy\" \/>\n<meta name=\"twitter:label1\" content=\"\u0648\u0642\u062a \u0627\u0644\u0642\u0631\u0627\u0621\u0629 \u0627\u0644\u0645\u064f\u0642\u062f\u0651\u0631\" \/>\n\t<meta name=\"twitter:data1\" content=\"\u062f\u0642\u064a\u0642\u0629 \u0648\u0627\u062d\u062f\u0629\" \/>\n<script type=\"application\/ld+json\" class=\"yoast-schema-graph\">{\"@context\":\"https:\/\/schema.org\",\"@graph\":[{\"@type\":\"WebPage\",\"@id\":\"https:\/\/yixinfoods.website\/product\/phim-hoat-hinh\/\",\"url\":\"https:\/\/yixinfoods.website\/product\/phim-hoat-hinh\/\",\"name\":\"b\u00e1n s\u1ec9 Phim ho\u1ea1t h\u00ecnh v\u00f2ng c\u1ea7u v\u1ed3ng xo\u00e1y ph\u1eb3ng | Nh\u00e0 s\u1ea3n xu\u1ea5t k\u1eb9o\",\"isPartOf\":{\"@id\":\"https:\/\/yixinfoods.website\/#website\"},\"primaryImageOfPage\":{\"@id\":\"https:\/\/yixinfoods.website\/product\/phim-hoat-hinh\/#primaryimage\"},\"image\":{\"@id\":\"https:\/\/yixinfoods.website\/product\/phim-hoat-hinh\/#primaryimage\"},\"thumbnailUrl\":\"https:\/\/yixinfoods.website\/wp-content\/uploads\/2021\/08\/2-2.jpg\",\"datePublished\":\"2022-10-17T08:10:41+00:00\",\"dateModified\":\"2025-08-07T02:44:47+00:00\",\"description\":\"Yixinfoods Shantou Yixinfood Official Website CB\u00e1n bu\u00f4n t\u00f9y ch\u1ec9nh Halal Sweets Phim ho\u1ea1t h\u00ecnh Round Rainbow Swirl Flat Lollipops | Candy Super Factory\",\"breadcrumb\":{\"@id\":\"https:\/\/yixinfoods.website\/product\/phim-hoat-hinh\/#breadcrumb\"},\"inLanguage\":\"ar\",\"potentialAction\":[{\"@type\":\"ReadAction\",\"target\":[\"https:\/\/yixinfoods.website\/product\/phim-hoat-hinh\/\"]}]},{\"@type\":\"ImageObject\",\"inLanguage\":\"ar\",\"@id\":\"https:\/\/yixinfoods.website\/product\/phim-hoat-hinh\/#primaryimage\",\"url\":\"https:\/\/yixinfoods.website\/wp-content\/uploads\/2021\/08\/2-2.jpg\",\"contentUrl\":\"https:\/\/yixinfoods.website\/wp-content\/uploads\/2021\/08\/2-2.jpg\",\"width\":600,\"height\":600,\"caption\":\"Rainbow Flat Lollipop\"},{\"@type\":\"BreadcrumbList\",\"@id\":\"https:\/\/yixinfoods.website\/product\/phim-hoat-hinh\/#breadcrumb\",\"itemListElement\":[{\"@type\":\"ListItem\",\"position\":1,\"name\":\"Home\",\"item\":\"https:\/\/yixinfoods.website\/\"},{\"@type\":\"ListItem\",\"position\":2,\"name\":\"product\",\"item\":\"https:\/\/yixinfoods.website\/product\/\"},{\"@type\":\"ListItem\",\"position\":3,\"name\":\"Phim ho\u1ea1t h\u00ecnh v\u00f2ng c\u1ea7u v\u1ed3ng xo\u00e1y ph\u1eb3ng\"}]},{\"@type\":\"WebSite\",\"@id\":\"https:\/\/yixinfoods.website\/#website\",\"url\":\"https:\/\/yixinfoods.website\/\",\"name\":\"Candy Manufacturer\",\"description\":\"\",\"publisher\":{\"@id\":\"https:\/\/yixinfoods.website\/#organization\"},\"potentialAction\":[{\"@type\":\"SearchAction\",\"target\":{\"@type\":\"EntryPoint\",\"urlTemplate\":\"https:\/\/yixinfoods.website\/?s={search_term_string}\"},\"query-input\":{\"@type\":\"PropertyValueSpecification\",\"valueRequired\":true,\"valueName\":\"search_term_string\"}}],\"inLanguage\":\"ar\"},{\"@type\":\"Organization\",\"@id\":\"https:\/\/yixinfoods.website\/#organization\",\"name\":\"Shantou Yixin Foods Co., Ltd.\",\"url\":\"https:\/\/yixinfoods.website\/\",\"logo\":{\"@type\":\"ImageObject\",\"inLanguage\":\"ar\",\"@id\":\"https:\/\/yixinfoods.website\/#\/schema\/logo\/image\/\",\"url\":\"https:\/\/yixinfoods.website\/wp-content\/uploads\/2023\/05\/21.png\",\"contentUrl\":\"https:\/\/yixinfoods.website\/wp-content\/uploads\/2023\/05\/21.png\",\"width\":1080,\"height\":1080,\"caption\":\"Shantou Yixin Foods Co., Ltd.\"},\"image\":{\"@id\":\"https:\/\/yixinfoods.website\/#\/schema\/logo\/image\/\"},\"sameAs\":[\"https:\/\/www.facebook.com\/oemcandies\",\"https:\/\/x.com\/oemcandy\"]}]}<\/script>\n<!-- \/ Yoast SEO plugin. -->","yoast_head_json":{"title":"b\u00e1n s\u1ec9 Phim ho\u1ea1t h\u00ecnh v\u00f2ng c\u1ea7u v\u1ed3ng xo\u00e1y ph\u1eb3ng | Nh\u00e0 s\u1ea3n xu\u1ea5t k\u1eb9o","description":"Yixinfoods Shantou Yixinfood Official Website CB\u00e1n bu\u00f4n t\u00f9y ch\u1ec9nh Halal Sweets Phim ho\u1ea1t h\u00ecnh Round Rainbow Swirl Flat Lollipops | Candy Super Factory","robots":{"index":"index","follow":"follow","max-snippet":"max-snippet:-1","max-image-preview":"max-image-preview:large","max-video-preview":"max-video-preview:-1"},"canonical":"https:\/\/yixinfoods.website\/ar\/product\/phim-hoat-hinh\/","og_locale":"ar_AR","og_type":"article","og_title":"b\u00e1n s\u1ec9 Phim ho\u1ea1t h\u00ecnh v\u00f2ng c\u1ea7u v\u1ed3ng xo\u00e1y ph\u1eb3ng | Nh\u00e0 s\u1ea3n xu\u1ea5t k\u1eb9o","og_description":"Yixinfoods Shantou Yixinfood Official Website CB\u00e1n bu\u00f4n t\u00f9y ch\u1ec9nh Halal Sweets Phim ho\u1ea1t h\u00ecnh Round Rainbow Swirl Flat Lollipops | Candy Super Factory","og_url":"https:\/\/yixinfoods.website\/ar\/product\/phim-hoat-hinh\/","og_site_name":"Shantou Yixinfood Official Website","article_publisher":"https:\/\/www.facebook.com\/oemcandies","article_modified_time":"2025-08-07T02:44:47+00:00","og_image":[{"width":600,"height":600,"url":"https:\/\/yixinfoods.website\/wp-content\/uploads\/2021\/08\/2-2.jpg","type":"image\/jpeg"}],"twitter_card":"summary_large_image","twitter_site":"@oemcandy","twitter_misc":{"\u0648\u0642\u062a \u0627\u0644\u0642\u0631\u0627\u0621\u0629 \u0627\u0644\u0645\u064f\u0642\u062f\u0651\u0631":"\u062f\u0642\u064a\u0642\u0629 \u0648\u0627\u062d\u062f\u0629"},"schema":{"@context":"https:\/\/schema.org","@graph":[{"@type":"WebPage","@id":"https:\/\/yixinfoods.website\/product\/phim-hoat-hinh\/","url":"https:\/\/yixinfoods.website\/product\/phim-hoat-hinh\/","name":"b\u00e1n s\u1ec9 Phim ho\u1ea1t h\u00ecnh v\u00f2ng c\u1ea7u v\u1ed3ng xo\u00e1y ph\u1eb3ng | Nh\u00e0 s\u1ea3n xu\u1ea5t k\u1eb9o","isPartOf":{"@id":"https:\/\/yixinfoods.website\/#website"},"primaryImageOfPage":{"@id":"https:\/\/yixinfoods.website\/product\/phim-hoat-hinh\/#primaryimage"},"image":{"@id":"https:\/\/yixinfoods.website\/product\/phim-hoat-hinh\/#primaryimage"},"thumbnailUrl":"https:\/\/yixinfoods.website\/wp-content\/uploads\/2021\/08\/2-2.jpg","datePublished":"2022-10-17T08:10:41+00:00","dateModified":"2025-08-07T02:44:47+00:00","description":"Yixinfoods Shantou Yixinfood Official Website CB\u00e1n bu\u00f4n t\u00f9y ch\u1ec9nh Halal Sweets Phim ho\u1ea1t h\u00ecnh Round Rainbow Swirl Flat Lollipops | Candy Super Factory","breadcrumb":{"@id":"https:\/\/yixinfoods.website\/product\/phim-hoat-hinh\/#breadcrumb"},"inLanguage":"ar","potentialAction":[{"@type":"ReadAction","target":["https:\/\/yixinfoods.website\/product\/phim-hoat-hinh\/"]}]},{"@type":"ImageObject","inLanguage":"ar","@id":"https:\/\/yixinfoods.website\/product\/phim-hoat-hinh\/#primaryimage","url":"https:\/\/yixinfoods.website\/wp-content\/uploads\/2021\/08\/2-2.jpg","contentUrl":"https:\/\/yixinfoods.website\/wp-content\/uploads\/2021\/08\/2-2.jpg","width":600,"height":600,"caption":"Rainbow Flat Lollipop"},{"@type":"BreadcrumbList","@id":"https:\/\/yixinfoods.website\/product\/phim-hoat-hinh\/#breadcrumb","itemListElement":[{"@type":"ListItem","position":1,"name":"Home","item":"https:\/\/yixinfoods.website\/"},{"@type":"ListItem","position":2,"name":"product","item":"https:\/\/yixinfoods.website\/product\/"},{"@type":"ListItem","position":3,"name":"Phim ho\u1ea1t h\u00ecnh v\u00f2ng c\u1ea7u v\u1ed3ng xo\u00e1y ph\u1eb3ng"}]},{"@type":"WebSite","@id":"https:\/\/yixinfoods.website\/#website","url":"https:\/\/yixinfoods.website\/","name":"Candy Manufacturer","description":"","publisher":{"@id":"https:\/\/yixinfoods.website\/#organization"},"potentialAction":[{"@type":"SearchAction","target":{"@type":"EntryPoint","urlTemplate":"https:\/\/yixinfoods.website\/?s={search_term_string}"},"query-input":{"@type":"PropertyValueSpecification","valueRequired":true,"valueName":"search_term_string"}}],"inLanguage":"ar"},{"@type":"Organization","@id":"https:\/\/yixinfoods.website\/#organization","name":"Shantou Yixin Foods Co., Ltd.","url":"https:\/\/yixinfoods.website\/","logo":{"@type":"ImageObject","inLanguage":"ar","@id":"https:\/\/yixinfoods.website\/#\/schema\/logo\/image\/","url":"https:\/\/yixinfoods.website\/wp-content\/uploads\/2023\/05\/21.png","contentUrl":"https:\/\/yixinfoods.website\/wp-content\/uploads\/2023\/05\/21.png","width":1080,"height":1080,"caption":"Shantou Yixin Foods Co., Ltd."},"image":{"@id":"https:\/\/yixinfoods.website\/#\/schema\/logo\/image\/"},"sameAs":["https:\/\/www.facebook.com\/oemcandies","https:\/\/x.com\/oemcandy"]}]}},"_links":{"self":[{"href":"https:\/\/yixinfoods.website\/ar\/wp-json\/wp\/v2\/product\/3285","targetHints":{"allow":["GET"]}}],"collection":[{"href":"https:\/\/yixinfoods.website\/ar\/wp-json\/wp\/v2\/product"}],"about":[{"href":"https:\/\/yixinfoods.website\/ar\/wp-json\/wp\/v2\/types\/product"}],"replies":[{"embeddable":true,"href":"https:\/\/yixinfoods.website\/ar\/wp-json\/wp\/v2\/comments?post=3285"}],"wp:featuredmedia":[{"embeddable":true,"href":"https:\/\/yixinfoods.website\/ar\/wp-json\/wp\/v2\/media\/3784"}],"wp:attachment":[{"href":"https:\/\/yixinfoods.website\/ar\/wp-json\/wp\/v2\/media?parent=3285"}],"wp:term":[{"taxonomy":"product_brand","embeddable":true,"href":"https:\/\/yixinfoods.website\/ar\/wp-json\/wp\/v2\/product_brand?post=3285"},{"taxonomy":"product_cat","embeddable":true,"href":"https:\/\/yixinfoods.website\/ar\/wp-json\/wp\/v2\/product_cat?post=3285"},{"taxonomy":"product_tag","embeddable":true,"href":"https:\/\/yixinfoods.website\/ar\/wp-json\/wp\/v2\/product_tag?post=3285"}],"curies":[{"name":"wp","href":"https:\/\/api.w.org\/{rel}","templated":true}]}}