{"id":3320,"date":"2022-10-17T08:27:23","date_gmt":"2022-10-17T08:27:23","guid":{"rendered":"https:\/\/yixinfoods.website\/?post_type=product&#038;p=3320"},"modified":"2025-08-07T02:43:24","modified_gmt":"2025-08-07T02:43:24","slug":"stick-nang-cau","status":"publish","type":"product","link":"https:\/\/yixinfoods.website\/ar\/product\/stick-nang-cau\/","title":{"rendered":"Stick n\u1ea1ng c\u1ea7u v\u1ed3ng c\u1ee9ng c\u00e2y k\u1eb9o"},"content":{"rendered":"<p>Trung Qu\u1ed1c Stick Stick Lollipop Long N\u1ea1ng h\u00ecnh d\u1ea1ng c\u1ea7u v\u1ed3ng k\u1eb9o c\u1ee9ng cho Gi\u00e1ng sinh.<a href=\"https:\/\/yixinfoods.website\/ar\/vi\/tiep-xuc\/\">li\u00ean h\u1ec7 ch\u00fang t\u00f4i<\/a><\/p>\n<div style=\"width: 640px;\" class=\"wp-video\"><!--[if lt IE 9]><script>document.createElement('video');<\/script><![endif]-->\n<video class=\"wp-video-shortcode\" id=\"video-3320-1\" width=\"640\" height=\"360\" preload=\"metadata\" controls=\"controls\"><source type=\"video\/mp4\" src=\"https:\/\/cloud.video.alibaba.com\/play\/u\/2153292369\/p\/1\/e\/6\/t\/1\/d\/ld\/332029954507.mp4?_=1\" \/><a href=\"https:\/\/cloud.video.alibaba.com\/play\/u\/2153292369\/p\/1\/e\/6\/t\/1\/d\/ld\/332029954507.mp4\">https:\/\/cloud.video.alibaba.com\/play\/u\/2153292369\/p\/1\/e\/6\/t\/1\/d\/ld\/332029954507.mp4<\/a><\/video><\/div>\n<p><!--more--><\/p>\n<p>\u0110\u01b0\u1ee3c x\u00e2y d\u1ef1ng v\u00e0o n\u0103m 1997, Yixin Food chuy\u00ean ph\u00e1t tri\u1ec3n v\u00e0 ph\u00e2n ph\u1ed1i k\u1eb9o. C\u00e1c s\u1ea3n ph\u1ea9m ch\u00ednh c\u1ee7a ch\u00fang t\u00f4i l\u00e0 t\u1ea5t c\u1ea3 c\u00e1c lo\u1ea1i k\u1eb9o l\u1ecfng, k\u1eb9o phun, k\u1eb9o b\u1ed9t nh\u01b0 CC Stick, Instant Juice Powder, Bubble Gums v\u00e0 nhai N\u01b0\u1edbu, v\u00e0 t\u1ea5t c\u1ea3 c\u00e1c lo\u1ea1i b\u00e1nh quy.<\/p>","protected":false},"excerpt":{"rendered":"<div class=\"price-item\">\n<div class=\"quality\" data-spm-anchor-id=\"a2700.details.0.i29.60633bb8klB7H3\">300 \u2013 499 th\u00f9ng carton<\/div>\n<div class=\"price\"><span class=\"promotion\">$5.50<\/span><\/div>\n<\/div>\n<div class=\"price-item\">\n<div class=\"quality\">500 \u2013 999 th\u00f9ng carton<\/div>\n<div class=\"price\"><span class=\"\">$5.30<\/span><\/div>\n<\/div>\n<div class=\"price-item\">\n<div class=\"quality\">&gt;= 1000 th\u00f9ng carton<\/div>\n<div class=\"price\"><span class=\"\">$4.90<\/span><\/div>\n<\/div>","protected":false},"featured_media":2888,"comment_status":"open","ping_status":"closed","template":"","meta":{"site-sidebar-layout":"default","site-content-layout":"content-boxed-container","ast-site-content-layout":"normal-width-container","site-content-style":"boxed","site-sidebar-style":"unboxed","ast-global-header-display":"","ast-banner-title-visibility":"","ast-main-header-display":"","ast-hfb-above-header-display":"","ast-hfb-below-header-display":"","ast-hfb-mobile-header-display":"","site-post-title":"","ast-breadcrumbs-content":"","ast-featured-img":"","footer-sml-layout":"","theme-transparent-header-meta":"default","adv-header-id-meta":"","stick-header-meta":"","header-above-stick-meta":"","header-main-stick-meta":"","header-below-stick-meta":"","astra-migrate-meta-layouts":"set","ast-page-background-enabled":"default","ast-page-background-meta":{"desktop":{"background-color":"var(--ast-global-color-4)","background-image":"","background-repeat":"repeat","background-position":"center center","background-size":"auto","background-attachment":"scroll","background-type":"","background-media":"","overlay-type":"","overlay-color":"","overlay-opacity":"","overlay-gradient":""},"tablet":{"background-color":"","background-image":"","background-repeat":"repeat","background-position":"center center","background-size":"auto","background-attachment":"scroll","background-type":"","background-media":"","overlay-type":"","overlay-color":"","overlay-opacity":"","overlay-gradient":""},"mobile":{"background-color":"","background-image":"","background-repeat":"repeat","background-position":"center center","background-size":"auto","background-attachment":"scroll","background-type":"","background-media":"","overlay-type":"","overlay-color":"","overlay-opacity":"","overlay-gradient":""}},"ast-content-background-meta":{"desktop":{"background-color":"var(--ast-global-color-5)","background-image":"","background-repeat":"repeat","background-position":"center center","background-size":"auto","background-attachment":"scroll","background-type":"","background-media":"","overlay-type":"","overlay-color":"","overlay-opacity":"","overlay-gradient":""},"tablet":{"background-color":"var(--ast-global-color-5)","background-image":"","background-repeat":"repeat","background-position":"center center","background-size":"auto","background-attachment":"scroll","background-type":"","background-media":"","overlay-type":"","overlay-color":"","overlay-opacity":"","overlay-gradient":""},"mobile":{"background-color":"var(--ast-global-color-5)","background-image":"","background-repeat":"repeat","background-position":"center center","background-size":"auto","background-attachment":"scroll","background-type":"","background-media":"","overlay-type":"","overlay-color":"","overlay-opacity":"","overlay-gradient":""}}},"product_brand":[],"product_cat":[420,428],"product_tag":[],"class_list":{"0":"post-3320","1":"product","2":"type-product","3":"status-publish","4":"has-post-thumbnail","6":"product_cat-keo-cung","7":"product_cat-keo-mut","8":"desktop-align-left","9":"tablet-align-left","10":"mobile-align-left","12":"first","13":"instock","14":"virtual","15":"purchasable","16":"product-type-simple"},"yoast_head":"<!-- This site is optimized with the Yoast SEO plugin v26.8 - https:\/\/yoast.com\/product\/yoast-seo-wordpress\/ -->\n<title>b\u00e1n s\u1ec9 Stick n\u1ea1ng c\u1ea7u v\u1ed3ng c\u1ee9ng c\u00e2y k\u1eb9o | Nh\u00e0 m\u00e1y k\u1eb9o<\/title>\n<meta name=\"description\" content=\"Yixinfoods Trung Qu\u1ed1c Stick Stick Lollipop Long N\u1ea1ng h\u00ecnh d\u1ea1ng c\u1ea7u v\u1ed3ng k\u1eb9o c\u1ee9ng cho Gi\u00e1ng sinh K\u1eb9o Canes| Nh\u00e0 m\u00e1y k\u1eb9o\" \/>\n<meta name=\"robots\" content=\"index, follow, max-snippet:-1, max-image-preview:large, max-video-preview:-1\" \/>\n<link rel=\"canonical\" href=\"https:\/\/yixinfoods.website\/ar\/product\/stick-nang-cau\/\" \/>\n<meta property=\"og:locale\" content=\"ar_AR\" \/>\n<meta property=\"og:type\" content=\"article\" \/>\n<meta property=\"og:title\" content=\"b\u00e1n s\u1ec9 Stick n\u1ea1ng c\u1ea7u v\u1ed3ng c\u1ee9ng c\u00e2y k\u1eb9o | Nh\u00e0 m\u00e1y k\u1eb9o\" \/>\n<meta property=\"og:description\" content=\"Yixinfoods Trung Qu\u1ed1c Stick Stick Lollipop Long N\u1ea1ng h\u00ecnh d\u1ea1ng c\u1ea7u v\u1ed3ng k\u1eb9o c\u1ee9ng cho Gi\u00e1ng sinh K\u1eb9o Canes| Nh\u00e0 m\u00e1y k\u1eb9o\" \/>\n<meta property=\"og:url\" content=\"https:\/\/yixinfoods.website\/ar\/product\/stick-nang-cau\/\" \/>\n<meta property=\"og:site_name\" content=\"Shantou Yixinfood Official Website\" \/>\n<meta property=\"article:publisher\" content=\"https:\/\/www.facebook.com\/oemcandies\" \/>\n<meta property=\"article:modified_time\" content=\"2025-08-07T02:43:24+00:00\" \/>\n<meta property=\"og:image\" content=\"https:\/\/yixinfoods.website\/wp-content\/uploads\/2021\/08\/0-1.jpg\" \/>\n\t<meta property=\"og:image:width\" content=\"800\" \/>\n\t<meta property=\"og:image:height\" content=\"800\" \/>\n\t<meta property=\"og:image:type\" content=\"image\/jpeg\" \/>\n<meta name=\"twitter:card\" content=\"summary_large_image\" \/>\n<meta name=\"twitter:site\" content=\"@oemcandy\" \/>\n<meta name=\"twitter:label1\" content=\"\u0648\u0642\u062a \u0627\u0644\u0642\u0631\u0627\u0621\u0629 \u0627\u0644\u0645\u064f\u0642\u062f\u0651\u0631\" \/>\n\t<meta name=\"twitter:data1\" content=\"\u062f\u0642\u064a\u0642\u0629 \u0648\u0627\u062d\u062f\u0629\" \/>\n<script type=\"application\/ld+json\" class=\"yoast-schema-graph\">{\"@context\":\"https:\/\/schema.org\",\"@graph\":[{\"@type\":\"WebPage\",\"@id\":\"https:\/\/yixinfoods.website\/product\/stick-nang-cau\/\",\"url\":\"https:\/\/yixinfoods.website\/product\/stick-nang-cau\/\",\"name\":\"b\u00e1n s\u1ec9 Stick n\u1ea1ng c\u1ea7u v\u1ed3ng c\u1ee9ng c\u00e2y k\u1eb9o | Nh\u00e0 m\u00e1y k\u1eb9o\",\"isPartOf\":{\"@id\":\"https:\/\/yixinfoods.website\/#website\"},\"primaryImageOfPage\":{\"@id\":\"https:\/\/yixinfoods.website\/product\/stick-nang-cau\/#primaryimage\"},\"image\":{\"@id\":\"https:\/\/yixinfoods.website\/product\/stick-nang-cau\/#primaryimage\"},\"thumbnailUrl\":\"https:\/\/yixinfoods.website\/wp-content\/uploads\/2021\/08\/0-1.jpg\",\"datePublished\":\"2022-10-17T08:27:23+00:00\",\"dateModified\":\"2025-08-07T02:43:24+00:00\",\"description\":\"Yixinfoods Trung Qu\u1ed1c Stick Stick Lollipop Long N\u1ea1ng h\u00ecnh d\u1ea1ng c\u1ea7u v\u1ed3ng k\u1eb9o c\u1ee9ng cho Gi\u00e1ng sinh K\u1eb9o Canes| Nh\u00e0 m\u00e1y k\u1eb9o\",\"breadcrumb\":{\"@id\":\"https:\/\/yixinfoods.website\/product\/stick-nang-cau\/#breadcrumb\"},\"inLanguage\":\"ar\",\"potentialAction\":[{\"@type\":\"ReadAction\",\"target\":[\"https:\/\/yixinfoods.website\/product\/stick-nang-cau\/\"]}]},{\"@type\":\"ImageObject\",\"inLanguage\":\"ar\",\"@id\":\"https:\/\/yixinfoods.website\/product\/stick-nang-cau\/#primaryimage\",\"url\":\"https:\/\/yixinfoods.website\/wp-content\/uploads\/2021\/08\/0-1.jpg\",\"contentUrl\":\"https:\/\/yixinfoods.website\/wp-content\/uploads\/2021\/08\/0-1.jpg\",\"width\":800,\"height\":800,\"caption\":\"Rainbow Crutch Candy\"},{\"@type\":\"BreadcrumbList\",\"@id\":\"https:\/\/yixinfoods.website\/product\/stick-nang-cau\/#breadcrumb\",\"itemListElement\":[{\"@type\":\"ListItem\",\"position\":1,\"name\":\"Home\",\"item\":\"https:\/\/yixinfoods.website\/\"},{\"@type\":\"ListItem\",\"position\":2,\"name\":\"product\",\"item\":\"https:\/\/yixinfoods.website\/product\/\"},{\"@type\":\"ListItem\",\"position\":3,\"name\":\"Stick n\u1ea1ng c\u1ea7u v\u1ed3ng c\u1ee9ng c\u00e2y k\u1eb9o\"}]},{\"@type\":\"WebSite\",\"@id\":\"https:\/\/yixinfoods.website\/#website\",\"url\":\"https:\/\/yixinfoods.website\/\",\"name\":\"Candy Manufacturer\",\"description\":\"\",\"publisher\":{\"@id\":\"https:\/\/yixinfoods.website\/#organization\"},\"potentialAction\":[{\"@type\":\"SearchAction\",\"target\":{\"@type\":\"EntryPoint\",\"urlTemplate\":\"https:\/\/yixinfoods.website\/?s={search_term_string}\"},\"query-input\":{\"@type\":\"PropertyValueSpecification\",\"valueRequired\":true,\"valueName\":\"search_term_string\"}}],\"inLanguage\":\"ar\"},{\"@type\":\"Organization\",\"@id\":\"https:\/\/yixinfoods.website\/#organization\",\"name\":\"Shantou Yixin Foods Co., Ltd.\",\"url\":\"https:\/\/yixinfoods.website\/\",\"logo\":{\"@type\":\"ImageObject\",\"inLanguage\":\"ar\",\"@id\":\"https:\/\/yixinfoods.website\/#\/schema\/logo\/image\/\",\"url\":\"https:\/\/yixinfoods.website\/wp-content\/uploads\/2023\/05\/21.png\",\"contentUrl\":\"https:\/\/yixinfoods.website\/wp-content\/uploads\/2023\/05\/21.png\",\"width\":1080,\"height\":1080,\"caption\":\"Shantou Yixin Foods Co., Ltd.\"},\"image\":{\"@id\":\"https:\/\/yixinfoods.website\/#\/schema\/logo\/image\/\"},\"sameAs\":[\"https:\/\/www.facebook.com\/oemcandies\",\"https:\/\/x.com\/oemcandy\"]}]}<\/script>\n<!-- \/ Yoast SEO plugin. -->","yoast_head_json":{"title":"b\u00e1n s\u1ec9 Stick n\u1ea1ng c\u1ea7u v\u1ed3ng c\u1ee9ng c\u00e2y k\u1eb9o | Nh\u00e0 m\u00e1y k\u1eb9o","description":"Yixinfoods Trung Qu\u1ed1c Stick Stick Lollipop Long N\u1ea1ng h\u00ecnh d\u1ea1ng c\u1ea7u v\u1ed3ng k\u1eb9o c\u1ee9ng cho Gi\u00e1ng sinh K\u1eb9o Canes| Nh\u00e0 m\u00e1y k\u1eb9o","robots":{"index":"index","follow":"follow","max-snippet":"max-snippet:-1","max-image-preview":"max-image-preview:large","max-video-preview":"max-video-preview:-1"},"canonical":"https:\/\/yixinfoods.website\/ar\/product\/stick-nang-cau\/","og_locale":"ar_AR","og_type":"article","og_title":"b\u00e1n s\u1ec9 Stick n\u1ea1ng c\u1ea7u v\u1ed3ng c\u1ee9ng c\u00e2y k\u1eb9o | Nh\u00e0 m\u00e1y k\u1eb9o","og_description":"Yixinfoods Trung Qu\u1ed1c Stick Stick Lollipop Long N\u1ea1ng h\u00ecnh d\u1ea1ng c\u1ea7u v\u1ed3ng k\u1eb9o c\u1ee9ng cho Gi\u00e1ng sinh K\u1eb9o Canes| Nh\u00e0 m\u00e1y k\u1eb9o","og_url":"https:\/\/yixinfoods.website\/ar\/product\/stick-nang-cau\/","og_site_name":"Shantou Yixinfood Official Website","article_publisher":"https:\/\/www.facebook.com\/oemcandies","article_modified_time":"2025-08-07T02:43:24+00:00","og_image":[{"width":800,"height":800,"url":"https:\/\/yixinfoods.website\/wp-content\/uploads\/2021\/08\/0-1.jpg","type":"image\/jpeg"}],"twitter_card":"summary_large_image","twitter_site":"@oemcandy","twitter_misc":{"\u0648\u0642\u062a \u0627\u0644\u0642\u0631\u0627\u0621\u0629 \u0627\u0644\u0645\u064f\u0642\u062f\u0651\u0631":"\u062f\u0642\u064a\u0642\u0629 \u0648\u0627\u062d\u062f\u0629"},"schema":{"@context":"https:\/\/schema.org","@graph":[{"@type":"WebPage","@id":"https:\/\/yixinfoods.website\/product\/stick-nang-cau\/","url":"https:\/\/yixinfoods.website\/product\/stick-nang-cau\/","name":"b\u00e1n s\u1ec9 Stick n\u1ea1ng c\u1ea7u v\u1ed3ng c\u1ee9ng c\u00e2y k\u1eb9o | Nh\u00e0 m\u00e1y k\u1eb9o","isPartOf":{"@id":"https:\/\/yixinfoods.website\/#website"},"primaryImageOfPage":{"@id":"https:\/\/yixinfoods.website\/product\/stick-nang-cau\/#primaryimage"},"image":{"@id":"https:\/\/yixinfoods.website\/product\/stick-nang-cau\/#primaryimage"},"thumbnailUrl":"https:\/\/yixinfoods.website\/wp-content\/uploads\/2021\/08\/0-1.jpg","datePublished":"2022-10-17T08:27:23+00:00","dateModified":"2025-08-07T02:43:24+00:00","description":"Yixinfoods Trung Qu\u1ed1c Stick Stick Lollipop Long N\u1ea1ng h\u00ecnh d\u1ea1ng c\u1ea7u v\u1ed3ng k\u1eb9o c\u1ee9ng cho Gi\u00e1ng sinh K\u1eb9o Canes| Nh\u00e0 m\u00e1y k\u1eb9o","breadcrumb":{"@id":"https:\/\/yixinfoods.website\/product\/stick-nang-cau\/#breadcrumb"},"inLanguage":"ar","potentialAction":[{"@type":"ReadAction","target":["https:\/\/yixinfoods.website\/product\/stick-nang-cau\/"]}]},{"@type":"ImageObject","inLanguage":"ar","@id":"https:\/\/yixinfoods.website\/product\/stick-nang-cau\/#primaryimage","url":"https:\/\/yixinfoods.website\/wp-content\/uploads\/2021\/08\/0-1.jpg","contentUrl":"https:\/\/yixinfoods.website\/wp-content\/uploads\/2021\/08\/0-1.jpg","width":800,"height":800,"caption":"Rainbow Crutch Candy"},{"@type":"BreadcrumbList","@id":"https:\/\/yixinfoods.website\/product\/stick-nang-cau\/#breadcrumb","itemListElement":[{"@type":"ListItem","position":1,"name":"Home","item":"https:\/\/yixinfoods.website\/"},{"@type":"ListItem","position":2,"name":"product","item":"https:\/\/yixinfoods.website\/product\/"},{"@type":"ListItem","position":3,"name":"Stick n\u1ea1ng c\u1ea7u v\u1ed3ng c\u1ee9ng c\u00e2y k\u1eb9o"}]},{"@type":"WebSite","@id":"https:\/\/yixinfoods.website\/#website","url":"https:\/\/yixinfoods.website\/","name":"Candy Manufacturer","description":"","publisher":{"@id":"https:\/\/yixinfoods.website\/#organization"},"potentialAction":[{"@type":"SearchAction","target":{"@type":"EntryPoint","urlTemplate":"https:\/\/yixinfoods.website\/?s={search_term_string}"},"query-input":{"@type":"PropertyValueSpecification","valueRequired":true,"valueName":"search_term_string"}}],"inLanguage":"ar"},{"@type":"Organization","@id":"https:\/\/yixinfoods.website\/#organization","name":"Shantou Yixin Foods Co., Ltd.","url":"https:\/\/yixinfoods.website\/","logo":{"@type":"ImageObject","inLanguage":"ar","@id":"https:\/\/yixinfoods.website\/#\/schema\/logo\/image\/","url":"https:\/\/yixinfoods.website\/wp-content\/uploads\/2023\/05\/21.png","contentUrl":"https:\/\/yixinfoods.website\/wp-content\/uploads\/2023\/05\/21.png","width":1080,"height":1080,"caption":"Shantou Yixin Foods Co., Ltd."},"image":{"@id":"https:\/\/yixinfoods.website\/#\/schema\/logo\/image\/"},"sameAs":["https:\/\/www.facebook.com\/oemcandies","https:\/\/x.com\/oemcandy"]}]}},"_links":{"self":[{"href":"https:\/\/yixinfoods.website\/ar\/wp-json\/wp\/v2\/product\/3320","targetHints":{"allow":["GET"]}}],"collection":[{"href":"https:\/\/yixinfoods.website\/ar\/wp-json\/wp\/v2\/product"}],"about":[{"href":"https:\/\/yixinfoods.website\/ar\/wp-json\/wp\/v2\/types\/product"}],"replies":[{"embeddable":true,"href":"https:\/\/yixinfoods.website\/ar\/wp-json\/wp\/v2\/comments?post=3320"}],"wp:featuredmedia":[{"embeddable":true,"href":"https:\/\/yixinfoods.website\/ar\/wp-json\/wp\/v2\/media\/2888"}],"wp:attachment":[{"href":"https:\/\/yixinfoods.website\/ar\/wp-json\/wp\/v2\/media?parent=3320"}],"wp:term":[{"taxonomy":"product_brand","embeddable":true,"href":"https:\/\/yixinfoods.website\/ar\/wp-json\/wp\/v2\/product_brand?post=3320"},{"taxonomy":"product_cat","embeddable":true,"href":"https:\/\/yixinfoods.website\/ar\/wp-json\/wp\/v2\/product_cat?post=3320"},{"taxonomy":"product_tag","embeddable":true,"href":"https:\/\/yixinfoods.website\/ar\/wp-json\/wp\/v2\/product_tag?post=3320"}],"curies":[{"name":"wp","href":"https:\/\/api.w.org\/{rel}","templated":true}]}}