{"id":3325,"date":"2022-10-17T08:28:02","date_gmt":"2022-10-17T08:28:02","guid":{"rendered":"https:\/\/yixinfoods.website\/?post_type=product&#038;p=3325"},"modified":"2022-10-17T09:47:24","modified_gmt":"2022-10-17T09:47:24","slug":"tien-so-co-la-vang","status":"publish","type":"product","link":"https:\/\/yixinfoods.website\/ar\/product\/tien-so-co-la-vang\/","title":{"rendered":"Ti\u1ec1n s\u00f4 c\u00f4 la v\u00e0ng"},"content":{"rendered":"<p>Mi\u1ebfng k\u1eb9o v\u00e0ng s\u00f4 c\u00f4 la v\u00e0ng ti\u1ec1n \u0111\u01b0\u1eddng mi\u1ec5n ph\u00ed k\u1eb9o th\u00f4 K\u1eb9o h\u1ee3p ch\u1ea5t B\u00e1nh quy Dark Chocolates Nh\u00e0 s\u1ea3n xu\u1ea5t s\u00f4 c\u00f4 la tr\u00f2n\u3002<a href=\"https:\/\/yixinfoods.website\/ar\/vi\/tiep-xuc\/\">li\u00ean h\u1ec7 ch\u00fang t\u00f4i<\/a><\/p>\n<div style=\"width: 640px;\" class=\"wp-video\"><!--[if lt IE 9]><script>document.createElement('video');<\/script><![endif]-->\n<video class=\"wp-video-shortcode\" id=\"video-3325-1\" width=\"640\" height=\"360\" preload=\"metadata\" controls=\"controls\"><source type=\"video\/mp4\" src=\"https:\/\/cloud.video.alibaba.com\/play\/u\/2153292369\/p\/1\/e\/6\/t\/1\/d\/ld\/344503669027.mp4?_=1\" \/><a href=\"https:\/\/cloud.video.alibaba.com\/play\/u\/2153292369\/p\/1\/e\/6\/t\/1\/d\/ld\/344503669027.mp4\">https:\/\/cloud.video.alibaba.com\/play\/u\/2153292369\/p\/1\/e\/6\/t\/1\/d\/ld\/344503669027.mp4<\/a><\/video><\/div>\n<p><!--more--><\/p>\n<p>\u0110\u01b0\u1ee3c x\u00e2y d\u1ef1ng v\u00e0o n\u0103m 1997, Yixin Food chuy\u00ean ph\u00e1t tri\u1ec3n v\u00e0 ph\u00e2n ph\u1ed1i k\u1eb9o. C\u00e1c s\u1ea3n ph\u1ea9m ch\u00ednh c\u1ee7a ch\u00fang t\u00f4i l\u00e0 t\u1ea5t c\u1ea3 c\u00e1c lo\u1ea1i k\u1eb9o l\u1ecfng, k\u1eb9o phun, k\u1eb9o b\u1ed9t nh\u01b0 CC Stick, Instant Juice Powder, Bubble Gums v\u00e0 nhai N\u01b0\u1edbu, v\u00e0 t\u1ea5t c\u1ea3 c\u00e1c lo\u1ea1i b\u00e1nh quy.<\/p>","protected":false},"excerpt":{"rendered":"<p><span class=\"price\" data-spm-anchor-id=\"a2700.details.0.i35.17af5dd5ho3WvR\">$6.20 \u2013 $8.90<\/span><span class=\"unit\">\/ th\u00f9ng<\/span><\/p>\n<p><span class=\"moq\">500 Th\u00f9ng gi\u1ea5y (t\u1ed1i thi\u1ec3u \u0111\u1eb7t h\u00e0ng)<\/span><\/p>","protected":false},"featured_media":3326,"comment_status":"open","ping_status":"closed","template":"","meta":{"site-sidebar-layout":"default","site-content-layout":"content-boxed-container","ast-site-content-layout":"","site-content-style":"default","site-sidebar-style":"default","ast-global-header-display":"","ast-banner-title-visibility":"","ast-main-header-display":"","ast-hfb-above-header-display":"","ast-hfb-below-header-display":"","ast-hfb-mobile-header-display":"","site-post-title":"","ast-breadcrumbs-content":"","ast-featured-img":"","footer-sml-layout":"","theme-transparent-header-meta":"default","adv-header-id-meta":"","stick-header-meta":"","header-above-stick-meta":"","header-main-stick-meta":"","header-below-stick-meta":"","astra-migrate-meta-layouts":"default","ast-page-background-enabled":"default","ast-page-background-meta":{"desktop":{"background-color":"var(--ast-global-color-4)","background-image":"","background-repeat":"repeat","background-position":"center center","background-size":"auto","background-attachment":"scroll","background-type":"","background-media":"","overlay-type":"","overlay-color":"","overlay-opacity":"","overlay-gradient":""},"tablet":{"background-color":"","background-image":"","background-repeat":"repeat","background-position":"center center","background-size":"auto","background-attachment":"scroll","background-type":"","background-media":"","overlay-type":"","overlay-color":"","overlay-opacity":"","overlay-gradient":""},"mobile":{"background-color":"","background-image":"","background-repeat":"repeat","background-position":"center center","background-size":"auto","background-attachment":"scroll","background-type":"","background-media":"","overlay-type":"","overlay-color":"","overlay-opacity":"","overlay-gradient":""}},"ast-content-background-meta":{"desktop":{"background-color":"var(--ast-global-color-5)","background-image":"","background-repeat":"repeat","background-position":"center center","background-size":"auto","background-attachment":"scroll","background-type":"","background-media":"","overlay-type":"","overlay-color":"","overlay-opacity":"","overlay-gradient":""},"tablet":{"background-color":"var(--ast-global-color-5)","background-image":"","background-repeat":"repeat","background-position":"center center","background-size":"auto","background-attachment":"scroll","background-type":"","background-media":"","overlay-type":"","overlay-color":"","overlay-opacity":"","overlay-gradient":""},"mobile":{"background-color":"var(--ast-global-color-5)","background-image":"","background-repeat":"repeat","background-position":"center center","background-size":"auto","background-attachment":"scroll","background-type":"","background-media":"","overlay-type":"","overlay-color":"","overlay-opacity":"","overlay-gradient":""}}},"product_brand":[],"product_cat":[430],"product_tag":[],"class_list":{"0":"post-3325","1":"product","2":"type-product","3":"status-publish","4":"has-post-thumbnail","6":"product_cat-so-co-la","7":"desktop-align-left","8":"tablet-align-left","9":"mobile-align-left","11":"first","12":"instock","13":"virtual","14":"purchasable","15":"product-type-simple"},"yoast_head":"<!-- This site is optimized with the Yoast SEO plugin v26.8 - https:\/\/yoast.com\/product\/yoast-seo-wordpress\/ -->\n<title>t\u00f9y ch\u1ec9nh \u0111\u01b0\u1ee3c th\u1ef1c hi\u1ec7n Ti\u1ec1n s\u00f4 c\u00f4 la v\u00e0ng | K\u1eb9o b\u00e1n bu\u00f4n<\/title>\n<meta name=\"description\" content=\"Yixinfoods Nh\u00e0 s\u1ea3n xu\u1ea5t k\u1eb9o M\u00f3n \u0111\u1ed3 ng\u1ecdt CHOCO COIN Bonbon Raw Candies Compound Round Dark Chocolates Gold Chocolate Coins\" \/>\n<meta name=\"robots\" content=\"index, follow, max-snippet:-1, max-image-preview:large, max-video-preview:-1\" \/>\n<link rel=\"canonical\" href=\"https:\/\/yixinfoods.website\/ar\/vi\/product\/tien-so-co-la-vang\/\" \/>\n<meta property=\"og:locale\" content=\"ar_AR\" \/>\n<meta property=\"og:type\" content=\"article\" \/>\n<meta property=\"og:title\" content=\"t\u00f9y ch\u1ec9nh \u0111\u01b0\u1ee3c th\u1ef1c hi\u1ec7n Ti\u1ec1n s\u00f4 c\u00f4 la v\u00e0ng | K\u1eb9o b\u00e1n bu\u00f4n\" \/>\n<meta property=\"og:description\" content=\"Yixinfoods Nh\u00e0 s\u1ea3n xu\u1ea5t k\u1eb9o M\u00f3n \u0111\u1ed3 ng\u1ecdt CHOCO COIN Bonbon Raw Candies Compound Round Dark Chocolates Gold Chocolate Coins\" \/>\n<meta property=\"og:url\" content=\"https:\/\/yixinfoods.website\/ar\/vi\/product\/tien-so-co-la-vang\/\" \/>\n<meta property=\"og:site_name\" content=\"Shantou Yixinfood Official Website\" \/>\n<meta property=\"article:publisher\" content=\"https:\/\/www.facebook.com\/oemcandies\" \/>\n<meta property=\"article:modified_time\" content=\"2022-10-17T09:47:24+00:00\" \/>\n<meta property=\"og:image\" content=\"https:\/\/yixinfoods.website\/wp-content\/uploads\/2021\/08\/07-1.jpg\" \/>\n\t<meta property=\"og:image:width\" content=\"1000\" \/>\n\t<meta property=\"og:image:height\" content=\"1000\" \/>\n\t<meta property=\"og:image:type\" content=\"image\/jpeg\" \/>\n<meta name=\"twitter:card\" content=\"summary_large_image\" \/>\n<meta name=\"twitter:site\" content=\"@oemcandy\" \/>\n<meta name=\"twitter:label1\" content=\"\u0648\u0642\u062a \u0627\u0644\u0642\u0631\u0627\u0621\u0629 \u0627\u0644\u0645\u064f\u0642\u062f\u0651\u0631\" \/>\n\t<meta name=\"twitter:data1\" content=\"\u062f\u0642\u064a\u0642\u0629 \u0648\u0627\u062d\u062f\u0629\" \/>\n<script type=\"application\/ld+json\" class=\"yoast-schema-graph\">{\"@context\":\"https:\/\/schema.org\",\"@graph\":[{\"@type\":\"WebPage\",\"@id\":\"https:\/\/yixinfoods.website\/vi\/product\/tien-so-co-la-vang\/\",\"url\":\"https:\/\/yixinfoods.website\/vi\/product\/tien-so-co-la-vang\/\",\"name\":\"t\u00f9y ch\u1ec9nh \u0111\u01b0\u1ee3c th\u1ef1c hi\u1ec7n Ti\u1ec1n s\u00f4 c\u00f4 la v\u00e0ng | K\u1eb9o b\u00e1n bu\u00f4n\",\"isPartOf\":{\"@id\":\"https:\/\/yixinfoods.website\/#website\"},\"primaryImageOfPage\":{\"@id\":\"https:\/\/yixinfoods.website\/vi\/product\/tien-so-co-la-vang\/#primaryimage\"},\"image\":{\"@id\":\"https:\/\/yixinfoods.website\/vi\/product\/tien-so-co-la-vang\/#primaryimage\"},\"thumbnailUrl\":\"https:\/\/yixinfoods.website\/wp-content\/uploads\/2021\/08\/07-1.jpg\",\"datePublished\":\"2022-10-17T08:28:02+00:00\",\"dateModified\":\"2022-10-17T09:47:24+00:00\",\"description\":\"Yixinfoods Nh\u00e0 s\u1ea3n xu\u1ea5t k\u1eb9o M\u00f3n \u0111\u1ed3 ng\u1ecdt CHOCO COIN Bonbon Raw Candies Compound Round Dark Chocolates Gold Chocolate Coins\",\"breadcrumb\":{\"@id\":\"https:\/\/yixinfoods.website\/vi\/product\/tien-so-co-la-vang\/#breadcrumb\"},\"inLanguage\":\"ar\",\"potentialAction\":[{\"@type\":\"ReadAction\",\"target\":[\"https:\/\/yixinfoods.website\/vi\/product\/tien-so-co-la-vang\/\"]}]},{\"@type\":\"ImageObject\",\"inLanguage\":\"ar\",\"@id\":\"https:\/\/yixinfoods.website\/vi\/product\/tien-so-co-la-vang\/#primaryimage\",\"url\":\"https:\/\/yixinfoods.website\/wp-content\/uploads\/2021\/08\/07-1.jpg\",\"contentUrl\":\"https:\/\/yixinfoods.website\/wp-content\/uploads\/2021\/08\/07-1.jpg\",\"width\":1000,\"height\":1000,\"caption\":\"Wholesale Gold\u00a0Chocolate Coins\"},{\"@type\":\"BreadcrumbList\",\"@id\":\"https:\/\/yixinfoods.website\/vi\/product\/tien-so-co-la-vang\/#breadcrumb\",\"itemListElement\":[{\"@type\":\"ListItem\",\"position\":1,\"name\":\"Home\",\"item\":\"https:\/\/yixinfoods.website\/\"},{\"@type\":\"ListItem\",\"position\":2,\"name\":\"product\",\"item\":\"https:\/\/yixinfoods.website\/product\/\"},{\"@type\":\"ListItem\",\"position\":3,\"name\":\"Ti\u1ec1n s\u00f4 c\u00f4 la v\u00e0ng\"}]},{\"@type\":\"WebSite\",\"@id\":\"https:\/\/yixinfoods.website\/#website\",\"url\":\"https:\/\/yixinfoods.website\/\",\"name\":\"Candy Manufacturer\",\"description\":\"\",\"publisher\":{\"@id\":\"https:\/\/yixinfoods.website\/#organization\"},\"potentialAction\":[{\"@type\":\"SearchAction\",\"target\":{\"@type\":\"EntryPoint\",\"urlTemplate\":\"https:\/\/yixinfoods.website\/?s={search_term_string}\"},\"query-input\":{\"@type\":\"PropertyValueSpecification\",\"valueRequired\":true,\"valueName\":\"search_term_string\"}}],\"inLanguage\":\"ar\"},{\"@type\":\"Organization\",\"@id\":\"https:\/\/yixinfoods.website\/#organization\",\"name\":\"Shantou Yixin Foods Co., Ltd.\",\"url\":\"https:\/\/yixinfoods.website\/\",\"logo\":{\"@type\":\"ImageObject\",\"inLanguage\":\"ar\",\"@id\":\"https:\/\/yixinfoods.website\/#\/schema\/logo\/image\/\",\"url\":\"https:\/\/yixinfoods.website\/wp-content\/uploads\/2023\/05\/21.png\",\"contentUrl\":\"https:\/\/yixinfoods.website\/wp-content\/uploads\/2023\/05\/21.png\",\"width\":1080,\"height\":1080,\"caption\":\"Shantou Yixin Foods Co., Ltd.\"},\"image\":{\"@id\":\"https:\/\/yixinfoods.website\/#\/schema\/logo\/image\/\"},\"sameAs\":[\"https:\/\/www.facebook.com\/oemcandies\",\"https:\/\/x.com\/oemcandy\"]}]}<\/script>\n<!-- \/ Yoast SEO plugin. -->","yoast_head_json":{"title":"t\u00f9y ch\u1ec9nh \u0111\u01b0\u1ee3c th\u1ef1c hi\u1ec7n Ti\u1ec1n s\u00f4 c\u00f4 la v\u00e0ng | K\u1eb9o b\u00e1n bu\u00f4n","description":"Yixinfoods Nh\u00e0 s\u1ea3n xu\u1ea5t k\u1eb9o M\u00f3n \u0111\u1ed3 ng\u1ecdt CHOCO COIN Bonbon Raw Candies Compound Round Dark Chocolates Gold Chocolate Coins","robots":{"index":"index","follow":"follow","max-snippet":"max-snippet:-1","max-image-preview":"max-image-preview:large","max-video-preview":"max-video-preview:-1"},"canonical":"https:\/\/yixinfoods.website\/ar\/vi\/product\/tien-so-co-la-vang\/","og_locale":"ar_AR","og_type":"article","og_title":"t\u00f9y ch\u1ec9nh \u0111\u01b0\u1ee3c th\u1ef1c hi\u1ec7n Ti\u1ec1n s\u00f4 c\u00f4 la v\u00e0ng | K\u1eb9o b\u00e1n bu\u00f4n","og_description":"Yixinfoods Nh\u00e0 s\u1ea3n xu\u1ea5t k\u1eb9o M\u00f3n \u0111\u1ed3 ng\u1ecdt CHOCO COIN Bonbon Raw Candies Compound Round Dark Chocolates Gold Chocolate Coins","og_url":"https:\/\/yixinfoods.website\/ar\/vi\/product\/tien-so-co-la-vang\/","og_site_name":"Shantou Yixinfood Official Website","article_publisher":"https:\/\/www.facebook.com\/oemcandies","article_modified_time":"2022-10-17T09:47:24+00:00","og_image":[{"width":1000,"height":1000,"url":"https:\/\/yixinfoods.website\/wp-content\/uploads\/2021\/08\/07-1.jpg","type":"image\/jpeg"}],"twitter_card":"summary_large_image","twitter_site":"@oemcandy","twitter_misc":{"\u0648\u0642\u062a \u0627\u0644\u0642\u0631\u0627\u0621\u0629 \u0627\u0644\u0645\u064f\u0642\u062f\u0651\u0631":"\u062f\u0642\u064a\u0642\u0629 \u0648\u0627\u062d\u062f\u0629"},"schema":{"@context":"https:\/\/schema.org","@graph":[{"@type":"WebPage","@id":"https:\/\/yixinfoods.website\/vi\/product\/tien-so-co-la-vang\/","url":"https:\/\/yixinfoods.website\/vi\/product\/tien-so-co-la-vang\/","name":"t\u00f9y ch\u1ec9nh \u0111\u01b0\u1ee3c th\u1ef1c hi\u1ec7n Ti\u1ec1n s\u00f4 c\u00f4 la v\u00e0ng | K\u1eb9o b\u00e1n bu\u00f4n","isPartOf":{"@id":"https:\/\/yixinfoods.website\/#website"},"primaryImageOfPage":{"@id":"https:\/\/yixinfoods.website\/vi\/product\/tien-so-co-la-vang\/#primaryimage"},"image":{"@id":"https:\/\/yixinfoods.website\/vi\/product\/tien-so-co-la-vang\/#primaryimage"},"thumbnailUrl":"https:\/\/yixinfoods.website\/wp-content\/uploads\/2021\/08\/07-1.jpg","datePublished":"2022-10-17T08:28:02+00:00","dateModified":"2022-10-17T09:47:24+00:00","description":"Yixinfoods Nh\u00e0 s\u1ea3n xu\u1ea5t k\u1eb9o M\u00f3n \u0111\u1ed3 ng\u1ecdt CHOCO COIN Bonbon Raw Candies Compound Round Dark Chocolates Gold Chocolate Coins","breadcrumb":{"@id":"https:\/\/yixinfoods.website\/vi\/product\/tien-so-co-la-vang\/#breadcrumb"},"inLanguage":"ar","potentialAction":[{"@type":"ReadAction","target":["https:\/\/yixinfoods.website\/vi\/product\/tien-so-co-la-vang\/"]}]},{"@type":"ImageObject","inLanguage":"ar","@id":"https:\/\/yixinfoods.website\/vi\/product\/tien-so-co-la-vang\/#primaryimage","url":"https:\/\/yixinfoods.website\/wp-content\/uploads\/2021\/08\/07-1.jpg","contentUrl":"https:\/\/yixinfoods.website\/wp-content\/uploads\/2021\/08\/07-1.jpg","width":1000,"height":1000,"caption":"Wholesale Gold\u00a0Chocolate Coins"},{"@type":"BreadcrumbList","@id":"https:\/\/yixinfoods.website\/vi\/product\/tien-so-co-la-vang\/#breadcrumb","itemListElement":[{"@type":"ListItem","position":1,"name":"Home","item":"https:\/\/yixinfoods.website\/"},{"@type":"ListItem","position":2,"name":"product","item":"https:\/\/yixinfoods.website\/product\/"},{"@type":"ListItem","position":3,"name":"Ti\u1ec1n s\u00f4 c\u00f4 la v\u00e0ng"}]},{"@type":"WebSite","@id":"https:\/\/yixinfoods.website\/#website","url":"https:\/\/yixinfoods.website\/","name":"Candy Manufacturer","description":"","publisher":{"@id":"https:\/\/yixinfoods.website\/#organization"},"potentialAction":[{"@type":"SearchAction","target":{"@type":"EntryPoint","urlTemplate":"https:\/\/yixinfoods.website\/?s={search_term_string}"},"query-input":{"@type":"PropertyValueSpecification","valueRequired":true,"valueName":"search_term_string"}}],"inLanguage":"ar"},{"@type":"Organization","@id":"https:\/\/yixinfoods.website\/#organization","name":"Shantou Yixin Foods Co., Ltd.","url":"https:\/\/yixinfoods.website\/","logo":{"@type":"ImageObject","inLanguage":"ar","@id":"https:\/\/yixinfoods.website\/#\/schema\/logo\/image\/","url":"https:\/\/yixinfoods.website\/wp-content\/uploads\/2023\/05\/21.png","contentUrl":"https:\/\/yixinfoods.website\/wp-content\/uploads\/2023\/05\/21.png","width":1080,"height":1080,"caption":"Shantou Yixin Foods Co., Ltd."},"image":{"@id":"https:\/\/yixinfoods.website\/#\/schema\/logo\/image\/"},"sameAs":["https:\/\/www.facebook.com\/oemcandies","https:\/\/x.com\/oemcandy"]}]}},"_links":{"self":[{"href":"https:\/\/yixinfoods.website\/ar\/wp-json\/wp\/v2\/product\/3325","targetHints":{"allow":["GET"]}}],"collection":[{"href":"https:\/\/yixinfoods.website\/ar\/wp-json\/wp\/v2\/product"}],"about":[{"href":"https:\/\/yixinfoods.website\/ar\/wp-json\/wp\/v2\/types\/product"}],"replies":[{"embeddable":true,"href":"https:\/\/yixinfoods.website\/ar\/wp-json\/wp\/v2\/comments?post=3325"}],"wp:featuredmedia":[{"embeddable":true,"href":"https:\/\/yixinfoods.website\/ar\/wp-json\/wp\/v2\/media\/3326"}],"wp:attachment":[{"href":"https:\/\/yixinfoods.website\/ar\/wp-json\/wp\/v2\/media?parent=3325"}],"wp:term":[{"taxonomy":"product_brand","embeddable":true,"href":"https:\/\/yixinfoods.website\/ar\/wp-json\/wp\/v2\/product_brand?post=3325"},{"taxonomy":"product_cat","embeddable":true,"href":"https:\/\/yixinfoods.website\/ar\/wp-json\/wp\/v2\/product_cat?post=3325"},{"taxonomy":"product_tag","embeddable":true,"href":"https:\/\/yixinfoods.website\/ar\/wp-json\/wp\/v2\/product_tag?post=3325"}],"curies":[{"name":"wp","href":"https:\/\/api.w.org\/{rel}","templated":true}]}}