{"id":3216,"date":"2022-10-17T07:43:33","date_gmt":"2022-10-17T07:43:33","guid":{"rendered":"https:\/\/yixinfoods.website\/?post_type=product&#038;p=3216"},"modified":"2022-10-17T07:50:08","modified_gmt":"2022-10-17T07:50:08","slug":"trai-cay-mut","status":"publish","type":"product","link":"https:\/\/yixinfoods.website\/ru\/product\/trai-cay-mut\/","title":{"rendered":"Tr\u00e1i c\u00e2y m\u00fat n\u01b0\u1edbc u\u1ed1ng"},"content":{"rendered":"<p>B\u00e1n bu\u00f4n h\u1ed7n h\u1ee3p h\u01b0\u01a1ng v\u1ecb tr\u00e1i c\u00e2y b\u00fa th\u1ea1ch \u0103n ng\u1ecdt ng\u00e0o c\u00e1c lo\u1ea1i ng\u1ecdt, b\u00e1n n\u00f3ng m\u1edbi h\u00fat \u0111\u1ed3 \u0103n nh\u1eb9 ngay l\u1eadp t\u1ee9c pudding tr\u00e1i c\u00e2y h\u01b0\u01a1ng v\u1ecb h\u00fat n\u01b0\u1edbc u\u1ed1ng.<a href=\"https:\/\/yixinfoods.website\/ru\/vi\/tiep-xuc\/\">li\u00ean h\u1ec7 ch\u00fang t\u00f4i<\/a><\/p>\n<p><!--more--><\/p>\n<p>Th\u00f4ng tin s\u1ea3n ph\u1ea9m<br \/>\nT\u00ean s\u1ea3n ph\u1ea9m:<br \/>\nQu\u1ea3 m\u00fat tr\u00e1i c\u00e2y<br \/>\nNh\u00e3n hi\u1ec7u:<br \/>\nTh\u01b0\u01a1ng hi\u1ec7u t\u00f9y ch\u1ec9nh ho\u1eb7c \u0111\u1ea1i l\u00fd<br \/>\nT\u00ednh n\u0103ng:<br \/>\nphim ho\u1ea1t h\u00ecnh d\u1ec5 th\u01b0\u01a1ng v\u00e0 ng\u1ecdt ng\u00e0o<br \/>\nTh\u00e0nh ph\u1ea7n:<br \/>\nC\u00f4ng th\u1ee9c th\u1ef1c t\u1ebf c\u1ee7a s\u1ea3n ph\u1ea9m t\u00f9y ch\u1ec9nh s\u1ebd chi\u1ebfm \u01b0u th\u1ebf<br \/>\n\u0110\u00f3ng g\u00f3i \uff1a<br \/>\nBao b\u00ec nh\u1ef1a ho\u1eb7c h\u1ed9p c\u00f3 th\u1ec3 \u0111\u01b0\u1ee3c t\u00f9y ch\u1ec9nh<br \/>\nH\u1ea1n s\u1eed d\u1ee5ng:<br \/>\n12 th\u00e1ng<br \/>\nCerificate \uff1a<br \/>\nISO22000, ISO9001, HACCP, Halal, SEMTA, Sedex \uff0c BRC, WCA<br \/>\n\u0110i\u1ec1u kho\u1ea3n thanh to\u00e1n \uff1a<br \/>\n30% ti\u1ec1n g\u1eedi tr\u01b0\u1edbc khi s\u1ea3n xu\u1ea5t, s\u1ed1 d\u01b0 70% tr\u01b0\u1edbc khi giao h\u00e0ng ho\u1eb7c \u0111\u00e0m ph\u00e1n<br \/>\nD\u1ecbch v\u1ee5:<br \/>\nOEM &amp; ODM<br \/>\nC\u00e1c qu\u1ed1c gia \u0111\u00e3 xu\u1ea5t kh\u1ea9u \uff1a<br \/>\nHoa K\u1ef3, Canada, \u00dac, Trung \u0110\u00f4ng, Ch\u00e2u \u00c2u, Singapore, H\u00e0n Qu\u1ed1c, Mexico, Colombia, Guatemala, Dominica, Chile v\u00e0 nh\u01b0 v\u1eady tr\u00ean h\u01a1n 80<br \/>\nqu\u1ed1c gia v\u00e0 khu v\u1ef1c.<\/p>","protected":false},"excerpt":{"rendered":"<p><span class=\"price\" data-spm-anchor-id=\"a2700.details.0.i0.6c0a22e91x5Peu\">$0.10 \u2013 $0.20<\/span><span class=\"unit\">\/ carton\u00a0<\/span><\/p>\n<p><span class=\"moq\">500 th\u00f9ng carton\/th\u00f9ng carton<\/span><span class=\"name\">(T\u1ed1i thi\u1ec3u. g\u1ecdi m\u00f3n)<\/span><\/p>","protected":false},"featured_media":3217,"comment_status":"open","ping_status":"closed","template":"","meta":{"site-sidebar-layout":"default","site-content-layout":"default","ast-site-content-layout":"","site-content-style":"default","site-sidebar-style":"default","ast-global-header-display":"","ast-banner-title-visibility":"","ast-main-header-display":"","ast-hfb-above-header-display":"","ast-hfb-below-header-display":"","ast-hfb-mobile-header-display":"","site-post-title":"","ast-breadcrumbs-content":"","ast-featured-img":"","footer-sml-layout":"","theme-transparent-header-meta":"default","adv-header-id-meta":"","stick-header-meta":"","header-above-stick-meta":"","header-main-stick-meta":"","header-below-stick-meta":"","astra-migrate-meta-layouts":"default","ast-page-background-enabled":"default","ast-page-background-meta":{"desktop":{"background-color":"var(--ast-global-color-4)","background-image":"","background-repeat":"repeat","background-position":"center center","background-size":"auto","background-attachment":"scroll","background-type":"","background-media":"","overlay-type":"","overlay-color":"","overlay-opacity":"","overlay-gradient":""},"tablet":{"background-color":"","background-image":"","background-repeat":"repeat","background-position":"center center","background-size":"auto","background-attachment":"scroll","background-type":"","background-media":"","overlay-type":"","overlay-color":"","overlay-opacity":"","overlay-gradient":""},"mobile":{"background-color":"","background-image":"","background-repeat":"repeat","background-position":"center center","background-size":"auto","background-attachment":"scroll","background-type":"","background-media":"","overlay-type":"","overlay-color":"","overlay-opacity":"","overlay-gradient":""}},"ast-content-background-meta":{"desktop":{"background-color":"var(--ast-global-color-5)","background-image":"","background-repeat":"repeat","background-position":"center center","background-size":"auto","background-attachment":"scroll","background-type":"","background-media":"","overlay-type":"","overlay-color":"","overlay-opacity":"","overlay-gradient":""},"tablet":{"background-color":"var(--ast-global-color-5)","background-image":"","background-repeat":"repeat","background-position":"center center","background-size":"auto","background-attachment":"scroll","background-type":"","background-media":"","overlay-type":"","overlay-color":"","overlay-opacity":"","overlay-gradient":""},"mobile":{"background-color":"var(--ast-global-color-5)","background-image":"","background-repeat":"repeat","background-position":"center center","background-size":"auto","background-attachment":"scroll","background-type":"","background-media":"","overlay-type":"","overlay-color":"","overlay-opacity":"","overlay-gradient":""}}},"product_brand":[],"product_cat":[436],"product_tag":[],"class_list":{"0":"post-3216","1":"product","2":"type-product","3":"status-publish","4":"has-post-thumbnail","6":"product_cat-thach","7":"desktop-align-left","8":"tablet-align-left","9":"mobile-align-left","11":"first","12":"instock","13":"virtual","14":"purchasable","15":"product-type-simple"},"yoast_head":"<!-- This site is optimized with the Yoast SEO plugin v26.8 - https:\/\/yoast.com\/product\/yoast-seo-wordpress\/ -->\n<title>b\u00e1n s\u1ec9 Tr\u00e1i c\u00e2y m\u00fat n\u01b0\u1edbc u\u1ed1ng | Nh\u00e0 m\u00e1y k\u1eb9o<\/title>\n<meta name=\"description\" content=\"Yixinfoods Nh\u00e0 m\u00e1y k\u1eb9o B\u00e1n bu\u00f4n tr\u00e1i c\u00e2y h\u1ed7n h\u1ee3p h\u01b0\u01a1ng v\u1ecb m\u00fat th\u1ea1ch ng\u1ecdt gelatina tr\u1ed9n tr\u00e1i c\u00e2y \u0103n u\u1ed1ng \u0103n u\u1ed1ng \u0111\u1ed3 \u0103n snack \u0111\u1ed3 \u0103n pudding\" \/>\n<meta name=\"robots\" content=\"index, follow, max-snippet:-1, max-image-preview:large, max-video-preview:-1\" \/>\n<link rel=\"canonical\" href=\"https:\/\/yixinfoods.website\/ru\/vi\/product\/trai-cay-mut\/\" \/>\n<meta property=\"og:locale\" content=\"ru_RU\" \/>\n<meta property=\"og:type\" content=\"article\" \/>\n<meta property=\"og:title\" content=\"b\u00e1n s\u1ec9 Tr\u00e1i c\u00e2y m\u00fat n\u01b0\u1edbc u\u1ed1ng | Nh\u00e0 m\u00e1y k\u1eb9o\" \/>\n<meta property=\"og:description\" content=\"Yixinfoods Nh\u00e0 m\u00e1y k\u1eb9o B\u00e1n bu\u00f4n tr\u00e1i c\u00e2y h\u1ed7n h\u1ee3p h\u01b0\u01a1ng v\u1ecb m\u00fat th\u1ea1ch ng\u1ecdt gelatina tr\u1ed9n tr\u00e1i c\u00e2y \u0103n u\u1ed1ng \u0103n u\u1ed1ng \u0111\u1ed3 \u0103n snack \u0111\u1ed3 \u0103n pudding\" \/>\n<meta property=\"og:url\" content=\"https:\/\/yixinfoods.website\/ru\/vi\/product\/trai-cay-mut\/\" \/>\n<meta property=\"og:site_name\" content=\"Shantou Yixinfood Official Website\" \/>\n<meta property=\"article:publisher\" content=\"https:\/\/www.facebook.com\/oemcandies\" \/>\n<meta property=\"article:modified_time\" content=\"2022-10-17T07:50:08+00:00\" \/>\n<meta property=\"og:image\" content=\"https:\/\/yixinfoods.website\/wp-content\/uploads\/2022\/10\/783278.jpg\" \/>\n\t<meta property=\"og:image:width\" content=\"640\" \/>\n\t<meta property=\"og:image:height\" content=\"640\" \/>\n\t<meta property=\"og:image:type\" content=\"image\/jpeg\" \/>\n<meta name=\"twitter:card\" content=\"summary_large_image\" \/>\n<meta name=\"twitter:site\" content=\"@oemcandy\" \/>\n<meta name=\"twitter:label1\" content=\"\u041f\u0440\u0438\u043c\u0435\u0440\u043d\u043e\u0435 \u0432\u0440\u0435\u043c\u044f \u0434\u043b\u044f \u0447\u0442\u0435\u043d\u0438\u044f\" \/>\n\t<meta name=\"twitter:data1\" content=\"1 \u043c\u0438\u043d\u0443\u0442\u0430\" \/>\n<script type=\"application\/ld+json\" class=\"yoast-schema-graph\">{\"@context\":\"https:\/\/schema.org\",\"@graph\":[{\"@type\":\"WebPage\",\"@id\":\"https:\/\/yixinfoods.website\/vi\/product\/trai-cay-mut\/\",\"url\":\"https:\/\/yixinfoods.website\/vi\/product\/trai-cay-mut\/\",\"name\":\"b\u00e1n s\u1ec9 Tr\u00e1i c\u00e2y m\u00fat n\u01b0\u1edbc u\u1ed1ng | Nh\u00e0 m\u00e1y k\u1eb9o\",\"isPartOf\":{\"@id\":\"https:\/\/yixinfoods.website\/#website\"},\"primaryImageOfPage\":{\"@id\":\"https:\/\/yixinfoods.website\/vi\/product\/trai-cay-mut\/#primaryimage\"},\"image\":{\"@id\":\"https:\/\/yixinfoods.website\/vi\/product\/trai-cay-mut\/#primaryimage\"},\"thumbnailUrl\":\"https:\/\/yixinfoods.website\/wp-content\/uploads\/2022\/10\/783278.jpg\",\"datePublished\":\"2022-10-17T07:43:33+00:00\",\"dateModified\":\"2022-10-17T07:50:08+00:00\",\"description\":\"Yixinfoods Nh\u00e0 m\u00e1y k\u1eb9o B\u00e1n bu\u00f4n tr\u00e1i c\u00e2y h\u1ed7n h\u1ee3p h\u01b0\u01a1ng v\u1ecb m\u00fat th\u1ea1ch ng\u1ecdt gelatina tr\u1ed9n tr\u00e1i c\u00e2y \u0103n u\u1ed1ng \u0103n u\u1ed1ng \u0111\u1ed3 \u0103n snack \u0111\u1ed3 \u0103n pudding\",\"breadcrumb\":{\"@id\":\"https:\/\/yixinfoods.website\/vi\/product\/trai-cay-mut\/#breadcrumb\"},\"inLanguage\":\"ru-RU\",\"potentialAction\":[{\"@type\":\"ReadAction\",\"target\":[\"https:\/\/yixinfoods.website\/vi\/product\/trai-cay-mut\/\"]}]},{\"@type\":\"ImageObject\",\"inLanguage\":\"ru-RU\",\"@id\":\"https:\/\/yixinfoods.website\/vi\/product\/trai-cay-mut\/#primaryimage\",\"url\":\"https:\/\/yixinfoods.website\/wp-content\/uploads\/2022\/10\/783278.jpg\",\"contentUrl\":\"https:\/\/yixinfoods.website\/wp-content\/uploads\/2022\/10\/783278.jpg\",\"width\":640,\"height\":640,\"caption\":\"Fruity Sucking Jelly Drink Bagged Q Suck Jelly Drink\"},{\"@type\":\"BreadcrumbList\",\"@id\":\"https:\/\/yixinfoods.website\/vi\/product\/trai-cay-mut\/#breadcrumb\",\"itemListElement\":[{\"@type\":\"ListItem\",\"position\":1,\"name\":\"Home\",\"item\":\"https:\/\/yixinfoods.website\/\"},{\"@type\":\"ListItem\",\"position\":2,\"name\":\"product\",\"item\":\"https:\/\/yixinfoods.website\/product\/\"},{\"@type\":\"ListItem\",\"position\":3,\"name\":\"Tr\u00e1i c\u00e2y m\u00fat n\u01b0\u1edbc u\u1ed1ng\"}]},{\"@type\":\"WebSite\",\"@id\":\"https:\/\/yixinfoods.website\/#website\",\"url\":\"https:\/\/yixinfoods.website\/\",\"name\":\"Candy Manufacturer\",\"description\":\"\",\"publisher\":{\"@id\":\"https:\/\/yixinfoods.website\/#organization\"},\"potentialAction\":[{\"@type\":\"SearchAction\",\"target\":{\"@type\":\"EntryPoint\",\"urlTemplate\":\"https:\/\/yixinfoods.website\/?s={search_term_string}\"},\"query-input\":{\"@type\":\"PropertyValueSpecification\",\"valueRequired\":true,\"valueName\":\"search_term_string\"}}],\"inLanguage\":\"ru-RU\"},{\"@type\":\"Organization\",\"@id\":\"https:\/\/yixinfoods.website\/#organization\",\"name\":\"Shantou Yixin Foods Co., Ltd.\",\"url\":\"https:\/\/yixinfoods.website\/\",\"logo\":{\"@type\":\"ImageObject\",\"inLanguage\":\"ru-RU\",\"@id\":\"https:\/\/yixinfoods.website\/#\/schema\/logo\/image\/\",\"url\":\"https:\/\/yixinfoods.website\/wp-content\/uploads\/2023\/05\/21.png\",\"contentUrl\":\"https:\/\/yixinfoods.website\/wp-content\/uploads\/2023\/05\/21.png\",\"width\":1080,\"height\":1080,\"caption\":\"Shantou Yixin Foods Co., Ltd.\"},\"image\":{\"@id\":\"https:\/\/yixinfoods.website\/#\/schema\/logo\/image\/\"},\"sameAs\":[\"https:\/\/www.facebook.com\/oemcandies\",\"https:\/\/x.com\/oemcandy\"]}]}<\/script>\n<!-- \/ Yoast SEO plugin. -->","yoast_head_json":{"title":"b\u00e1n s\u1ec9 Tr\u00e1i c\u00e2y m\u00fat n\u01b0\u1edbc u\u1ed1ng | Nh\u00e0 m\u00e1y k\u1eb9o","description":"Yixinfoods Nh\u00e0 m\u00e1y k\u1eb9o B\u00e1n bu\u00f4n tr\u00e1i c\u00e2y h\u1ed7n h\u1ee3p h\u01b0\u01a1ng v\u1ecb m\u00fat th\u1ea1ch ng\u1ecdt gelatina tr\u1ed9n tr\u00e1i c\u00e2y \u0103n u\u1ed1ng \u0103n u\u1ed1ng \u0111\u1ed3 \u0103n snack \u0111\u1ed3 \u0103n pudding","robots":{"index":"index","follow":"follow","max-snippet":"max-snippet:-1","max-image-preview":"max-image-preview:large","max-video-preview":"max-video-preview:-1"},"canonical":"https:\/\/yixinfoods.website\/ru\/vi\/product\/trai-cay-mut\/","og_locale":"ru_RU","og_type":"article","og_title":"b\u00e1n s\u1ec9 Tr\u00e1i c\u00e2y m\u00fat n\u01b0\u1edbc u\u1ed1ng | Nh\u00e0 m\u00e1y k\u1eb9o","og_description":"Yixinfoods Nh\u00e0 m\u00e1y k\u1eb9o B\u00e1n bu\u00f4n tr\u00e1i c\u00e2y h\u1ed7n h\u1ee3p h\u01b0\u01a1ng v\u1ecb m\u00fat th\u1ea1ch ng\u1ecdt gelatina tr\u1ed9n tr\u00e1i c\u00e2y \u0103n u\u1ed1ng \u0103n u\u1ed1ng \u0111\u1ed3 \u0103n snack \u0111\u1ed3 \u0103n pudding","og_url":"https:\/\/yixinfoods.website\/ru\/vi\/product\/trai-cay-mut\/","og_site_name":"Shantou Yixinfood Official Website","article_publisher":"https:\/\/www.facebook.com\/oemcandies","article_modified_time":"2022-10-17T07:50:08+00:00","og_image":[{"width":640,"height":640,"url":"https:\/\/yixinfoods.website\/wp-content\/uploads\/2022\/10\/783278.jpg","type":"image\/jpeg"}],"twitter_card":"summary_large_image","twitter_site":"@oemcandy","twitter_misc":{"\u041f\u0440\u0438\u043c\u0435\u0440\u043d\u043e\u0435 \u0432\u0440\u0435\u043c\u044f \u0434\u043b\u044f \u0447\u0442\u0435\u043d\u0438\u044f":"1 \u043c\u0438\u043d\u0443\u0442\u0430"},"schema":{"@context":"https:\/\/schema.org","@graph":[{"@type":"WebPage","@id":"https:\/\/yixinfoods.website\/vi\/product\/trai-cay-mut\/","url":"https:\/\/yixinfoods.website\/vi\/product\/trai-cay-mut\/","name":"b\u00e1n s\u1ec9 Tr\u00e1i c\u00e2y m\u00fat n\u01b0\u1edbc u\u1ed1ng | Nh\u00e0 m\u00e1y k\u1eb9o","isPartOf":{"@id":"https:\/\/yixinfoods.website\/#website"},"primaryImageOfPage":{"@id":"https:\/\/yixinfoods.website\/vi\/product\/trai-cay-mut\/#primaryimage"},"image":{"@id":"https:\/\/yixinfoods.website\/vi\/product\/trai-cay-mut\/#primaryimage"},"thumbnailUrl":"https:\/\/yixinfoods.website\/wp-content\/uploads\/2022\/10\/783278.jpg","datePublished":"2022-10-17T07:43:33+00:00","dateModified":"2022-10-17T07:50:08+00:00","description":"Yixinfoods Nh\u00e0 m\u00e1y k\u1eb9o B\u00e1n bu\u00f4n tr\u00e1i c\u00e2y h\u1ed7n h\u1ee3p h\u01b0\u01a1ng v\u1ecb m\u00fat th\u1ea1ch ng\u1ecdt gelatina tr\u1ed9n tr\u00e1i c\u00e2y \u0103n u\u1ed1ng \u0103n u\u1ed1ng \u0111\u1ed3 \u0103n snack \u0111\u1ed3 \u0103n pudding","breadcrumb":{"@id":"https:\/\/yixinfoods.website\/vi\/product\/trai-cay-mut\/#breadcrumb"},"inLanguage":"ru-RU","potentialAction":[{"@type":"ReadAction","target":["https:\/\/yixinfoods.website\/vi\/product\/trai-cay-mut\/"]}]},{"@type":"ImageObject","inLanguage":"ru-RU","@id":"https:\/\/yixinfoods.website\/vi\/product\/trai-cay-mut\/#primaryimage","url":"https:\/\/yixinfoods.website\/wp-content\/uploads\/2022\/10\/783278.jpg","contentUrl":"https:\/\/yixinfoods.website\/wp-content\/uploads\/2022\/10\/783278.jpg","width":640,"height":640,"caption":"Fruity Sucking Jelly Drink Bagged Q Suck Jelly Drink"},{"@type":"BreadcrumbList","@id":"https:\/\/yixinfoods.website\/vi\/product\/trai-cay-mut\/#breadcrumb","itemListElement":[{"@type":"ListItem","position":1,"name":"Home","item":"https:\/\/yixinfoods.website\/"},{"@type":"ListItem","position":2,"name":"product","item":"https:\/\/yixinfoods.website\/product\/"},{"@type":"ListItem","position":3,"name":"Tr\u00e1i c\u00e2y m\u00fat n\u01b0\u1edbc u\u1ed1ng"}]},{"@type":"WebSite","@id":"https:\/\/yixinfoods.website\/#website","url":"https:\/\/yixinfoods.website\/","name":"Candy Manufacturer","description":"","publisher":{"@id":"https:\/\/yixinfoods.website\/#organization"},"potentialAction":[{"@type":"SearchAction","target":{"@type":"EntryPoint","urlTemplate":"https:\/\/yixinfoods.website\/?s={search_term_string}"},"query-input":{"@type":"PropertyValueSpecification","valueRequired":true,"valueName":"search_term_string"}}],"inLanguage":"ru-RU"},{"@type":"Organization","@id":"https:\/\/yixinfoods.website\/#organization","name":"Shantou Yixin Foods Co., Ltd.","url":"https:\/\/yixinfoods.website\/","logo":{"@type":"ImageObject","inLanguage":"ru-RU","@id":"https:\/\/yixinfoods.website\/#\/schema\/logo\/image\/","url":"https:\/\/yixinfoods.website\/wp-content\/uploads\/2023\/05\/21.png","contentUrl":"https:\/\/yixinfoods.website\/wp-content\/uploads\/2023\/05\/21.png","width":1080,"height":1080,"caption":"Shantou Yixin Foods Co., Ltd."},"image":{"@id":"https:\/\/yixinfoods.website\/#\/schema\/logo\/image\/"},"sameAs":["https:\/\/www.facebook.com\/oemcandies","https:\/\/x.com\/oemcandy"]}]}},"_links":{"self":[{"href":"https:\/\/yixinfoods.website\/ru\/wp-json\/wp\/v2\/product\/3216","targetHints":{"allow":["GET"]}}],"collection":[{"href":"https:\/\/yixinfoods.website\/ru\/wp-json\/wp\/v2\/product"}],"about":[{"href":"https:\/\/yixinfoods.website\/ru\/wp-json\/wp\/v2\/types\/product"}],"replies":[{"embeddable":true,"href":"https:\/\/yixinfoods.website\/ru\/wp-json\/wp\/v2\/comments?post=3216"}],"wp:featuredmedia":[{"embeddable":true,"href":"https:\/\/yixinfoods.website\/ru\/wp-json\/wp\/v2\/media\/3217"}],"wp:attachment":[{"href":"https:\/\/yixinfoods.website\/ru\/wp-json\/wp\/v2\/media?parent=3216"}],"wp:term":[{"taxonomy":"product_brand","embeddable":true,"href":"https:\/\/yixinfoods.website\/ru\/wp-json\/wp\/v2\/product_brand?post=3216"},{"taxonomy":"product_cat","embeddable":true,"href":"https:\/\/yixinfoods.website\/ru\/wp-json\/wp\/v2\/product_cat?post=3216"},{"taxonomy":"product_tag","embeddable":true,"href":"https:\/\/yixinfoods.website\/ru\/wp-json\/wp\/v2\/product_tag?post=3216"}],"curies":[{"name":"wp","href":"https:\/\/api.w.org\/{rel}","templated":true}]}}