{"id":3234,"date":"2022-10-17T07:55:36","date_gmt":"2022-10-17T07:55:36","guid":{"rendered":"https:\/\/yixinfoods.website\/?post_type=product&#038;p=3234"},"modified":"2025-08-07T02:46:59","modified_gmt":"2025-08-07T02:46:59","slug":"coi-xamut-keo","status":"publish","type":"product","link":"https:\/\/yixinfoods.website\/ru\/product\/coi-xamut-keo\/","title":{"rendered":"C\u1ed1i xay gi\u00f3 h\u00ecnh k\u1eb9o m\u00fat k\u1eb9o"},"content":{"rendered":"<p>K\u1eb9o b\u00e1n bu\u00f4n\/ LOGO t\u00f9y ch\u1ec9nh OEM\/ ODM Candy\/ M\u00e0ng th\u1ea7n c\u00f3 h\u00ecnh l\u00f2 s\u01b0\u1edfi Tr\u1ebb em \u0110\u1ed3 ch\u01a1i fondant \u0111\u1ed3 ch\u01a1i m\u1ec1m Vitamin C k\u1eb9o d\u1ebbo b\u1ed5 d\u01b0\u1ee1ng.<a href=\"https:\/\/yixinfoods.website\/ru\/vi\/tiep-xuc\/\">li\u00ean h\u1ec7 ch\u00fang t\u00f4i<\/a><\/p>\n<p><!--more--><\/p>\n<div style=\"width: 640px;\" class=\"wp-video\"><!--[if lt IE 9]><script>document.createElement('video');<\/script><![endif]-->\n<video class=\"wp-video-shortcode\" id=\"video-3234-1\" width=\"640\" height=\"360\" preload=\"metadata\" controls=\"controls\"><source type=\"video\/mp4\" src=\"https:\/\/cloud.video.alibaba.com\/play\/u\/2153292369\/p\/1\/e\/6\/t\/1\/d\/ld\/375230594323.mp4?_=1\" \/><a href=\"https:\/\/cloud.video.alibaba.com\/play\/u\/2153292369\/p\/1\/e\/6\/t\/1\/d\/ld\/375230594323.mp4\">https:\/\/cloud.video.alibaba.com\/play\/u\/2153292369\/p\/1\/e\/6\/t\/1\/d\/ld\/375230594323.mp4<\/a><\/video><\/div>\n<p><!--more--><\/p>\n<p>\u0110\u01b0\u1ee3c x\u00e2y d\u1ef1ng v\u00e0o n\u0103m 1997, Yixin Food chuy\u00ean ph\u00e1t tri\u1ec3n v\u00e0 ph\u00e2n ph\u1ed1i k\u1eb9o. C\u00e1c s\u1ea3n ph\u1ea9m ch\u00ednh c\u1ee7a ch\u00fang t\u00f4i l\u00e0 t\u1ea5t c\u1ea3 c\u00e1c lo\u1ea1i k\u1eb9o l\u1ecfng, k\u1eb9o phun, k\u1eb9o b\u1ed9t nh\u01b0 CC Stick, Instant Juice Powder, Bubble Gums v\u00e0 nhai N\u01b0\u1edbu, v\u00e0 t\u1ea5t c\u1ea3 c\u00e1c lo\u1ea1i b\u00e1nh quy.<\/p>","protected":false},"excerpt":{"rendered":"<div class=\"price-item\">\n<div class=\"quality\">500\u00a0\u2013\u00a0999\u00a0cartons<\/div>\n<div class=\"price\"><span class=\"promotion\">$0.90<\/span><\/div>\n<\/div>\n<div class=\"price-item\">\n<div class=\"quality\">1000\u00a0\u2013\u00a04999\u00a0cartons<\/div>\n<div class=\"price\"><span class=\"\">$0.60<\/span><\/div>\n<\/div>\n<div class=\"price-item\">\n<div class=\"quality\">&gt;=\u00a05000\u00a0cartons<\/div>\n<div class=\"price\"><span class=\"\">$0.52<\/span><\/div>\n<\/div>","protected":false},"featured_media":1276,"comment_status":"open","ping_status":"closed","template":"","meta":{"site-sidebar-layout":"default","site-content-layout":"content-boxed-container","ast-site-content-layout":"normal-width-container","site-content-style":"boxed","site-sidebar-style":"unboxed","ast-global-header-display":"","ast-banner-title-visibility":"","ast-main-header-display":"","ast-hfb-above-header-display":"","ast-hfb-below-header-display":"","ast-hfb-mobile-header-display":"","site-post-title":"","ast-breadcrumbs-content":"","ast-featured-img":"","footer-sml-layout":"","theme-transparent-header-meta":"default","adv-header-id-meta":"","stick-header-meta":"","header-above-stick-meta":"","header-main-stick-meta":"","header-below-stick-meta":"","astra-migrate-meta-layouts":"set","ast-page-background-enabled":"default","ast-page-background-meta":{"desktop":{"background-color":"var(--ast-global-color-4)","background-image":"","background-repeat":"repeat","background-position":"center center","background-size":"auto","background-attachment":"scroll","background-type":"","background-media":"","overlay-type":"","overlay-color":"","overlay-opacity":"","overlay-gradient":""},"tablet":{"background-color":"","background-image":"","background-repeat":"repeat","background-position":"center center","background-size":"auto","background-attachment":"scroll","background-type":"","background-media":"","overlay-type":"","overlay-color":"","overlay-opacity":"","overlay-gradient":""},"mobile":{"background-color":"","background-image":"","background-repeat":"repeat","background-position":"center center","background-size":"auto","background-attachment":"scroll","background-type":"","background-media":"","overlay-type":"","overlay-color":"","overlay-opacity":"","overlay-gradient":""}},"ast-content-background-meta":{"desktop":{"background-color":"var(--ast-global-color-5)","background-image":"","background-repeat":"repeat","background-position":"center center","background-size":"auto","background-attachment":"scroll","background-type":"","background-media":"","overlay-type":"","overlay-color":"","overlay-opacity":"","overlay-gradient":""},"tablet":{"background-color":"var(--ast-global-color-5)","background-image":"","background-repeat":"repeat","background-position":"center center","background-size":"auto","background-attachment":"scroll","background-type":"","background-media":"","overlay-type":"","overlay-color":"","overlay-opacity":"","overlay-gradient":""},"mobile":{"background-color":"var(--ast-global-color-5)","background-image":"","background-repeat":"repeat","background-position":"center center","background-size":"auto","background-attachment":"scroll","background-type":"","background-media":"","overlay-type":"","overlay-color":"","overlay-opacity":"","overlay-gradient":""}}},"product_brand":[],"product_cat":[418,434],"product_tag":[],"class_list":{"0":"post-3234","1":"product","2":"type-product","3":"status-publish","4":"has-post-thumbnail","6":"product_cat-keo-deo","7":"product_cat-keo-do-choi","8":"desktop-align-left","9":"tablet-align-left","10":"mobile-align-left","12":"first","13":"instock","14":"virtual","15":"purchasable","16":"product-type-simple"},"yoast_head":"<!-- This site is optimized with the Yoast SEO plugin v26.8 - https:\/\/yoast.com\/product\/yoast-seo-wordpress\/ -->\n<title>C\u1ed1i xay gi\u00f3 h\u00ecnh k\u1eb9o m\u00fat k\u1eb9o M\u1eabu mi\u1ec5n ph\u00ed | Nh\u00e0 m\u00e1y k\u1eb9o<\/title>\n<meta name=\"description\" content=\"K\u1eb9o b\u00e1n bu\u00f4n\/ LOGO t\u00f9y ch\u1ec9nh OEM\/ ODM Candy\/M\u00e0ng th\u1ea7n c\u00f3 h\u00ecnh l\u00f2 s\u01b0\u1edfiTr\u1ebb em\u0110\u1ed3 ch\u01a1i fondant \u0111\u1ed3 ch\u01a1i m\u1ec1m Vitamin C k\u1eb9o d\u1ebbo b\u1ed5 d\u01b0\u1ee1ng.\" \/>\n<meta name=\"robots\" content=\"index, follow, max-snippet:-1, max-image-preview:large, max-video-preview:-1\" \/>\n<link rel=\"canonical\" href=\"https:\/\/yixinfoods.website\/ru\/product\/coi-xamut-keo\/\" \/>\n<meta property=\"og:locale\" content=\"ru_RU\" \/>\n<meta property=\"og:type\" content=\"article\" \/>\n<meta property=\"og:title\" content=\"C\u1ed1i xay gi\u00f3 h\u00ecnh k\u1eb9o m\u00fat k\u1eb9o M\u1eabu mi\u1ec5n ph\u00ed | Nh\u00e0 m\u00e1y k\u1eb9o\" \/>\n<meta property=\"og:description\" content=\"K\u1eb9o b\u00e1n bu\u00f4n\/ LOGO t\u00f9y ch\u1ec9nh OEM\/ ODM Candy\/M\u00e0ng th\u1ea7n c\u00f3 h\u00ecnh l\u00f2 s\u01b0\u1edfiTr\u1ebb em\u0110\u1ed3 ch\u01a1i fondant \u0111\u1ed3 ch\u01a1i m\u1ec1m Vitamin C k\u1eb9o d\u1ebbo b\u1ed5 d\u01b0\u1ee1ng.\" \/>\n<meta property=\"og:url\" content=\"https:\/\/yixinfoods.website\/ru\/product\/coi-xamut-keo\/\" \/>\n<meta property=\"og:site_name\" content=\"Shantou Yixinfood Official Website\" \/>\n<meta property=\"article:publisher\" content=\"https:\/\/www.facebook.com\/oemcandies\" \/>\n<meta property=\"article:modified_time\" content=\"2025-08-07T02:46:59+00:00\" \/>\n<meta property=\"og:image\" content=\"https:\/\/yixinfoods.website\/wp-content\/uploads\/2021\/08\/00.jpg\" \/>\n\t<meta property=\"og:image:width\" content=\"800\" \/>\n\t<meta property=\"og:image:height\" content=\"800\" \/>\n\t<meta property=\"og:image:type\" content=\"image\/jpeg\" \/>\n<meta name=\"twitter:card\" content=\"summary_large_image\" \/>\n<meta name=\"twitter:site\" content=\"@oemcandy\" \/>\n<meta name=\"twitter:label1\" content=\"\u041f\u0440\u0438\u043c\u0435\u0440\u043d\u043e\u0435 \u0432\u0440\u0435\u043c\u044f \u0434\u043b\u044f \u0447\u0442\u0435\u043d\u0438\u044f\" \/>\n\t<meta name=\"twitter:data1\" content=\"1 \u043c\u0438\u043d\u0443\u0442\u0430\" \/>\n<script type=\"application\/ld+json\" class=\"yoast-schema-graph\">{\"@context\":\"https:\/\/schema.org\",\"@graph\":[{\"@type\":\"WebPage\",\"@id\":\"https:\/\/yixinfoods.website\/product\/coi-xamut-keo\/\",\"url\":\"https:\/\/yixinfoods.website\/product\/coi-xamut-keo\/\",\"name\":\"C\u1ed1i xay gi\u00f3 h\u00ecnh k\u1eb9o m\u00fat k\u1eb9o M\u1eabu mi\u1ec5n ph\u00ed | Nh\u00e0 m\u00e1y k\u1eb9o\",\"isPartOf\":{\"@id\":\"https:\/\/yixinfoods.website\/#website\"},\"primaryImageOfPage\":{\"@id\":\"https:\/\/yixinfoods.website\/product\/coi-xamut-keo\/#primaryimage\"},\"image\":{\"@id\":\"https:\/\/yixinfoods.website\/product\/coi-xamut-keo\/#primaryimage\"},\"thumbnailUrl\":\"https:\/\/yixinfoods.website\/wp-content\/uploads\/2021\/08\/00.jpg\",\"datePublished\":\"2022-10-17T07:55:36+00:00\",\"dateModified\":\"2025-08-07T02:46:59+00:00\",\"description\":\"K\u1eb9o b\u00e1n bu\u00f4n\/ LOGO t\u00f9y ch\u1ec9nh OEM\/ ODM Candy\/M\u00e0ng th\u1ea7n c\u00f3 h\u00ecnh l\u00f2 s\u01b0\u1edfiTr\u1ebb em\u0110\u1ed3 ch\u01a1i fondant \u0111\u1ed3 ch\u01a1i m\u1ec1m Vitamin C k\u1eb9o d\u1ebbo b\u1ed5 d\u01b0\u1ee1ng.\",\"breadcrumb\":{\"@id\":\"https:\/\/yixinfoods.website\/product\/coi-xamut-keo\/#breadcrumb\"},\"inLanguage\":\"ru-RU\",\"potentialAction\":[{\"@type\":\"ReadAction\",\"target\":[\"https:\/\/yixinfoods.website\/product\/coi-xamut-keo\/\"]}]},{\"@type\":\"ImageObject\",\"inLanguage\":\"ru-RU\",\"@id\":\"https:\/\/yixinfoods.website\/product\/coi-xamut-keo\/#primaryimage\",\"url\":\"https:\/\/yixinfoods.website\/wp-content\/uploads\/2021\/08\/00.jpg\",\"contentUrl\":\"https:\/\/yixinfoods.website\/wp-content\/uploads\/2021\/08\/00.jpg\",\"width\":800,\"height\":800,\"caption\":\"pinwheel gummy\"},{\"@type\":\"BreadcrumbList\",\"@id\":\"https:\/\/yixinfoods.website\/product\/coi-xamut-keo\/#breadcrumb\",\"itemListElement\":[{\"@type\":\"ListItem\",\"position\":1,\"name\":\"Home\",\"item\":\"https:\/\/yixinfoods.website\/\"},{\"@type\":\"ListItem\",\"position\":2,\"name\":\"product\",\"item\":\"https:\/\/yixinfoods.website\/product\/\"},{\"@type\":\"ListItem\",\"position\":3,\"name\":\"C\u1ed1i xay gi\u00f3 h\u00ecnh k\u1eb9o m\u00fat k\u1eb9o\"}]},{\"@type\":\"WebSite\",\"@id\":\"https:\/\/yixinfoods.website\/#website\",\"url\":\"https:\/\/yixinfoods.website\/\",\"name\":\"Candy Manufacturer\",\"description\":\"\",\"publisher\":{\"@id\":\"https:\/\/yixinfoods.website\/#organization\"},\"potentialAction\":[{\"@type\":\"SearchAction\",\"target\":{\"@type\":\"EntryPoint\",\"urlTemplate\":\"https:\/\/yixinfoods.website\/?s={search_term_string}\"},\"query-input\":{\"@type\":\"PropertyValueSpecification\",\"valueRequired\":true,\"valueName\":\"search_term_string\"}}],\"inLanguage\":\"ru-RU\"},{\"@type\":\"Organization\",\"@id\":\"https:\/\/yixinfoods.website\/#organization\",\"name\":\"Shantou Yixin Foods Co., Ltd.\",\"url\":\"https:\/\/yixinfoods.website\/\",\"logo\":{\"@type\":\"ImageObject\",\"inLanguage\":\"ru-RU\",\"@id\":\"https:\/\/yixinfoods.website\/#\/schema\/logo\/image\/\",\"url\":\"https:\/\/yixinfoods.website\/wp-content\/uploads\/2023\/05\/21.png\",\"contentUrl\":\"https:\/\/yixinfoods.website\/wp-content\/uploads\/2023\/05\/21.png\",\"width\":1080,\"height\":1080,\"caption\":\"Shantou Yixin Foods Co., Ltd.\"},\"image\":{\"@id\":\"https:\/\/yixinfoods.website\/#\/schema\/logo\/image\/\"},\"sameAs\":[\"https:\/\/www.facebook.com\/oemcandies\",\"https:\/\/x.com\/oemcandy\"]}]}<\/script>\n<!-- \/ Yoast SEO plugin. -->","yoast_head_json":{"title":"C\u1ed1i xay gi\u00f3 h\u00ecnh k\u1eb9o m\u00fat k\u1eb9o M\u1eabu mi\u1ec5n ph\u00ed | Nh\u00e0 m\u00e1y k\u1eb9o","description":"K\u1eb9o b\u00e1n bu\u00f4n\/ LOGO t\u00f9y ch\u1ec9nh OEM\/ ODM Candy\/M\u00e0ng th\u1ea7n c\u00f3 h\u00ecnh l\u00f2 s\u01b0\u1edfiTr\u1ebb em\u0110\u1ed3 ch\u01a1i fondant \u0111\u1ed3 ch\u01a1i m\u1ec1m Vitamin C k\u1eb9o d\u1ebbo b\u1ed5 d\u01b0\u1ee1ng.","robots":{"index":"index","follow":"follow","max-snippet":"max-snippet:-1","max-image-preview":"max-image-preview:large","max-video-preview":"max-video-preview:-1"},"canonical":"https:\/\/yixinfoods.website\/ru\/product\/coi-xamut-keo\/","og_locale":"ru_RU","og_type":"article","og_title":"C\u1ed1i xay gi\u00f3 h\u00ecnh k\u1eb9o m\u00fat k\u1eb9o M\u1eabu mi\u1ec5n ph\u00ed | Nh\u00e0 m\u00e1y k\u1eb9o","og_description":"K\u1eb9o b\u00e1n bu\u00f4n\/ LOGO t\u00f9y ch\u1ec9nh OEM\/ ODM Candy\/M\u00e0ng th\u1ea7n c\u00f3 h\u00ecnh l\u00f2 s\u01b0\u1edfiTr\u1ebb em\u0110\u1ed3 ch\u01a1i fondant \u0111\u1ed3 ch\u01a1i m\u1ec1m Vitamin C k\u1eb9o d\u1ebbo b\u1ed5 d\u01b0\u1ee1ng.","og_url":"https:\/\/yixinfoods.website\/ru\/product\/coi-xamut-keo\/","og_site_name":"Shantou Yixinfood Official Website","article_publisher":"https:\/\/www.facebook.com\/oemcandies","article_modified_time":"2025-08-07T02:46:59+00:00","og_image":[{"width":800,"height":800,"url":"https:\/\/yixinfoods.website\/wp-content\/uploads\/2021\/08\/00.jpg","type":"image\/jpeg"}],"twitter_card":"summary_large_image","twitter_site":"@oemcandy","twitter_misc":{"\u041f\u0440\u0438\u043c\u0435\u0440\u043d\u043e\u0435 \u0432\u0440\u0435\u043c\u044f \u0434\u043b\u044f \u0447\u0442\u0435\u043d\u0438\u044f":"1 \u043c\u0438\u043d\u0443\u0442\u0430"},"schema":{"@context":"https:\/\/schema.org","@graph":[{"@type":"WebPage","@id":"https:\/\/yixinfoods.website\/product\/coi-xamut-keo\/","url":"https:\/\/yixinfoods.website\/product\/coi-xamut-keo\/","name":"C\u1ed1i xay gi\u00f3 h\u00ecnh k\u1eb9o m\u00fat k\u1eb9o M\u1eabu mi\u1ec5n ph\u00ed | Nh\u00e0 m\u00e1y k\u1eb9o","isPartOf":{"@id":"https:\/\/yixinfoods.website\/#website"},"primaryImageOfPage":{"@id":"https:\/\/yixinfoods.website\/product\/coi-xamut-keo\/#primaryimage"},"image":{"@id":"https:\/\/yixinfoods.website\/product\/coi-xamut-keo\/#primaryimage"},"thumbnailUrl":"https:\/\/yixinfoods.website\/wp-content\/uploads\/2021\/08\/00.jpg","datePublished":"2022-10-17T07:55:36+00:00","dateModified":"2025-08-07T02:46:59+00:00","description":"K\u1eb9o b\u00e1n bu\u00f4n\/ LOGO t\u00f9y ch\u1ec9nh OEM\/ ODM Candy\/M\u00e0ng th\u1ea7n c\u00f3 h\u00ecnh l\u00f2 s\u01b0\u1edfiTr\u1ebb em\u0110\u1ed3 ch\u01a1i fondant \u0111\u1ed3 ch\u01a1i m\u1ec1m Vitamin C k\u1eb9o d\u1ebbo b\u1ed5 d\u01b0\u1ee1ng.","breadcrumb":{"@id":"https:\/\/yixinfoods.website\/product\/coi-xamut-keo\/#breadcrumb"},"inLanguage":"ru-RU","potentialAction":[{"@type":"ReadAction","target":["https:\/\/yixinfoods.website\/product\/coi-xamut-keo\/"]}]},{"@type":"ImageObject","inLanguage":"ru-RU","@id":"https:\/\/yixinfoods.website\/product\/coi-xamut-keo\/#primaryimage","url":"https:\/\/yixinfoods.website\/wp-content\/uploads\/2021\/08\/00.jpg","contentUrl":"https:\/\/yixinfoods.website\/wp-content\/uploads\/2021\/08\/00.jpg","width":800,"height":800,"caption":"pinwheel gummy"},{"@type":"BreadcrumbList","@id":"https:\/\/yixinfoods.website\/product\/coi-xamut-keo\/#breadcrumb","itemListElement":[{"@type":"ListItem","position":1,"name":"Home","item":"https:\/\/yixinfoods.website\/"},{"@type":"ListItem","position":2,"name":"product","item":"https:\/\/yixinfoods.website\/product\/"},{"@type":"ListItem","position":3,"name":"C\u1ed1i xay gi\u00f3 h\u00ecnh k\u1eb9o m\u00fat k\u1eb9o"}]},{"@type":"WebSite","@id":"https:\/\/yixinfoods.website\/#website","url":"https:\/\/yixinfoods.website\/","name":"Candy Manufacturer","description":"","publisher":{"@id":"https:\/\/yixinfoods.website\/#organization"},"potentialAction":[{"@type":"SearchAction","target":{"@type":"EntryPoint","urlTemplate":"https:\/\/yixinfoods.website\/?s={search_term_string}"},"query-input":{"@type":"PropertyValueSpecification","valueRequired":true,"valueName":"search_term_string"}}],"inLanguage":"ru-RU"},{"@type":"Organization","@id":"https:\/\/yixinfoods.website\/#organization","name":"Shantou Yixin Foods Co., Ltd.","url":"https:\/\/yixinfoods.website\/","logo":{"@type":"ImageObject","inLanguage":"ru-RU","@id":"https:\/\/yixinfoods.website\/#\/schema\/logo\/image\/","url":"https:\/\/yixinfoods.website\/wp-content\/uploads\/2023\/05\/21.png","contentUrl":"https:\/\/yixinfoods.website\/wp-content\/uploads\/2023\/05\/21.png","width":1080,"height":1080,"caption":"Shantou Yixin Foods Co., Ltd."},"image":{"@id":"https:\/\/yixinfoods.website\/#\/schema\/logo\/image\/"},"sameAs":["https:\/\/www.facebook.com\/oemcandies","https:\/\/x.com\/oemcandy"]}]}},"_links":{"self":[{"href":"https:\/\/yixinfoods.website\/ru\/wp-json\/wp\/v2\/product\/3234","targetHints":{"allow":["GET"]}}],"collection":[{"href":"https:\/\/yixinfoods.website\/ru\/wp-json\/wp\/v2\/product"}],"about":[{"href":"https:\/\/yixinfoods.website\/ru\/wp-json\/wp\/v2\/types\/product"}],"replies":[{"embeddable":true,"href":"https:\/\/yixinfoods.website\/ru\/wp-json\/wp\/v2\/comments?post=3234"}],"wp:featuredmedia":[{"embeddable":true,"href":"https:\/\/yixinfoods.website\/ru\/wp-json\/wp\/v2\/media\/1276"}],"wp:attachment":[{"href":"https:\/\/yixinfoods.website\/ru\/wp-json\/wp\/v2\/media?parent=3234"}],"wp:term":[{"taxonomy":"product_brand","embeddable":true,"href":"https:\/\/yixinfoods.website\/ru\/wp-json\/wp\/v2\/product_brand?post=3234"},{"taxonomy":"product_cat","embeddable":true,"href":"https:\/\/yixinfoods.website\/ru\/wp-json\/wp\/v2\/product_cat?post=3234"},{"taxonomy":"product_tag","embeddable":true,"href":"https:\/\/yixinfoods.website\/ru\/wp-json\/wp\/v2\/product_tag?post=3234"}],"curies":[{"name":"wp","href":"https:\/\/api.w.org\/{rel}","templated":true}]}}