{"id":3295,"date":"2022-10-17T08:12:08","date_gmt":"2022-10-17T08:12:08","guid":{"rendered":"https:\/\/yixinfoods.website\/?post_type=product&#038;p=3295"},"modified":"2022-10-18T01:50:51","modified_gmt":"2022-10-18T01:50:51","slug":"long-bong-bong","status":"publish","type":"product","link":"https:\/\/yixinfoods.website\/ru\/product\/long-bong-bong\/","title":{"rendered":"Kem \u0111\u00e1nh r\u0103ng h\u00ecnh d\u1ea1ng ch\u1ea5t l\u1ecfng Bong b\u00f3ng Bong b\u00f3ng"},"content":{"rendered":"<p>B\u00e1n kem \u0111\u00e1nh r\u0103ng n\u00f3ng h\u00ecnh d\u1ea1ng ch\u1ea5t l\u1ecfng k\u1eb9o kem \u0111\u00e1nh r\u0103ng bong b\u00f3ng k\u1eb9o cao su.<a href=\"https:\/\/yixinfoods.website\/ru\/vi\/tiep-xuc\/\">li\u00ean h\u1ec7 ch\u00fang t\u00f4i<\/a><\/p>\n<p><!--more--><\/p>\n<p>Ch\u00fang t\u00f4i l\u00e0 nh\u00e0 s\u1ea3n xu\u1ea5t k\u1eb9o Trung Qu\u1ed1c. Ch\u00fang t\u00f4i c\u00f3 nh\u00e0 m\u00e1y ri\u00eang c\u1ee7a ch\u00fang t\u00f4i. C\u00f3 nhi\u1ec1u lo\u1ea1i k\u1eb9o. Ch\u00fang t\u00f4i c\u00f3 th\u1ec3 t\u00f9y ch\u1ec9nh c\u00e1c s\u1ea3n ph\u1ea9m th\u01b0\u01a1ng hi\u1ec7u c\u1ee7a ri\u00eang m\u00ecnh theo y\u00eau c\u1ea7u. Ch\u00fang t\u00f4i c\u0169ng c\u00f3 th\u1ec3 b\u00e1n bu\u00f4n k\u1eb9o v\u1edbi gi\u00e1 nh\u00e0 m\u00e1y.<!--more--><\/p>\n<p>\u0110\u01b0\u1ee3c x\u00e2y d\u1ef1ng v\u00e0o n\u0103m 1997, Yixin Food chuy\u00ean ph\u00e1t tri\u1ec3n v\u00e0 ph\u00e2n ph\u1ed1i k\u1eb9o. C\u00e1c s\u1ea3n ph\u1ea9m ch\u00ednh c\u1ee7a ch\u00fang t\u00f4i l\u00e0 t\u1ea5t c\u1ea3 c\u00e1c lo\u1ea1i k\u1eb9o l\u1ecfng, k\u1eb9o phun, k\u1eb9o b\u1ed9t nh\u01b0 CC Stick, Instant Juice Powder, Bubble Gums v\u00e0 nhai N\u01b0\u1edbu, v\u00e0 t\u1ea5t c\u1ea3 c\u00e1c lo\u1ea1i b\u00e1nh quy.<\/p>","protected":false},"excerpt":{"rendered":"<p><span class=\"price\" data-spm-anchor-id=\"a2700.details.0.i43.185f212dRnCoPw\">$1.00 \u2013 $2.00<\/span><span class=\"unit\">\/ carton\u00a0<\/span><\/p>\n<p><span class=\"moq\">500\u00a0carton\/cartons<\/span><span class=\"name\">(Min. Order)<\/span><\/p>","protected":false},"featured_media":3296,"comment_status":"open","ping_status":"closed","template":"","meta":{"site-sidebar-layout":"default","site-content-layout":"content-boxed-container","ast-site-content-layout":"","site-content-style":"default","site-sidebar-style":"default","ast-global-header-display":"","ast-banner-title-visibility":"","ast-main-header-display":"","ast-hfb-above-header-display":"","ast-hfb-below-header-display":"","ast-hfb-mobile-header-display":"","site-post-title":"","ast-breadcrumbs-content":"","ast-featured-img":"","footer-sml-layout":"","theme-transparent-header-meta":"default","adv-header-id-meta":"","stick-header-meta":"","header-above-stick-meta":"","header-main-stick-meta":"","header-below-stick-meta":"","astra-migrate-meta-layouts":"default","ast-page-background-enabled":"default","ast-page-background-meta":{"desktop":{"background-color":"var(--ast-global-color-4)","background-image":"","background-repeat":"repeat","background-position":"center center","background-size":"auto","background-attachment":"scroll","background-type":"","background-media":"","overlay-type":"","overlay-color":"","overlay-opacity":"","overlay-gradient":""},"tablet":{"background-color":"","background-image":"","background-repeat":"repeat","background-position":"center center","background-size":"auto","background-attachment":"scroll","background-type":"","background-media":"","overlay-type":"","overlay-color":"","overlay-opacity":"","overlay-gradient":""},"mobile":{"background-color":"","background-image":"","background-repeat":"repeat","background-position":"center center","background-size":"auto","background-attachment":"scroll","background-type":"","background-media":"","overlay-type":"","overlay-color":"","overlay-opacity":"","overlay-gradient":""}},"ast-content-background-meta":{"desktop":{"background-color":"var(--ast-global-color-5)","background-image":"","background-repeat":"repeat","background-position":"center center","background-size":"auto","background-attachment":"scroll","background-type":"","background-media":"","overlay-type":"","overlay-color":"","overlay-opacity":"","overlay-gradient":""},"tablet":{"background-color":"var(--ast-global-color-5)","background-image":"","background-repeat":"repeat","background-position":"center center","background-size":"auto","background-attachment":"scroll","background-type":"","background-media":"","overlay-type":"","overlay-color":"","overlay-opacity":"","overlay-gradient":""},"mobile":{"background-color":"var(--ast-global-color-5)","background-image":"","background-repeat":"repeat","background-position":"center center","background-size":"auto","background-attachment":"scroll","background-type":"","background-media":"","overlay-type":"","overlay-color":"","overlay-opacity":"","overlay-gradient":""}}},"product_brand":[],"product_cat":[424,426],"product_tag":[],"class_list":{"0":"post-3295","1":"product","2":"type-product","3":"status-publish","4":"has-post-thumbnail","6":"product_cat-keo-cao-su","7":"product_cat-keo-long","8":"desktop-align-left","9":"tablet-align-left","10":"mobile-align-left","12":"first","13":"instock","14":"virtual","15":"purchasable","16":"product-type-simple"},"yoast_head":"<!-- This site is optimized with the Yoast SEO plugin v26.8 - https:\/\/yoast.com\/product\/yoast-seo-wordpress\/ -->\n<title>Kem \u0111\u00e1nh r\u0103ng h\u00ecnh d\u1ea1ng ch\u1ea5t l\u1ecfng Bong b\u00f3ng Bong b\u00f3ng | Nh\u00e0 m\u00e1y k\u1eb9o<\/title>\n<meta name=\"description\" content=\"YixinfoodsB\u00e1n kem \u0111\u00e1nh r\u0103ng n\u00f3ng h\u00ecnh d\u1ea1ng ch\u1ea5t l\u1ecfng bong b\u00f3ng \u1ed1ng num| B\u00e1n bu\u00f4n k\u1eb9o Gummy k\u1eb9o \uff0c s\u00f4 c\u00f4 la \uff0c th\u1ea1ch \uff0c k\u1eb9o c\u1ee9ng \uff0c k\u1eb9o \u0111\u1ed3 ch\u01a1i \uff0c vv.\" \/>\n<meta name=\"robots\" content=\"index, follow, max-snippet:-1, max-image-preview:large, max-video-preview:-1\" \/>\n<link rel=\"canonical\" href=\"https:\/\/yixinfoods.website\/ru\/vi\/product\/long-bong-bong\/\" \/>\n<meta property=\"og:locale\" content=\"ru_RU\" \/>\n<meta property=\"og:type\" content=\"article\" \/>\n<meta property=\"og:title\" content=\"Kem \u0111\u00e1nh r\u0103ng h\u00ecnh d\u1ea1ng ch\u1ea5t l\u1ecfng Bong b\u00f3ng Bong b\u00f3ng | Nh\u00e0 m\u00e1y k\u1eb9o\" \/>\n<meta property=\"og:description\" content=\"YixinfoodsB\u00e1n kem \u0111\u00e1nh r\u0103ng n\u00f3ng h\u00ecnh d\u1ea1ng ch\u1ea5t l\u1ecfng bong b\u00f3ng \u1ed1ng num| B\u00e1n bu\u00f4n k\u1eb9o Gummy k\u1eb9o \uff0c s\u00f4 c\u00f4 la \uff0c th\u1ea1ch \uff0c k\u1eb9o c\u1ee9ng \uff0c k\u1eb9o \u0111\u1ed3 ch\u01a1i \uff0c vv.\" \/>\n<meta property=\"og:url\" content=\"https:\/\/yixinfoods.website\/ru\/vi\/product\/long-bong-bong\/\" \/>\n<meta property=\"og:site_name\" content=\"Shantou Yixinfood Official Website\" \/>\n<meta property=\"article:publisher\" content=\"https:\/\/www.facebook.com\/oemcandies\" \/>\n<meta property=\"article:modified_time\" content=\"2022-10-18T01:50:51+00:00\" \/>\n<meta property=\"og:image\" content=\"https:\/\/yixinfoods.website\/wp-content\/uploads\/2021\/08\/1-3.jpg\" \/>\n\t<meta property=\"og:image:width\" content=\"645\" \/>\n\t<meta property=\"og:image:height\" content=\"643\" \/>\n\t<meta property=\"og:image:type\" content=\"image\/jpeg\" \/>\n<meta name=\"twitter:card\" content=\"summary_large_image\" \/>\n<meta name=\"twitter:site\" content=\"@oemcandy\" \/>\n<meta name=\"twitter:label1\" content=\"\u041f\u0440\u0438\u043c\u0435\u0440\u043d\u043e\u0435 \u0432\u0440\u0435\u043c\u044f \u0434\u043b\u044f \u0447\u0442\u0435\u043d\u0438\u044f\" \/>\n\t<meta name=\"twitter:data1\" content=\"1 \u043c\u0438\u043d\u0443\u0442\u0430\" \/>\n<script type=\"application\/ld+json\" class=\"yoast-schema-graph\">{\"@context\":\"https:\/\/schema.org\",\"@graph\":[{\"@type\":\"WebPage\",\"@id\":\"https:\/\/yixinfoods.website\/vi\/product\/long-bong-bong\/\",\"url\":\"https:\/\/yixinfoods.website\/vi\/product\/long-bong-bong\/\",\"name\":\"Kem \u0111\u00e1nh r\u0103ng h\u00ecnh d\u1ea1ng ch\u1ea5t l\u1ecfng Bong b\u00f3ng Bong b\u00f3ng | Nh\u00e0 m\u00e1y k\u1eb9o\",\"isPartOf\":{\"@id\":\"https:\/\/yixinfoods.website\/#website\"},\"primaryImageOfPage\":{\"@id\":\"https:\/\/yixinfoods.website\/vi\/product\/long-bong-bong\/#primaryimage\"},\"image\":{\"@id\":\"https:\/\/yixinfoods.website\/vi\/product\/long-bong-bong\/#primaryimage\"},\"thumbnailUrl\":\"https:\/\/yixinfoods.website\/wp-content\/uploads\/2021\/08\/1-3.jpg\",\"datePublished\":\"2022-10-17T08:12:08+00:00\",\"dateModified\":\"2022-10-18T01:50:51+00:00\",\"description\":\"YixinfoodsB\u00e1n kem \u0111\u00e1nh r\u0103ng n\u00f3ng h\u00ecnh d\u1ea1ng ch\u1ea5t l\u1ecfng bong b\u00f3ng \u1ed1ng num| B\u00e1n bu\u00f4n k\u1eb9o Gummy k\u1eb9o \uff0c s\u00f4 c\u00f4 la \uff0c th\u1ea1ch \uff0c k\u1eb9o c\u1ee9ng \uff0c k\u1eb9o \u0111\u1ed3 ch\u01a1i \uff0c vv.\",\"breadcrumb\":{\"@id\":\"https:\/\/yixinfoods.website\/vi\/product\/long-bong-bong\/#breadcrumb\"},\"inLanguage\":\"ru-RU\",\"potentialAction\":[{\"@type\":\"ReadAction\",\"target\":[\"https:\/\/yixinfoods.website\/vi\/product\/long-bong-bong\/\"]}]},{\"@type\":\"ImageObject\",\"inLanguage\":\"ru-RU\",\"@id\":\"https:\/\/yixinfoods.website\/vi\/product\/long-bong-bong\/#primaryimage\",\"url\":\"https:\/\/yixinfoods.website\/wp-content\/uploads\/2021\/08\/1-3.jpg\",\"contentUrl\":\"https:\/\/yixinfoods.website\/wp-content\/uploads\/2021\/08\/1-3.jpg\",\"width\":645,\"height\":643,\"caption\":\"Toothpaste shape liquid tube bubble gum\"},{\"@type\":\"BreadcrumbList\",\"@id\":\"https:\/\/yixinfoods.website\/vi\/product\/long-bong-bong\/#breadcrumb\",\"itemListElement\":[{\"@type\":\"ListItem\",\"position\":1,\"name\":\"Home\",\"item\":\"https:\/\/yixinfoods.website\/\"},{\"@type\":\"ListItem\",\"position\":2,\"name\":\"product\",\"item\":\"https:\/\/yixinfoods.website\/product\/\"},{\"@type\":\"ListItem\",\"position\":3,\"name\":\"Kem \u0111\u00e1nh r\u0103ng h\u00ecnh d\u1ea1ng ch\u1ea5t l\u1ecfng Bong b\u00f3ng Bong b\u00f3ng\"}]},{\"@type\":\"WebSite\",\"@id\":\"https:\/\/yixinfoods.website\/#website\",\"url\":\"https:\/\/yixinfoods.website\/\",\"name\":\"Candy Manufacturer\",\"description\":\"\",\"publisher\":{\"@id\":\"https:\/\/yixinfoods.website\/#organization\"},\"potentialAction\":[{\"@type\":\"SearchAction\",\"target\":{\"@type\":\"EntryPoint\",\"urlTemplate\":\"https:\/\/yixinfoods.website\/?s={search_term_string}\"},\"query-input\":{\"@type\":\"PropertyValueSpecification\",\"valueRequired\":true,\"valueName\":\"search_term_string\"}}],\"inLanguage\":\"ru-RU\"},{\"@type\":\"Organization\",\"@id\":\"https:\/\/yixinfoods.website\/#organization\",\"name\":\"Shantou Yixin Foods Co., Ltd.\",\"url\":\"https:\/\/yixinfoods.website\/\",\"logo\":{\"@type\":\"ImageObject\",\"inLanguage\":\"ru-RU\",\"@id\":\"https:\/\/yixinfoods.website\/#\/schema\/logo\/image\/\",\"url\":\"https:\/\/yixinfoods.website\/wp-content\/uploads\/2023\/05\/21.png\",\"contentUrl\":\"https:\/\/yixinfoods.website\/wp-content\/uploads\/2023\/05\/21.png\",\"width\":1080,\"height\":1080,\"caption\":\"Shantou Yixin Foods Co., Ltd.\"},\"image\":{\"@id\":\"https:\/\/yixinfoods.website\/#\/schema\/logo\/image\/\"},\"sameAs\":[\"https:\/\/www.facebook.com\/oemcandies\",\"https:\/\/x.com\/oemcandy\"]}]}<\/script>\n<!-- \/ Yoast SEO plugin. -->","yoast_head_json":{"title":"Kem \u0111\u00e1nh r\u0103ng h\u00ecnh d\u1ea1ng ch\u1ea5t l\u1ecfng Bong b\u00f3ng Bong b\u00f3ng | Nh\u00e0 m\u00e1y k\u1eb9o","description":"YixinfoodsB\u00e1n kem \u0111\u00e1nh r\u0103ng n\u00f3ng h\u00ecnh d\u1ea1ng ch\u1ea5t l\u1ecfng bong b\u00f3ng \u1ed1ng num| B\u00e1n bu\u00f4n k\u1eb9o Gummy k\u1eb9o \uff0c s\u00f4 c\u00f4 la \uff0c th\u1ea1ch \uff0c k\u1eb9o c\u1ee9ng \uff0c k\u1eb9o \u0111\u1ed3 ch\u01a1i \uff0c vv.","robots":{"index":"index","follow":"follow","max-snippet":"max-snippet:-1","max-image-preview":"max-image-preview:large","max-video-preview":"max-video-preview:-1"},"canonical":"https:\/\/yixinfoods.website\/ru\/vi\/product\/long-bong-bong\/","og_locale":"ru_RU","og_type":"article","og_title":"Kem \u0111\u00e1nh r\u0103ng h\u00ecnh d\u1ea1ng ch\u1ea5t l\u1ecfng Bong b\u00f3ng Bong b\u00f3ng | Nh\u00e0 m\u00e1y k\u1eb9o","og_description":"YixinfoodsB\u00e1n kem \u0111\u00e1nh r\u0103ng n\u00f3ng h\u00ecnh d\u1ea1ng ch\u1ea5t l\u1ecfng bong b\u00f3ng \u1ed1ng num| B\u00e1n bu\u00f4n k\u1eb9o Gummy k\u1eb9o \uff0c s\u00f4 c\u00f4 la \uff0c th\u1ea1ch \uff0c k\u1eb9o c\u1ee9ng \uff0c k\u1eb9o \u0111\u1ed3 ch\u01a1i \uff0c vv.","og_url":"https:\/\/yixinfoods.website\/ru\/vi\/product\/long-bong-bong\/","og_site_name":"Shantou Yixinfood Official Website","article_publisher":"https:\/\/www.facebook.com\/oemcandies","article_modified_time":"2022-10-18T01:50:51+00:00","og_image":[{"width":645,"height":643,"url":"https:\/\/yixinfoods.website\/wp-content\/uploads\/2021\/08\/1-3.jpg","type":"image\/jpeg"}],"twitter_card":"summary_large_image","twitter_site":"@oemcandy","twitter_misc":{"\u041f\u0440\u0438\u043c\u0435\u0440\u043d\u043e\u0435 \u0432\u0440\u0435\u043c\u044f \u0434\u043b\u044f \u0447\u0442\u0435\u043d\u0438\u044f":"1 \u043c\u0438\u043d\u0443\u0442\u0430"},"schema":{"@context":"https:\/\/schema.org","@graph":[{"@type":"WebPage","@id":"https:\/\/yixinfoods.website\/vi\/product\/long-bong-bong\/","url":"https:\/\/yixinfoods.website\/vi\/product\/long-bong-bong\/","name":"Kem \u0111\u00e1nh r\u0103ng h\u00ecnh d\u1ea1ng ch\u1ea5t l\u1ecfng Bong b\u00f3ng Bong b\u00f3ng | Nh\u00e0 m\u00e1y k\u1eb9o","isPartOf":{"@id":"https:\/\/yixinfoods.website\/#website"},"primaryImageOfPage":{"@id":"https:\/\/yixinfoods.website\/vi\/product\/long-bong-bong\/#primaryimage"},"image":{"@id":"https:\/\/yixinfoods.website\/vi\/product\/long-bong-bong\/#primaryimage"},"thumbnailUrl":"https:\/\/yixinfoods.website\/wp-content\/uploads\/2021\/08\/1-3.jpg","datePublished":"2022-10-17T08:12:08+00:00","dateModified":"2022-10-18T01:50:51+00:00","description":"YixinfoodsB\u00e1n kem \u0111\u00e1nh r\u0103ng n\u00f3ng h\u00ecnh d\u1ea1ng ch\u1ea5t l\u1ecfng bong b\u00f3ng \u1ed1ng num| B\u00e1n bu\u00f4n k\u1eb9o Gummy k\u1eb9o \uff0c s\u00f4 c\u00f4 la \uff0c th\u1ea1ch \uff0c k\u1eb9o c\u1ee9ng \uff0c k\u1eb9o \u0111\u1ed3 ch\u01a1i \uff0c vv.","breadcrumb":{"@id":"https:\/\/yixinfoods.website\/vi\/product\/long-bong-bong\/#breadcrumb"},"inLanguage":"ru-RU","potentialAction":[{"@type":"ReadAction","target":["https:\/\/yixinfoods.website\/vi\/product\/long-bong-bong\/"]}]},{"@type":"ImageObject","inLanguage":"ru-RU","@id":"https:\/\/yixinfoods.website\/vi\/product\/long-bong-bong\/#primaryimage","url":"https:\/\/yixinfoods.website\/wp-content\/uploads\/2021\/08\/1-3.jpg","contentUrl":"https:\/\/yixinfoods.website\/wp-content\/uploads\/2021\/08\/1-3.jpg","width":645,"height":643,"caption":"Toothpaste shape liquid tube bubble gum"},{"@type":"BreadcrumbList","@id":"https:\/\/yixinfoods.website\/vi\/product\/long-bong-bong\/#breadcrumb","itemListElement":[{"@type":"ListItem","position":1,"name":"Home","item":"https:\/\/yixinfoods.website\/"},{"@type":"ListItem","position":2,"name":"product","item":"https:\/\/yixinfoods.website\/product\/"},{"@type":"ListItem","position":3,"name":"Kem \u0111\u00e1nh r\u0103ng h\u00ecnh d\u1ea1ng ch\u1ea5t l\u1ecfng Bong b\u00f3ng Bong b\u00f3ng"}]},{"@type":"WebSite","@id":"https:\/\/yixinfoods.website\/#website","url":"https:\/\/yixinfoods.website\/","name":"Candy Manufacturer","description":"","publisher":{"@id":"https:\/\/yixinfoods.website\/#organization"},"potentialAction":[{"@type":"SearchAction","target":{"@type":"EntryPoint","urlTemplate":"https:\/\/yixinfoods.website\/?s={search_term_string}"},"query-input":{"@type":"PropertyValueSpecification","valueRequired":true,"valueName":"search_term_string"}}],"inLanguage":"ru-RU"},{"@type":"Organization","@id":"https:\/\/yixinfoods.website\/#organization","name":"Shantou Yixin Foods Co., Ltd.","url":"https:\/\/yixinfoods.website\/","logo":{"@type":"ImageObject","inLanguage":"ru-RU","@id":"https:\/\/yixinfoods.website\/#\/schema\/logo\/image\/","url":"https:\/\/yixinfoods.website\/wp-content\/uploads\/2023\/05\/21.png","contentUrl":"https:\/\/yixinfoods.website\/wp-content\/uploads\/2023\/05\/21.png","width":1080,"height":1080,"caption":"Shantou Yixin Foods Co., Ltd."},"image":{"@id":"https:\/\/yixinfoods.website\/#\/schema\/logo\/image\/"},"sameAs":["https:\/\/www.facebook.com\/oemcandies","https:\/\/x.com\/oemcandy"]}]}},"_links":{"self":[{"href":"https:\/\/yixinfoods.website\/ru\/wp-json\/wp\/v2\/product\/3295","targetHints":{"allow":["GET"]}}],"collection":[{"href":"https:\/\/yixinfoods.website\/ru\/wp-json\/wp\/v2\/product"}],"about":[{"href":"https:\/\/yixinfoods.website\/ru\/wp-json\/wp\/v2\/types\/product"}],"replies":[{"embeddable":true,"href":"https:\/\/yixinfoods.website\/ru\/wp-json\/wp\/v2\/comments?post=3295"}],"wp:featuredmedia":[{"embeddable":true,"href":"https:\/\/yixinfoods.website\/ru\/wp-json\/wp\/v2\/media\/3296"}],"wp:attachment":[{"href":"https:\/\/yixinfoods.website\/ru\/wp-json\/wp\/v2\/media?parent=3295"}],"wp:term":[{"taxonomy":"product_brand","embeddable":true,"href":"https:\/\/yixinfoods.website\/ru\/wp-json\/wp\/v2\/product_brand?post=3295"},{"taxonomy":"product_cat","embeddable":true,"href":"https:\/\/yixinfoods.website\/ru\/wp-json\/wp\/v2\/product_cat?post=3295"},{"taxonomy":"product_tag","embeddable":true,"href":"https:\/\/yixinfoods.website\/ru\/wp-json\/wp\/v2\/product_tag?post=3295"}],"curies":[{"name":"wp","href":"https:\/\/api.w.org\/{rel}","templated":true}]}}