{"id":3310,"date":"2022-10-17T08:14:48","date_gmt":"2022-10-17T08:14:48","guid":{"rendered":"https:\/\/yixinfoods.website\/?post_type=product&#038;p=3310"},"modified":"2022-10-18T01:40:13","modified_gmt":"2022-10-18T01:40:13","slug":"keo-mem-keo","status":"publish","type":"product","link":"https:\/\/yixinfoods.website\/ru\/product\/keo-mem-keo\/","title":{"rendered":"k\u1eb9o m\u1ec1m k\u1eb9o m\u1ec1m"},"content":{"rendered":"<p>T\u00f9y ch\u1ec9nh B\u00e1n bu\u00f4n Nh\u00e3n ri\u00eang Toffee Soft Candy. Oem Gummy k\u1eb9o, k\u1eb9o l\u1ecfng, s\u00f4 c\u00f4 la, th\u1ea1ch, k\u1eb9o c\u1ee9ng, k\u1eb9o \u0111\u1ed3 ch\u01a1i, nhai k\u1eb9o cao su, vv.<a href=\"https:\/\/yixinfoods.website\/ru\/vi\/tiep-xuc\/\">li\u00ean h\u1ec7 ch\u00fang t\u00f4i<\/a><\/p>\n<div style=\"width: 640px;\" class=\"wp-video\"><!--[if lt IE 9]><script>document.createElement('video');<\/script><![endif]-->\n<video class=\"wp-video-shortcode\" id=\"video-3310-1\" width=\"640\" height=\"360\" preload=\"metadata\" controls=\"controls\"><source type=\"video\/mp4\" src=\"https:\/\/cloud.video.alibaba.com\/play\/u\/2153292369\/p\/1\/e\/6\/t\/1\/d\/ld\/273118738893.mp4?_=1\" \/><a href=\"https:\/\/cloud.video.alibaba.com\/play\/u\/2153292369\/p\/1\/e\/6\/t\/1\/d\/ld\/273118738893.mp4\">https:\/\/cloud.video.alibaba.com\/play\/u\/2153292369\/p\/1\/e\/6\/t\/1\/d\/ld\/273118738893.mp4<\/a><\/video><\/div>\n<p><!--more--><\/p>\n<p>\u0110\u01b0\u1ee3c x\u00e2y d\u1ef1ng v\u00e0o n\u0103m 1997, Yixin Food chuy\u00ean ph\u00e1t tri\u1ec3n v\u00e0 ph\u00e2n ph\u1ed1i k\u1eb9o. C\u00e1c s\u1ea3n ph\u1ea9m ch\u00ednh c\u1ee7a ch\u00fang t\u00f4i l\u00e0 t\u1ea5t c\u1ea3 c\u00e1c lo\u1ea1i k\u1eb9o l\u1ecfng, k\u1eb9o phun, k\u1eb9o b\u1ed9t nh\u01b0 CC Stick, Instant Juice Powder, Bubble Gums v\u00e0 nhai N\u01b0\u1edbu, v\u00e0 t\u1ea5t c\u1ea3 c\u00e1c lo\u1ea1i b\u00e1nh quy.<\/p>","protected":false},"excerpt":{"rendered":"<p><span class=\"price\" data-spm-anchor-id=\"a2700.details.0.i45.54bb76a4sDKOBs\">$8.50 \u2013 $9.00<\/span><span class=\"unit\">\/ carton\u00a0<\/span><\/p>\n<p><span class=\"moq\">500\u00a0carton\/cartons<\/span><span class=\"name\">(Min. Order)<\/span><\/p>","protected":false},"featured_media":3311,"comment_status":"open","ping_status":"closed","template":"","meta":{"site-sidebar-layout":"default","site-content-layout":"content-boxed-container","ast-site-content-layout":"","site-content-style":"default","site-sidebar-style":"default","ast-global-header-display":"","ast-banner-title-visibility":"","ast-main-header-display":"","ast-hfb-above-header-display":"","ast-hfb-below-header-display":"","ast-hfb-mobile-header-display":"","site-post-title":"","ast-breadcrumbs-content":"","ast-featured-img":"","footer-sml-layout":"","theme-transparent-header-meta":"default","adv-header-id-meta":"","stick-header-meta":"","header-above-stick-meta":"","header-main-stick-meta":"","header-below-stick-meta":"","astra-migrate-meta-layouts":"default","ast-page-background-enabled":"default","ast-page-background-meta":{"desktop":{"background-color":"var(--ast-global-color-4)","background-image":"","background-repeat":"repeat","background-position":"center center","background-size":"auto","background-attachment":"scroll","background-type":"","background-media":"","overlay-type":"","overlay-color":"","overlay-opacity":"","overlay-gradient":""},"tablet":{"background-color":"","background-image":"","background-repeat":"repeat","background-position":"center center","background-size":"auto","background-attachment":"scroll","background-type":"","background-media":"","overlay-type":"","overlay-color":"","overlay-opacity":"","overlay-gradient":""},"mobile":{"background-color":"","background-image":"","background-repeat":"repeat","background-position":"center center","background-size":"auto","background-attachment":"scroll","background-type":"","background-media":"","overlay-type":"","overlay-color":"","overlay-opacity":"","overlay-gradient":""}},"ast-content-background-meta":{"desktop":{"background-color":"var(--ast-global-color-5)","background-image":"","background-repeat":"repeat","background-position":"center center","background-size":"auto","background-attachment":"scroll","background-type":"","background-media":"","overlay-type":"","overlay-color":"","overlay-opacity":"","overlay-gradient":""},"tablet":{"background-color":"var(--ast-global-color-5)","background-image":"","background-repeat":"repeat","background-position":"center center","background-size":"auto","background-attachment":"scroll","background-type":"","background-media":"","overlay-type":"","overlay-color":"","overlay-opacity":"","overlay-gradient":""},"mobile":{"background-color":"var(--ast-global-color-5)","background-image":"","background-repeat":"repeat","background-position":"center center","background-size":"auto","background-attachment":"scroll","background-type":"","background-media":"","overlay-type":"","overlay-color":"","overlay-opacity":"","overlay-gradient":""}}},"product_brand":[],"product_cat":[422],"product_tag":[],"class_list":{"0":"post-3310","1":"product","2":"type-product","3":"status-publish","4":"has-post-thumbnail","6":"product_cat-keo-bo-cung","7":"desktop-align-left","8":"tablet-align-left","9":"mobile-align-left","11":"first","12":"instock","13":"virtual","14":"purchasable","15":"product-type-simple"},"yoast_head":"<!-- This site is optimized with the Yoast SEO plugin v26.8 - https:\/\/yoast.com\/product\/yoast-seo-wordpress\/ -->\n<title>b\u00e1n s\u1ec9 k\u1eb9o m\u1ec1m k\u1eb9o m\u1ec1m | Nh\u00e0 s\u1ea3n xu\u1ea5t k\u1eb9o<\/title>\n<meta name=\"description\" content=\"Yixinfoods Nh\u00e0 m\u00e1y k\u1eb9o nh\u00e3n hi\u1ec7u ri\u00eang d\u00e2y k\u1eb9o m\u1ec1m k\u1eb9o m\u1ec1m | Nh\u00e0 xu\u1ea5t kh\u1ea9u k\u1eb9o l\u1edbn nh\u1ea5t Trung Qu\u1ed1c\" \/>\n<meta name=\"robots\" content=\"index, follow, max-snippet:-1, max-image-preview:large, max-video-preview:-1\" \/>\n<link rel=\"canonical\" href=\"https:\/\/yixinfoods.website\/ru\/vi\/product\/keo-mem-keo\/\" \/>\n<meta property=\"og:locale\" content=\"ru_RU\" \/>\n<meta property=\"og:type\" content=\"article\" \/>\n<meta property=\"og:title\" content=\"b\u00e1n s\u1ec9 k\u1eb9o m\u1ec1m k\u1eb9o m\u1ec1m | Nh\u00e0 s\u1ea3n xu\u1ea5t k\u1eb9o\" \/>\n<meta property=\"og:description\" content=\"Yixinfoods Nh\u00e0 m\u00e1y k\u1eb9o nh\u00e3n hi\u1ec7u ri\u00eang d\u00e2y k\u1eb9o m\u1ec1m k\u1eb9o m\u1ec1m | Nh\u00e0 xu\u1ea5t kh\u1ea9u k\u1eb9o l\u1edbn nh\u1ea5t Trung Qu\u1ed1c\" \/>\n<meta property=\"og:url\" content=\"https:\/\/yixinfoods.website\/ru\/vi\/product\/keo-mem-keo\/\" \/>\n<meta property=\"og:site_name\" content=\"Shantou Yixinfood Official Website\" \/>\n<meta property=\"article:publisher\" content=\"https:\/\/www.facebook.com\/oemcandies\" \/>\n<meta property=\"article:modified_time\" content=\"2022-10-18T01:40:13+00:00\" \/>\n<meta property=\"og:image\" content=\"https:\/\/yixinfoods.website\/wp-content\/uploads\/2021\/08\/1-5.jpg\" \/>\n\t<meta property=\"og:image:width\" content=\"600\" \/>\n\t<meta property=\"og:image:height\" content=\"600\" \/>\n\t<meta property=\"og:image:type\" content=\"image\/jpeg\" \/>\n<meta name=\"twitter:card\" content=\"summary_large_image\" \/>\n<meta name=\"twitter:site\" content=\"@oemcandy\" \/>\n<meta name=\"twitter:label1\" content=\"\u041f\u0440\u0438\u043c\u0435\u0440\u043d\u043e\u0435 \u0432\u0440\u0435\u043c\u044f \u0434\u043b\u044f \u0447\u0442\u0435\u043d\u0438\u044f\" \/>\n\t<meta name=\"twitter:data1\" content=\"1 \u043c\u0438\u043d\u0443\u0442\u0430\" \/>\n<script type=\"application\/ld+json\" class=\"yoast-schema-graph\">{\"@context\":\"https:\/\/schema.org\",\"@graph\":[{\"@type\":\"WebPage\",\"@id\":\"https:\/\/yixinfoods.website\/vi\/product\/keo-mem-keo\/\",\"url\":\"https:\/\/yixinfoods.website\/vi\/product\/keo-mem-keo\/\",\"name\":\"b\u00e1n s\u1ec9 k\u1eb9o m\u1ec1m k\u1eb9o m\u1ec1m | Nh\u00e0 s\u1ea3n xu\u1ea5t k\u1eb9o\",\"isPartOf\":{\"@id\":\"https:\/\/yixinfoods.website\/#website\"},\"primaryImageOfPage\":{\"@id\":\"https:\/\/yixinfoods.website\/vi\/product\/keo-mem-keo\/#primaryimage\"},\"image\":{\"@id\":\"https:\/\/yixinfoods.website\/vi\/product\/keo-mem-keo\/#primaryimage\"},\"thumbnailUrl\":\"https:\/\/yixinfoods.website\/wp-content\/uploads\/2021\/08\/1-5.jpg\",\"datePublished\":\"2022-10-17T08:14:48+00:00\",\"dateModified\":\"2022-10-18T01:40:13+00:00\",\"description\":\"Yixinfoods Nh\u00e0 m\u00e1y k\u1eb9o nh\u00e3n hi\u1ec7u ri\u00eang d\u00e2y k\u1eb9o m\u1ec1m k\u1eb9o m\u1ec1m | Nh\u00e0 xu\u1ea5t kh\u1ea9u k\u1eb9o l\u1edbn nh\u1ea5t Trung Qu\u1ed1c\",\"breadcrumb\":{\"@id\":\"https:\/\/yixinfoods.website\/vi\/product\/keo-mem-keo\/#breadcrumb\"},\"inLanguage\":\"ru-RU\",\"potentialAction\":[{\"@type\":\"ReadAction\",\"target\":[\"https:\/\/yixinfoods.website\/vi\/product\/keo-mem-keo\/\"]}]},{\"@type\":\"ImageObject\",\"inLanguage\":\"ru-RU\",\"@id\":\"https:\/\/yixinfoods.website\/vi\/product\/keo-mem-keo\/#primaryimage\",\"url\":\"https:\/\/yixinfoods.website\/wp-content\/uploads\/2021\/08\/1-5.jpg\",\"contentUrl\":\"https:\/\/yixinfoods.website\/wp-content\/uploads\/2021\/08\/1-5.jpg\",\"width\":600,\"height\":600,\"caption\":\"Custom wholesale private label toffee soft candy\"},{\"@type\":\"BreadcrumbList\",\"@id\":\"https:\/\/yixinfoods.website\/vi\/product\/keo-mem-keo\/#breadcrumb\",\"itemListElement\":[{\"@type\":\"ListItem\",\"position\":1,\"name\":\"Home\",\"item\":\"https:\/\/yixinfoods.website\/\"},{\"@type\":\"ListItem\",\"position\":2,\"name\":\"product\",\"item\":\"https:\/\/yixinfoods.website\/product\/\"},{\"@type\":\"ListItem\",\"position\":3,\"name\":\"k\u1eb9o m\u1ec1m k\u1eb9o m\u1ec1m\"}]},{\"@type\":\"WebSite\",\"@id\":\"https:\/\/yixinfoods.website\/#website\",\"url\":\"https:\/\/yixinfoods.website\/\",\"name\":\"Candy Manufacturer\",\"description\":\"\",\"publisher\":{\"@id\":\"https:\/\/yixinfoods.website\/#organization\"},\"potentialAction\":[{\"@type\":\"SearchAction\",\"target\":{\"@type\":\"EntryPoint\",\"urlTemplate\":\"https:\/\/yixinfoods.website\/?s={search_term_string}\"},\"query-input\":{\"@type\":\"PropertyValueSpecification\",\"valueRequired\":true,\"valueName\":\"search_term_string\"}}],\"inLanguage\":\"ru-RU\"},{\"@type\":\"Organization\",\"@id\":\"https:\/\/yixinfoods.website\/#organization\",\"name\":\"Shantou Yixin Foods Co., Ltd.\",\"url\":\"https:\/\/yixinfoods.website\/\",\"logo\":{\"@type\":\"ImageObject\",\"inLanguage\":\"ru-RU\",\"@id\":\"https:\/\/yixinfoods.website\/#\/schema\/logo\/image\/\",\"url\":\"https:\/\/yixinfoods.website\/wp-content\/uploads\/2023\/05\/21.png\",\"contentUrl\":\"https:\/\/yixinfoods.website\/wp-content\/uploads\/2023\/05\/21.png\",\"width\":1080,\"height\":1080,\"caption\":\"Shantou Yixin Foods Co., Ltd.\"},\"image\":{\"@id\":\"https:\/\/yixinfoods.website\/#\/schema\/logo\/image\/\"},\"sameAs\":[\"https:\/\/www.facebook.com\/oemcandies\",\"https:\/\/x.com\/oemcandy\"]}]}<\/script>\n<!-- \/ Yoast SEO plugin. -->","yoast_head_json":{"title":"b\u00e1n s\u1ec9 k\u1eb9o m\u1ec1m k\u1eb9o m\u1ec1m | Nh\u00e0 s\u1ea3n xu\u1ea5t k\u1eb9o","description":"Yixinfoods Nh\u00e0 m\u00e1y k\u1eb9o nh\u00e3n hi\u1ec7u ri\u00eang d\u00e2y k\u1eb9o m\u1ec1m k\u1eb9o m\u1ec1m | Nh\u00e0 xu\u1ea5t kh\u1ea9u k\u1eb9o l\u1edbn nh\u1ea5t Trung Qu\u1ed1c","robots":{"index":"index","follow":"follow","max-snippet":"max-snippet:-1","max-image-preview":"max-image-preview:large","max-video-preview":"max-video-preview:-1"},"canonical":"https:\/\/yixinfoods.website\/ru\/vi\/product\/keo-mem-keo\/","og_locale":"ru_RU","og_type":"article","og_title":"b\u00e1n s\u1ec9 k\u1eb9o m\u1ec1m k\u1eb9o m\u1ec1m | Nh\u00e0 s\u1ea3n xu\u1ea5t k\u1eb9o","og_description":"Yixinfoods Nh\u00e0 m\u00e1y k\u1eb9o nh\u00e3n hi\u1ec7u ri\u00eang d\u00e2y k\u1eb9o m\u1ec1m k\u1eb9o m\u1ec1m | Nh\u00e0 xu\u1ea5t kh\u1ea9u k\u1eb9o l\u1edbn nh\u1ea5t Trung Qu\u1ed1c","og_url":"https:\/\/yixinfoods.website\/ru\/vi\/product\/keo-mem-keo\/","og_site_name":"Shantou Yixinfood Official Website","article_publisher":"https:\/\/www.facebook.com\/oemcandies","article_modified_time":"2022-10-18T01:40:13+00:00","og_image":[{"width":600,"height":600,"url":"https:\/\/yixinfoods.website\/wp-content\/uploads\/2021\/08\/1-5.jpg","type":"image\/jpeg"}],"twitter_card":"summary_large_image","twitter_site":"@oemcandy","twitter_misc":{"\u041f\u0440\u0438\u043c\u0435\u0440\u043d\u043e\u0435 \u0432\u0440\u0435\u043c\u044f \u0434\u043b\u044f \u0447\u0442\u0435\u043d\u0438\u044f":"1 \u043c\u0438\u043d\u0443\u0442\u0430"},"schema":{"@context":"https:\/\/schema.org","@graph":[{"@type":"WebPage","@id":"https:\/\/yixinfoods.website\/vi\/product\/keo-mem-keo\/","url":"https:\/\/yixinfoods.website\/vi\/product\/keo-mem-keo\/","name":"b\u00e1n s\u1ec9 k\u1eb9o m\u1ec1m k\u1eb9o m\u1ec1m | Nh\u00e0 s\u1ea3n xu\u1ea5t k\u1eb9o","isPartOf":{"@id":"https:\/\/yixinfoods.website\/#website"},"primaryImageOfPage":{"@id":"https:\/\/yixinfoods.website\/vi\/product\/keo-mem-keo\/#primaryimage"},"image":{"@id":"https:\/\/yixinfoods.website\/vi\/product\/keo-mem-keo\/#primaryimage"},"thumbnailUrl":"https:\/\/yixinfoods.website\/wp-content\/uploads\/2021\/08\/1-5.jpg","datePublished":"2022-10-17T08:14:48+00:00","dateModified":"2022-10-18T01:40:13+00:00","description":"Yixinfoods Nh\u00e0 m\u00e1y k\u1eb9o nh\u00e3n hi\u1ec7u ri\u00eang d\u00e2y k\u1eb9o m\u1ec1m k\u1eb9o m\u1ec1m | Nh\u00e0 xu\u1ea5t kh\u1ea9u k\u1eb9o l\u1edbn nh\u1ea5t Trung Qu\u1ed1c","breadcrumb":{"@id":"https:\/\/yixinfoods.website\/vi\/product\/keo-mem-keo\/#breadcrumb"},"inLanguage":"ru-RU","potentialAction":[{"@type":"ReadAction","target":["https:\/\/yixinfoods.website\/vi\/product\/keo-mem-keo\/"]}]},{"@type":"ImageObject","inLanguage":"ru-RU","@id":"https:\/\/yixinfoods.website\/vi\/product\/keo-mem-keo\/#primaryimage","url":"https:\/\/yixinfoods.website\/wp-content\/uploads\/2021\/08\/1-5.jpg","contentUrl":"https:\/\/yixinfoods.website\/wp-content\/uploads\/2021\/08\/1-5.jpg","width":600,"height":600,"caption":"Custom wholesale private label toffee soft candy"},{"@type":"BreadcrumbList","@id":"https:\/\/yixinfoods.website\/vi\/product\/keo-mem-keo\/#breadcrumb","itemListElement":[{"@type":"ListItem","position":1,"name":"Home","item":"https:\/\/yixinfoods.website\/"},{"@type":"ListItem","position":2,"name":"product","item":"https:\/\/yixinfoods.website\/product\/"},{"@type":"ListItem","position":3,"name":"k\u1eb9o m\u1ec1m k\u1eb9o m\u1ec1m"}]},{"@type":"WebSite","@id":"https:\/\/yixinfoods.website\/#website","url":"https:\/\/yixinfoods.website\/","name":"Candy Manufacturer","description":"","publisher":{"@id":"https:\/\/yixinfoods.website\/#organization"},"potentialAction":[{"@type":"SearchAction","target":{"@type":"EntryPoint","urlTemplate":"https:\/\/yixinfoods.website\/?s={search_term_string}"},"query-input":{"@type":"PropertyValueSpecification","valueRequired":true,"valueName":"search_term_string"}}],"inLanguage":"ru-RU"},{"@type":"Organization","@id":"https:\/\/yixinfoods.website\/#organization","name":"Shantou Yixin Foods Co., Ltd.","url":"https:\/\/yixinfoods.website\/","logo":{"@type":"ImageObject","inLanguage":"ru-RU","@id":"https:\/\/yixinfoods.website\/#\/schema\/logo\/image\/","url":"https:\/\/yixinfoods.website\/wp-content\/uploads\/2023\/05\/21.png","contentUrl":"https:\/\/yixinfoods.website\/wp-content\/uploads\/2023\/05\/21.png","width":1080,"height":1080,"caption":"Shantou Yixin Foods Co., Ltd."},"image":{"@id":"https:\/\/yixinfoods.website\/#\/schema\/logo\/image\/"},"sameAs":["https:\/\/www.facebook.com\/oemcandies","https:\/\/x.com\/oemcandy"]}]}},"_links":{"self":[{"href":"https:\/\/yixinfoods.website\/ru\/wp-json\/wp\/v2\/product\/3310","targetHints":{"allow":["GET"]}}],"collection":[{"href":"https:\/\/yixinfoods.website\/ru\/wp-json\/wp\/v2\/product"}],"about":[{"href":"https:\/\/yixinfoods.website\/ru\/wp-json\/wp\/v2\/types\/product"}],"replies":[{"embeddable":true,"href":"https:\/\/yixinfoods.website\/ru\/wp-json\/wp\/v2\/comments?post=3310"}],"wp:featuredmedia":[{"embeddable":true,"href":"https:\/\/yixinfoods.website\/ru\/wp-json\/wp\/v2\/media\/3311"}],"wp:attachment":[{"href":"https:\/\/yixinfoods.website\/ru\/wp-json\/wp\/v2\/media?parent=3310"}],"wp:term":[{"taxonomy":"product_brand","embeddable":true,"href":"https:\/\/yixinfoods.website\/ru\/wp-json\/wp\/v2\/product_brand?post=3310"},{"taxonomy":"product_cat","embeddable":true,"href":"https:\/\/yixinfoods.website\/ru\/wp-json\/wp\/v2\/product_cat?post=3310"},{"taxonomy":"product_tag","embeddable":true,"href":"https:\/\/yixinfoods.website\/ru\/wp-json\/wp\/v2\/product_tag?post=3310"}],"curies":[{"name":"wp","href":"https:\/\/api.w.org\/{rel}","templated":true}]}}