{"id":4264,"date":"2022-11-07T09:44:55","date_gmt":"2022-11-07T09:44:55","guid":{"rendered":"https:\/\/yixinfoods.website\/?post_type=product&#038;p=4264"},"modified":"2022-11-07T09:45:17","modified_gmt":"2022-11-07T09:45:17","slug":"fill-mut-keo-bong-sponge","status":"publish","type":"product","link":"https:\/\/yixinfoods.website\/ru\/product\/fill-mut-keo-bong-sponge\/","title":{"rendered":"Fill m\u1ee9t k\u1eb9o b\u00f4ng sponge"},"content":{"rendered":"<p>Nh\u00e0 m\u00e1y b\u00e1n n\u00f3ng halal tr\u00e1i c\u00e2y c\u00f3 h\u01b0\u01a1ng v\u1ecb l\u1ea5p \u0111\u1ea7y m\u1ee9t b\u00f4ng sponge k\u1eb9o m\u1ec1m marshmallows k\u1eb9o cho tr\u1ebb em.<a href=\"https:\/\/yixinfoods.website\/ru\/vi\/tiep-xuc\/\">li\u00ean h\u1ec7 ch\u00fang t\u00f4i<\/a><\/p>\n<p><!--more--><\/p>\n<div class=\"woocommerce-product-gallery woocommerce-product-gallery--with-images woocommerce-product-gallery--columns-4 images\" data-columns=\"4\">\u0110\u01b0\u1ee3c x\u00e2y d\u1ef1ng v\u00e0o n\u0103m 1997, Yixin Food chuy\u00ean ph\u00e1t tri\u1ec3n v\u00e0 ph\u00e2n ph\u1ed1i k\u1eb9o. C\u00e1c s\u1ea3n ph\u1ea9m ch\u00ednh c\u1ee7a ch\u00fang t\u00f4i l\u00e0 t\u1ea5t c\u1ea3 c\u00e1c lo\u1ea1i k\u1eb9o l\u1ecfng, k\u1eb9o phun, k\u1eb9o b\u1ed9t nh\u01b0 CC Stick, Instant Juice Powder, Bubble Gums v\u00e0 nhai N\u01b0\u1edbu, v\u00e0 t\u1ea5t c\u1ea3 c\u00e1c lo\u1ea1i b\u00e1nh quy.<\/div>","protected":false},"excerpt":{"rendered":"<div class=\"price-item\">\n<div class=\"quality\" data-spm-anchor-id=\"a2700.details.0.i10.2ae11e00ydM77Z\">300 \u2013 999 cartons<\/div>\n<div class=\"price\"><span class=\"promotion\">$4.50<\/span><\/div>\n<\/div>\n<div class=\"price-item\">\n<div class=\"quality\">&gt;=\u00a01000\u00a0cartons<\/div>\n<div class=\"price\"><span class=\"\">$3.90<\/span><\/div>\n<\/div>","protected":false},"featured_media":4265,"comment_status":"open","ping_status":"closed","template":"","meta":{"site-sidebar-layout":"default","site-content-layout":"default","ast-site-content-layout":"","site-content-style":"default","site-sidebar-style":"default","ast-global-header-display":"","ast-banner-title-visibility":"","ast-main-header-display":"","ast-hfb-above-header-display":"","ast-hfb-below-header-display":"","ast-hfb-mobile-header-display":"","site-post-title":"","ast-breadcrumbs-content":"","ast-featured-img":"","footer-sml-layout":"","theme-transparent-header-meta":"default","adv-header-id-meta":"","stick-header-meta":"","header-above-stick-meta":"","header-main-stick-meta":"","header-below-stick-meta":"","astra-migrate-meta-layouts":"default","ast-page-background-enabled":"default","ast-page-background-meta":{"desktop":{"background-color":"var(--ast-global-color-4)","background-image":"","background-repeat":"repeat","background-position":"center center","background-size":"auto","background-attachment":"scroll","background-type":"","background-media":"","overlay-type":"","overlay-color":"","overlay-opacity":"","overlay-gradient":""},"tablet":{"background-color":"","background-image":"","background-repeat":"repeat","background-position":"center center","background-size":"auto","background-attachment":"scroll","background-type":"","background-media":"","overlay-type":"","overlay-color":"","overlay-opacity":"","overlay-gradient":""},"mobile":{"background-color":"","background-image":"","background-repeat":"repeat","background-position":"center center","background-size":"auto","background-attachment":"scroll","background-type":"","background-media":"","overlay-type":"","overlay-color":"","overlay-opacity":"","overlay-gradient":""}},"ast-content-background-meta":{"desktop":{"background-color":"var(--ast-global-color-5)","background-image":"","background-repeat":"repeat","background-position":"center center","background-size":"auto","background-attachment":"scroll","background-type":"","background-media":"","overlay-type":"","overlay-color":"","overlay-opacity":"","overlay-gradient":""},"tablet":{"background-color":"var(--ast-global-color-5)","background-image":"","background-repeat":"repeat","background-position":"center center","background-size":"auto","background-attachment":"scroll","background-type":"","background-media":"","overlay-type":"","overlay-color":"","overlay-opacity":"","overlay-gradient":""},"mobile":{"background-color":"var(--ast-global-color-5)","background-image":"","background-repeat":"repeat","background-position":"center center","background-size":"auto","background-attachment":"scroll","background-type":"","background-media":"","overlay-type":"","overlay-color":"","overlay-opacity":"","overlay-gradient":""}}},"product_brand":[],"product_cat":[432],"product_tag":[],"class_list":{"0":"post-4264","1":"product","2":"type-product","3":"status-publish","4":"has-post-thumbnail","6":"product_cat-keo-deo-2","7":"desktop-align-left","8":"tablet-align-left","9":"mobile-align-left","11":"first","12":"instock","13":"virtual","14":"purchasable","15":"product-type-simple"},"yoast_head":"<!-- This site is optimized with the Yoast SEO plugin v26.8 - https:\/\/yoast.com\/product\/yoast-seo-wordpress\/ -->\n<title>C\u00e2y k\u1eb9o t\u00f9y ch\u1ec9nh | Nh\u00e0 cung c\u1ea5p Marshmallows<\/title>\n<meta name=\"description\" content=\"M\u1eabu mi\u1ec5n ph\u00ed ngon\u0110\u1ed5 \u0111\u1ea7y m\u1ee9t b\u00f4ng sponge cotton k\u1eb9o m\u1ec1m marshmallows k\u1eb9o cho tr\u1ebb em C\u00e2y k\u1eb9o t\u00f9y ch\u1ec9nh | Nh\u00e0 cung c\u1ea5p Marshmallows\" \/>\n<meta name=\"robots\" content=\"index, follow, max-snippet:-1, max-image-preview:large, max-video-preview:-1\" \/>\n<link rel=\"canonical\" href=\"https:\/\/yixinfoods.website\/ru\/vi\/product\/fill-mut-keo-bong-sponge\/\" \/>\n<meta property=\"og:locale\" content=\"ru_RU\" \/>\n<meta property=\"og:type\" content=\"article\" \/>\n<meta property=\"og:title\" content=\"C\u00e2y k\u1eb9o t\u00f9y ch\u1ec9nh | Nh\u00e0 cung c\u1ea5p Marshmallows\" \/>\n<meta property=\"og:description\" content=\"M\u1eabu mi\u1ec5n ph\u00ed ngon\u0110\u1ed5 \u0111\u1ea7y m\u1ee9t b\u00f4ng sponge cotton k\u1eb9o m\u1ec1m marshmallows k\u1eb9o cho tr\u1ebb em C\u00e2y k\u1eb9o t\u00f9y ch\u1ec9nh | Nh\u00e0 cung c\u1ea5p Marshmallows\" \/>\n<meta property=\"og:url\" content=\"https:\/\/yixinfoods.website\/ru\/vi\/product\/fill-mut-keo-bong-sponge\/\" \/>\n<meta property=\"og:site_name\" content=\"Shantou Yixinfood Official Website\" \/>\n<meta property=\"article:publisher\" content=\"https:\/\/www.facebook.com\/oemcandies\" \/>\n<meta property=\"article:modified_time\" content=\"2022-11-07T09:45:17+00:00\" \/>\n<meta property=\"og:image\" content=\"https:\/\/yixinfoods.website\/wp-content\/uploads\/2022\/11\/jam-marshmallow.jpg\" \/>\n\t<meta property=\"og:image:width\" content=\"1280\" \/>\n\t<meta property=\"og:image:height\" content=\"1280\" \/>\n\t<meta property=\"og:image:type\" content=\"image\/jpeg\" \/>\n<meta name=\"twitter:card\" content=\"summary_large_image\" \/>\n<meta name=\"twitter:site\" content=\"@oemcandy\" \/>\n<meta name=\"twitter:label1\" content=\"\u041f\u0440\u0438\u043c\u0435\u0440\u043d\u043e\u0435 \u0432\u0440\u0435\u043c\u044f \u0434\u043b\u044f \u0447\u0442\u0435\u043d\u0438\u044f\" \/>\n\t<meta name=\"twitter:data1\" content=\"1 \u043c\u0438\u043d\u0443\u0442\u0430\" \/>\n<script type=\"application\/ld+json\" class=\"yoast-schema-graph\">{\"@context\":\"https:\/\/schema.org\",\"@graph\":[{\"@type\":\"WebPage\",\"@id\":\"https:\/\/yixinfoods.website\/vi\/product\/fill-mut-keo-bong-sponge\/\",\"url\":\"https:\/\/yixinfoods.website\/vi\/product\/fill-mut-keo-bong-sponge\/\",\"name\":\"C\u00e2y k\u1eb9o t\u00f9y ch\u1ec9nh | Nh\u00e0 cung c\u1ea5p Marshmallows\",\"isPartOf\":{\"@id\":\"https:\/\/yixinfoods.website\/#website\"},\"primaryImageOfPage\":{\"@id\":\"https:\/\/yixinfoods.website\/vi\/product\/fill-mut-keo-bong-sponge\/#primaryimage\"},\"image\":{\"@id\":\"https:\/\/yixinfoods.website\/vi\/product\/fill-mut-keo-bong-sponge\/#primaryimage\"},\"thumbnailUrl\":\"https:\/\/yixinfoods.website\/wp-content\/uploads\/2022\/11\/jam-marshmallow.jpg\",\"datePublished\":\"2022-11-07T09:44:55+00:00\",\"dateModified\":\"2022-11-07T09:45:17+00:00\",\"description\":\"M\u1eabu mi\u1ec5n ph\u00ed ngon\u0110\u1ed5 \u0111\u1ea7y m\u1ee9t b\u00f4ng sponge cotton k\u1eb9o m\u1ec1m marshmallows k\u1eb9o cho tr\u1ebb em C\u00e2y k\u1eb9o t\u00f9y ch\u1ec9nh | Nh\u00e0 cung c\u1ea5p Marshmallows\",\"breadcrumb\":{\"@id\":\"https:\/\/yixinfoods.website\/vi\/product\/fill-mut-keo-bong-sponge\/#breadcrumb\"},\"inLanguage\":\"ru-RU\",\"potentialAction\":[{\"@type\":\"ReadAction\",\"target\":[\"https:\/\/yixinfoods.website\/vi\/product\/fill-mut-keo-bong-sponge\/\"]}]},{\"@type\":\"ImageObject\",\"inLanguage\":\"ru-RU\",\"@id\":\"https:\/\/yixinfoods.website\/vi\/product\/fill-mut-keo-bong-sponge\/#primaryimage\",\"url\":\"https:\/\/yixinfoods.website\/wp-content\/uploads\/2022\/11\/jam-marshmallow.jpg\",\"contentUrl\":\"https:\/\/yixinfoods.website\/wp-content\/uploads\/2022\/11\/jam-marshmallow.jpg\",\"width\":1280,\"height\":1280,\"caption\":\"jam marshmallow\"},{\"@type\":\"BreadcrumbList\",\"@id\":\"https:\/\/yixinfoods.website\/vi\/product\/fill-mut-keo-bong-sponge\/#breadcrumb\",\"itemListElement\":[{\"@type\":\"ListItem\",\"position\":1,\"name\":\"Home\",\"item\":\"https:\/\/yixinfoods.website\/\"},{\"@type\":\"ListItem\",\"position\":2,\"name\":\"product\",\"item\":\"https:\/\/yixinfoods.website\/product\/\"},{\"@type\":\"ListItem\",\"position\":3,\"name\":\"Fill m\u1ee9t k\u1eb9o b\u00f4ng sponge\"}]},{\"@type\":\"WebSite\",\"@id\":\"https:\/\/yixinfoods.website\/#website\",\"url\":\"https:\/\/yixinfoods.website\/\",\"name\":\"Candy Manufacturer\",\"description\":\"\",\"publisher\":{\"@id\":\"https:\/\/yixinfoods.website\/#organization\"},\"potentialAction\":[{\"@type\":\"SearchAction\",\"target\":{\"@type\":\"EntryPoint\",\"urlTemplate\":\"https:\/\/yixinfoods.website\/?s={search_term_string}\"},\"query-input\":{\"@type\":\"PropertyValueSpecification\",\"valueRequired\":true,\"valueName\":\"search_term_string\"}}],\"inLanguage\":\"ru-RU\"},{\"@type\":\"Organization\",\"@id\":\"https:\/\/yixinfoods.website\/#organization\",\"name\":\"Shantou Yixin Foods Co., Ltd.\",\"url\":\"https:\/\/yixinfoods.website\/\",\"logo\":{\"@type\":\"ImageObject\",\"inLanguage\":\"ru-RU\",\"@id\":\"https:\/\/yixinfoods.website\/#\/schema\/logo\/image\/\",\"url\":\"https:\/\/yixinfoods.website\/wp-content\/uploads\/2023\/05\/21.png\",\"contentUrl\":\"https:\/\/yixinfoods.website\/wp-content\/uploads\/2023\/05\/21.png\",\"width\":1080,\"height\":1080,\"caption\":\"Shantou Yixin Foods Co., Ltd.\"},\"image\":{\"@id\":\"https:\/\/yixinfoods.website\/#\/schema\/logo\/image\/\"},\"sameAs\":[\"https:\/\/www.facebook.com\/oemcandies\",\"https:\/\/x.com\/oemcandy\"]}]}<\/script>\n<!-- \/ Yoast SEO plugin. -->","yoast_head_json":{"title":"C\u00e2y k\u1eb9o t\u00f9y ch\u1ec9nh | Nh\u00e0 cung c\u1ea5p Marshmallows","description":"M\u1eabu mi\u1ec5n ph\u00ed ngon\u0110\u1ed5 \u0111\u1ea7y m\u1ee9t b\u00f4ng sponge cotton k\u1eb9o m\u1ec1m marshmallows k\u1eb9o cho tr\u1ebb em C\u00e2y k\u1eb9o t\u00f9y ch\u1ec9nh | Nh\u00e0 cung c\u1ea5p Marshmallows","robots":{"index":"index","follow":"follow","max-snippet":"max-snippet:-1","max-image-preview":"max-image-preview:large","max-video-preview":"max-video-preview:-1"},"canonical":"https:\/\/yixinfoods.website\/ru\/vi\/product\/fill-mut-keo-bong-sponge\/","og_locale":"ru_RU","og_type":"article","og_title":"C\u00e2y k\u1eb9o t\u00f9y ch\u1ec9nh | Nh\u00e0 cung c\u1ea5p Marshmallows","og_description":"M\u1eabu mi\u1ec5n ph\u00ed ngon\u0110\u1ed5 \u0111\u1ea7y m\u1ee9t b\u00f4ng sponge cotton k\u1eb9o m\u1ec1m marshmallows k\u1eb9o cho tr\u1ebb em C\u00e2y k\u1eb9o t\u00f9y ch\u1ec9nh | Nh\u00e0 cung c\u1ea5p Marshmallows","og_url":"https:\/\/yixinfoods.website\/ru\/vi\/product\/fill-mut-keo-bong-sponge\/","og_site_name":"Shantou Yixinfood Official Website","article_publisher":"https:\/\/www.facebook.com\/oemcandies","article_modified_time":"2022-11-07T09:45:17+00:00","og_image":[{"width":1280,"height":1280,"url":"https:\/\/yixinfoods.website\/wp-content\/uploads\/2022\/11\/jam-marshmallow.jpg","type":"image\/jpeg"}],"twitter_card":"summary_large_image","twitter_site":"@oemcandy","twitter_misc":{"\u041f\u0440\u0438\u043c\u0435\u0440\u043d\u043e\u0435 \u0432\u0440\u0435\u043c\u044f \u0434\u043b\u044f \u0447\u0442\u0435\u043d\u0438\u044f":"1 \u043c\u0438\u043d\u0443\u0442\u0430"},"schema":{"@context":"https:\/\/schema.org","@graph":[{"@type":"WebPage","@id":"https:\/\/yixinfoods.website\/vi\/product\/fill-mut-keo-bong-sponge\/","url":"https:\/\/yixinfoods.website\/vi\/product\/fill-mut-keo-bong-sponge\/","name":"C\u00e2y k\u1eb9o t\u00f9y ch\u1ec9nh | Nh\u00e0 cung c\u1ea5p Marshmallows","isPartOf":{"@id":"https:\/\/yixinfoods.website\/#website"},"primaryImageOfPage":{"@id":"https:\/\/yixinfoods.website\/vi\/product\/fill-mut-keo-bong-sponge\/#primaryimage"},"image":{"@id":"https:\/\/yixinfoods.website\/vi\/product\/fill-mut-keo-bong-sponge\/#primaryimage"},"thumbnailUrl":"https:\/\/yixinfoods.website\/wp-content\/uploads\/2022\/11\/jam-marshmallow.jpg","datePublished":"2022-11-07T09:44:55+00:00","dateModified":"2022-11-07T09:45:17+00:00","description":"M\u1eabu mi\u1ec5n ph\u00ed ngon\u0110\u1ed5 \u0111\u1ea7y m\u1ee9t b\u00f4ng sponge cotton k\u1eb9o m\u1ec1m marshmallows k\u1eb9o cho tr\u1ebb em C\u00e2y k\u1eb9o t\u00f9y ch\u1ec9nh | Nh\u00e0 cung c\u1ea5p Marshmallows","breadcrumb":{"@id":"https:\/\/yixinfoods.website\/vi\/product\/fill-mut-keo-bong-sponge\/#breadcrumb"},"inLanguage":"ru-RU","potentialAction":[{"@type":"ReadAction","target":["https:\/\/yixinfoods.website\/vi\/product\/fill-mut-keo-bong-sponge\/"]}]},{"@type":"ImageObject","inLanguage":"ru-RU","@id":"https:\/\/yixinfoods.website\/vi\/product\/fill-mut-keo-bong-sponge\/#primaryimage","url":"https:\/\/yixinfoods.website\/wp-content\/uploads\/2022\/11\/jam-marshmallow.jpg","contentUrl":"https:\/\/yixinfoods.website\/wp-content\/uploads\/2022\/11\/jam-marshmallow.jpg","width":1280,"height":1280,"caption":"jam marshmallow"},{"@type":"BreadcrumbList","@id":"https:\/\/yixinfoods.website\/vi\/product\/fill-mut-keo-bong-sponge\/#breadcrumb","itemListElement":[{"@type":"ListItem","position":1,"name":"Home","item":"https:\/\/yixinfoods.website\/"},{"@type":"ListItem","position":2,"name":"product","item":"https:\/\/yixinfoods.website\/product\/"},{"@type":"ListItem","position":3,"name":"Fill m\u1ee9t k\u1eb9o b\u00f4ng sponge"}]},{"@type":"WebSite","@id":"https:\/\/yixinfoods.website\/#website","url":"https:\/\/yixinfoods.website\/","name":"Candy Manufacturer","description":"","publisher":{"@id":"https:\/\/yixinfoods.website\/#organization"},"potentialAction":[{"@type":"SearchAction","target":{"@type":"EntryPoint","urlTemplate":"https:\/\/yixinfoods.website\/?s={search_term_string}"},"query-input":{"@type":"PropertyValueSpecification","valueRequired":true,"valueName":"search_term_string"}}],"inLanguage":"ru-RU"},{"@type":"Organization","@id":"https:\/\/yixinfoods.website\/#organization","name":"Shantou Yixin Foods Co., Ltd.","url":"https:\/\/yixinfoods.website\/","logo":{"@type":"ImageObject","inLanguage":"ru-RU","@id":"https:\/\/yixinfoods.website\/#\/schema\/logo\/image\/","url":"https:\/\/yixinfoods.website\/wp-content\/uploads\/2023\/05\/21.png","contentUrl":"https:\/\/yixinfoods.website\/wp-content\/uploads\/2023\/05\/21.png","width":1080,"height":1080,"caption":"Shantou Yixin Foods Co., Ltd."},"image":{"@id":"https:\/\/yixinfoods.website\/#\/schema\/logo\/image\/"},"sameAs":["https:\/\/www.facebook.com\/oemcandies","https:\/\/x.com\/oemcandy"]}]}},"_links":{"self":[{"href":"https:\/\/yixinfoods.website\/ru\/wp-json\/wp\/v2\/product\/4264","targetHints":{"allow":["GET"]}}],"collection":[{"href":"https:\/\/yixinfoods.website\/ru\/wp-json\/wp\/v2\/product"}],"about":[{"href":"https:\/\/yixinfoods.website\/ru\/wp-json\/wp\/v2\/types\/product"}],"replies":[{"embeddable":true,"href":"https:\/\/yixinfoods.website\/ru\/wp-json\/wp\/v2\/comments?post=4264"}],"wp:featuredmedia":[{"embeddable":true,"href":"https:\/\/yixinfoods.website\/ru\/wp-json\/wp\/v2\/media\/4265"}],"wp:attachment":[{"href":"https:\/\/yixinfoods.website\/ru\/wp-json\/wp\/v2\/media?parent=4264"}],"wp:term":[{"taxonomy":"product_brand","embeddable":true,"href":"https:\/\/yixinfoods.website\/ru\/wp-json\/wp\/v2\/product_brand?post=4264"},{"taxonomy":"product_cat","embeddable":true,"href":"https:\/\/yixinfoods.website\/ru\/wp-json\/wp\/v2\/product_cat?post=4264"},{"taxonomy":"product_tag","embeddable":true,"href":"https:\/\/yixinfoods.website\/ru\/wp-json\/wp\/v2\/product_tag?post=4264"}],"curies":[{"name":"wp","href":"https:\/\/api.w.org\/{rel}","templated":true}]}}